{"id":1135,"date":"2023-10-31T08:07:49","date_gmt":"2023-10-31T08:07:49","guid":{"rendered":"http:\/\/localhost\/wp\/genese\/?page_id=1135"},"modified":"2024-01-10T04:21:08","modified_gmt":"2024-01-10T04:21:08","slug":"genese-for-law-firms","status":"publish","type":"page","link":"https:\/\/www.genese.de\/de\/genese-for-law-firms\/","title":{"rendered":"Genese f\u00fcr Kanzleien"},"content":{"rendered":"<div data-elementor-type=\"wp-page\" data-elementor-id=\"1135\" class=\"elementor elementor-1135\">\n\t\t\t\t<div class=\"elementor-element elementor-element-dcbc5cc e-flex e-con-boxed e-con e-parent\" data-id=\"dcbc5cc\" data-element_type=\"container\" data-e-type=\"container\">\n\t\t\t\t\t<div class=\"e-con-inner\">\n\t\t\t\t<div class=\"elementor-element elementor-element-48deb33 elementor-widget elementor-widget-heading\" data-id=\"48deb33\" data-element_type=\"widget\" data-e-type=\"widget\" data-widget_type=\"heading.default\">\n\t\t\t\t<div class=\"elementor-widget-container\">\n\t\t\t\t\t<h2 class=\"elementor-heading-title elementor-size-default\">Genese f\u00fcr Kanzleien<\/h2>\t\t\t\t<\/div>\n\t\t\t\t<\/div>\n\t\t\t\t<div class=\"elementor-element elementor-element-431d88f elementor-widget__width-initial elementor-widget elementor-widget-text-editor\" data-id=\"431d88f\" data-element_type=\"widget\" data-e-type=\"widget\" data-widget_type=\"text-editor.default\">\n\t\t\t\t<div class=\"elementor-widget-container\">\n\t\t\t\t\t\t\t\t\t<p>Sie sind auf der Suche nach einer neuen Softwarel\u00f6sung f\u00fcr die Verwaltung Ihrer gewerblichen Schutzrechte? Bei Genese finden Sie die auf Ihre Bed\u00fcrfnisse zugeschnittene Version!<\/p>\t\t\t\t\t\t\t\t<\/div>\n\t\t\t\t<\/div>\n\t\t\t\t<div class=\"elementor-element elementor-element-d32ba50 elementor-arrows-position-inside elementor-pagination-position-outside elementor-widget elementor-widget-image-carousel\" data-id=\"d32ba50\" data-element_type=\"widget\" data-e-type=\"widget\" data-settings=\"{&quot;slides_to_show&quot;:&quot;1&quot;,&quot;lazyload&quot;:&quot;yes&quot;,&quot;autoplay&quot;:&quot;no&quot;,&quot;navigation&quot;:&quot;both&quot;,&quot;infinite&quot;:&quot;yes&quot;,&quot;effect&quot;:&quot;slide&quot;,&quot;speed&quot;:500}\" data-widget_type=\"image-carousel.default\">\n\t\t\t\t<div class=\"elementor-widget-container\">\n\t\t\t\t\t\t\t<div class=\"elementor-image-carousel-wrapper swiper\" role=\"region\" aria-roledescription=\"carousel\" aria-label=\"Bild Karussell\" dir=\"ltr\">\n\t\t\t<div class=\"elementor-image-carousel swiper-wrapper\" aria-live=\"polite\">\n\t\t\t\t\t\t\t\t<div class=\"swiper-slide\" role=\"group\" aria-roledescription=\"slide\" aria-label=\"1 von 2\" data-no-translation-aria-label=\"\"><figure class=\"swiper-slide-inner\"><img class=\"swiper-slide-image swiper-lazy\" data-src=\"https:\/\/www.genese.de\/wp-content\/uploads\/2023\/12\/law-firms-2.jpg\" alt=\"law-firms-2\" \/><div class=\"swiper-lazy-preloader\"><\/div><\/figure><\/div><div class=\"swiper-slide\" role=\"group\" aria-roledescription=\"slide\" aria-label=\"2 von 2\" data-no-translation-aria-label=\"\"><figure class=\"swiper-slide-inner\"><img class=\"swiper-slide-image swiper-lazy\" data-src=\"https:\/\/www.genese.de\/wp-content\/uploads\/2023\/12\/law-firms-1.jpg\" alt=\"law-firms-1\" \/><div class=\"swiper-lazy-preloader\"><\/div><\/figure><\/div>\t\t\t<\/div>\n\t\t\t\t\t\t\t\t\t\t\t\t<div class=\"elementor-swiper-button elementor-swiper-button-prev\" role=\"button\" tabindex=\"0\">\n\t\t\t\t\t\t<i aria-hidden=\"true\" class=\"eicon-chevron-left\"><\/i>\t\t\t\t\t<\/div>\n\t\t\t\t\t<div class=\"elementor-swiper-button elementor-swiper-button-next\" role=\"button\" tabindex=\"0\">\n\t\t\t\t\t\t<i aria-hidden=\"true\" class=\"eicon-chevron-right\"><\/i>\t\t\t\t\t<\/div>\n\t\t\t\t\n\t\t\t\t\t\t\t\t\t<div class=\"swiper-pagination\"><\/div>\n\t\t\t\t\t\t\t\t\t<\/div>\n\t\t\t\t\t\t<\/div>\n\t\t\t\t<\/div>\n\t\t\t\t\t<\/div>\n\t\t\t\t<\/div>\n\t\t<div class=\"elementor-element elementor-element-f88d731 e-flex e-con-boxed e-con e-parent\" data-id=\"f88d731\" data-element_type=\"container\" data-e-type=\"container\">\n\t\t\t\t\t<div class=\"e-con-inner\">\n\t\t\t\t<div class=\"elementor-element elementor-element-5bf3470 elementor-widget elementor-widget-shortcode\" data-id=\"5bf3470\" data-element_type=\"widget\" data-e-type=\"widget\" data-widget_type=\"shortcode.default\">\n\t\t\t\t<div class=\"elementor-widget-container\">\n\t\t\t\t\t\t\t<div class=\"elementor-shortcode\"><div class=\"product-box\">\n\t\t<div class=\"product-item\">\n\t\t<div class=\"product-icon\"><img decoding=\"async\" width=\"82\" height=\"82\" src=\"https:\/\/www.genese.de\/wp-content\/uploads\/2023\/10\/file-management.png\" class=\"attachment-post-thumbnail size-post-thumbnail wp-post-image\" alt=\"\" \/><\/div>\n\t\t<h2 class=\"product-title\">Aktenverwaltung<\/h2>\n\t\t<div class=\"product-excerpt\"><p>Die in Genese integrierte  Aktenverwaltung bietet Ihnen die M\u00f6glichkeit, s\u00e4mtliche relevante Informationen und Dokumente im Zusammenhang mit einzelnen Patentakten gezielt zu strukturieren und zu verwalten. Dadurch wird die \u00dcbersichtlichkeit verbessert, die Bearbeitung von Patentf\u00e4llen effizienter gestaltet und die Verfolgung von Fallentwicklungen pr\u00e4zise und effektiv umgesetzt.<\/p>\n<\/div>\n\t<\/div>\n\t\t<div class=\"product-item\">\n\t\t<div class=\"product-icon\"><img decoding=\"async\" width=\"82\" height=\"82\" src=\"https:\/\/www.genese.de\/wp-content\/uploads\/2023\/10\/property-rights.png\" class=\"attachment-post-thumbnail size-post-thumbnail wp-post-image\" alt=\"\" \/><\/div>\n\t\t<h2 class=\"product-title\">Schutzrechts-verwaltung<\/h2>\n\t\t<div class=\"product-excerpt\"><p>Die Verwaltung und Wartung von Schutzrechten stellt eine zentrale Aufgabe in Ihrer Kanzlei dar. In Genese wird jedes Schutzrecht mithilfe einer l\u00e4nderspezifischen Dateimaske \u00fcbersichtlich dargestellt, was die Arbeit benutzerfreundlich gestaltet. Zus\u00e4tzlich bieten unsere Content-Pakete stets aktuelle Informationen zu den jeweiligen \u00c4mtern und deren Vorschriften.<\/p>\n<\/div>\n\t<\/div>\n\t\t<div class=\"product-item\">\n\t\t<div class=\"product-icon\"><img decoding=\"async\" width=\"82\" height=\"82\" src=\"https:\/\/www.genese.de\/wp-content\/uploads\/2023\/10\/document-management.png\" class=\"attachment-post-thumbnail size-post-thumbnail wp-post-image\" alt=\"\" \/><\/div>\n\t\t<h2 class=\"product-title\">Dokumenten Management<\/h2>\n\t\t<div class=\"product-excerpt\"><p>Unser integriertes Dokumentenmanagementsystem (DMS) beschleunigt die Suche nach relevanten Dokumenten, optimiert die Teamarbeit durch effiziente Aufgabenverteilung und gew\u00e4hrleistet die pr\u00e4zise Einhaltung von Fristen und rechtlichen Bestimmungen.<\/p>\n<\/div>\n\t<\/div>\n\t\t<div class=\"product-item\">\n\t\t<div class=\"product-icon\"><img loading=\"lazy\" decoding=\"async\" width=\"82\" height=\"82\" src=\"https:\/\/www.genese.de\/wp-content\/uploads\/2023\/10\/email-management.png\" class=\"attachment-post-thumbnail size-post-thumbnail wp-post-image\" alt=\"\" \/><\/div>\n\t\t<h2 class=\"product-title\">E-Mail Management<\/h2>\n\t\t<div class=\"product-excerpt\"><p>E-Mails sind aus dem B\u00fcroalltag nicht wegzudenken, und auch hier bietet Genese die ideale L\u00f6sung. Ob Tabellen, Bilder, Berichte oder Familien-Reports \u2013 der Versand ist ebenso unkompliziert wie der Empfang. Genese speichert automatisch s\u00e4mtliche eingehenden und ausgehenden E-Mails im Dokumenten-Management, um die Nachverfolgung und Verwaltung zu erleichtern.<\/p>\n<\/div>\n\t<\/div>\n\t\t<div class=\"product-item\">\n\t\t<div class=\"product-icon\"><img loading=\"lazy\" decoding=\"async\" width=\"82\" height=\"82\" src=\"https:\/\/www.genese.de\/wp-content\/uploads\/2023\/10\/deadline-management.png\" class=\"attachment-post-thumbnail size-post-thumbnail wp-post-image\" alt=\"\" \/><\/div>\n\t\t<h2 class=\"product-title\">Fristen-Management<\/h2>\n\t\t<div class=\"product-excerpt\"><p>Mit Genese behalten Sie Fristen und Termine f\u00fcr Patentanmeldungen und -verl\u00e4ngerungen stets im \u00dcberblick. Unsere automatisch generierten Fristen und Wiedervorlagen gew\u00e4hrleisten eine umfassende \u00dcberwachung, sodass Fristen\u00fcberschreitungen der Vergangenheit angeh\u00f6ren<\/p>\n<\/div>\n\t<\/div>\n\t\t<div class=\"product-item\">\n\t\t<div class=\"product-icon\"><img loading=\"lazy\" decoding=\"async\" width=\"82\" height=\"82\" src=\"https:\/\/www.genese.de\/wp-content\/uploads\/2023\/10\/fee-schedule.png\" class=\"attachment-post-thumbnail size-post-thumbnail wp-post-image\" alt=\"\" \/><\/div>\n\t\t<h2 class=\"product-title\">Geb\u00fchrenordnung<\/h2>\n\t\t<div class=\"product-excerpt\"><p>Von Anfang an klare Richtlinien! Wir integrieren Ihre gesamte Geb\u00fchrenordnung in Genese, um wiederkehrende Prozesse zu standardisieren.<\/p>\n<\/div>\n\t<\/div>\n\t\t<div class=\"product-item\">\n\t\t<div class=\"product-icon\"><img loading=\"lazy\" decoding=\"async\" width=\"82\" height=\"82\" src=\"https:\/\/www.genese.de\/wp-content\/uploads\/2023\/10\/form-letters.png\" class=\"attachment-post-thumbnail size-post-thumbnail wp-post-image\" alt=\"\" \/><\/div>\n\t\t<h2 class=\"product-title\">Formbriefe\/ Formmails<\/h2>\n\t\t<div class=\"product-excerpt\"><p>Verwenden Sie vereinheitliche Vorlagen f\u00fcr Ihre Korrespondenz, das spart Zeit und erh\u00f6ht Ihre Effizienz. Sie sorgen auch f\u00fcr die Konsistenz und Genauigkeit von juristischen Schreiben und helfen dabei, rechtliche Anforderungen und Prozesse korrekt und schnell zu erf\u00fcllen.<\/p>\n<\/div>\n\t<\/div>\n\t\t<div class=\"product-item\">\n\t\t<div class=\"product-icon\"><img loading=\"lazy\" decoding=\"async\" width=\"82\" height=\"82\" src=\"https:\/\/www.genese.de\/wp-content\/uploads\/2023\/10\/annual-fee.png\" class=\"attachment-post-thumbnail size-post-thumbnail wp-post-image\" alt=\"\" \/><\/div>\n\t\t<h2 class=\"product-title\">Jahresgeb\u00fchren<\/h2>\n\t\t<div class=\"product-excerpt\"><p>Mit der M\u00f6glichkeit, Fristen und Kosten f\u00fcr die j\u00e4hrliche Patentverl\u00e4ngerung zu \u00fcberwachen und zu managen, minimieren Sie das Risiko unbeabsichtigter Geb\u00fchrenverluste. Dies sichert die Kontinuit\u00e4t der Schutzrechte Ihrer Kunden und vereinfacht die Budgetierung und Kostenkontrolle.<\/p>\n<\/div>\n\t<\/div>\n\t<\/div>\n<\/div>\n\t\t\t\t\t\t<\/div>\n\t\t\t\t<\/div>\n\t\t\t\t\t<\/div>\n\t\t\t\t<\/div>\n\t\t\t\t<\/div>","protected":false},"excerpt":{"rendered":"<p>Genese For Law Firms Are you looking for a new software solution for managing your intellectual property rights? At Genese you will find the version tailored to your needs!<\/p>","protected":false},"author":1,"featured_media":0,"parent":0,"menu_order":0,"comment_status":"closed","ping_status":"closed","template":"","meta":{"_acf_changed":false,"site-sidebar-layout":"no-sidebar","site-content-layout":"","ast-site-content-layout":"full-width-container","site-content-style":"default","site-sidebar-style":"default","ast-global-header-display":"","ast-banner-title-visibility":"","ast-main-header-display":"","ast-hfb-above-header-display":"","ast-hfb-below-header-display":"","ast-hfb-mobile-header-display":"","site-post-title":"disabled","ast-breadcrumbs-content":"","ast-featured-img":"disabled","footer-sml-layout":"","theme-transparent-header-meta":"","adv-header-id-meta":"","stick-header-meta":"","header-above-stick-meta":"","header-main-stick-meta":"","header-below-stick-meta":"","astra-migrate-meta-layouts":"","footnotes":""},"class_list":["post-1135","page","type-page","status-publish","hentry"],"acf":[],"_links":{"self":[{"href":"https:\/\/www.genese.de\/de\/wp-json\/wp\/v2\/pages\/1135","targetHints":{"allow":["GET"]}}],"collection":[{"href":"https:\/\/www.genese.de\/de\/wp-json\/wp\/v2\/pages"}],"about":[{"href":"https:\/\/www.genese.de\/de\/wp-json\/wp\/v2\/types\/page"}],"author":[{"embeddable":true,"href":"https:\/\/www.genese.de\/de\/wp-json\/wp\/v2\/users\/1"}],"replies":[{"embeddable":true,"href":"https:\/\/www.genese.de\/de\/wp-json\/wp\/v2\/comments?post=1135"}],"version-history":[{"count":68,"href":"https:\/\/www.genese.de\/de\/wp-json\/wp\/v2\/pages\/1135\/revisions"}],"predecessor-version":[{"id":4715,"href":"https:\/\/www.genese.de\/de\/wp-json\/wp\/v2\/pages\/1135\/revisions\/4715"}],"wp:attachment":[{"href":"https:\/\/www.genese.de\/de\/wp-json\/wp\/v2\/media?parent=1135"}],"curies":[{"name":"wp","href":"https:\/\/api.w.org\/{rel}","templated":true}]}}