{"id":1237,"date":"2023-10-31T13:47:53","date_gmt":"2023-10-31T13:47:53","guid":{"rendered":"http:\/\/localhost\/wp\/genese\/?page_id=1237"},"modified":"2023-11-30T05:34:22","modified_gmt":"2023-11-30T05:34:22","slug":"consulting","status":"publish","type":"page","link":"https:\/\/www.genese.de\/de\/consulting\/","title":{"rendered":"Consulting"},"content":{"rendered":"<div data-elementor-type=\"wp-page\" data-elementor-id=\"1237\" class=\"elementor elementor-1237\">\n\t\t\t\t<div class=\"elementor-element elementor-element-67f6df6 e-con-full e-flex e-con e-parent\" data-id=\"67f6df6\" data-element_type=\"container\" data-e-type=\"container\" data-settings=\"{&quot;background_background&quot;:&quot;classic&quot;}\">\n\t\t<div class=\"elementor-element elementor-element-fe27d8f e-con-full e-flex e-con e-child\" data-id=\"fe27d8f\" data-element_type=\"container\" data-e-type=\"container\">\n\t\t\t\t<div class=\"elementor-element elementor-element-46fc65f elementor-widget elementor-widget-heading\" data-id=\"46fc65f\" data-element_type=\"widget\" data-e-type=\"widget\" data-widget_type=\"heading.default\">\n\t\t\t\t<div class=\"elementor-widget-container\">\n\t\t\t\t\t<h2 class=\"elementor-heading-title elementor-size-default\">\"Verbessern Sie Ihr IP-Management mit den Experten von Genese Consulting\"<\/h2>\t\t\t\t<\/div>\n\t\t\t\t<\/div>\n\t\t\t\t<div class=\"elementor-element elementor-element-3a93f2c elementor-widget elementor-widget-text-editor\" data-id=\"3a93f2c\" data-element_type=\"widget\" data-e-type=\"widget\" data-widget_type=\"text-editor.default\">\n\t\t\t\t<div class=\"elementor-widget-container\">\n\t\t\t\t\t\t\t\t\t<p>Suchen Sie nach einer effizienten L\u00f6sung zur Verwaltung Ihrer gewerblichen Schutzrechte? Bei Genese Consulting stehen wir Ihnen mit jahrzehntelanger Expertise aus dem Kanzlei- und Industrieumfeld zur Seite. Unser Anspruch ist es, Ihren Arbeitsalltag als Anwalt durch ma\u00dfgeschneiderte Verwaltungssysteme zu erleichtern.<\/p>\t\t\t\t\t\t\t\t<\/div>\n\t\t\t\t<\/div>\n\t\t\t\t<\/div>\n\t\t<div class=\"elementor-element elementor-element-f3210f9 e-con-full e-flex e-con e-child\" data-id=\"f3210f9\" data-element_type=\"container\" data-e-type=\"container\">\n\t\t\t\t<div class=\"elementor-element elementor-element-20ba557 elementor-widget elementor-widget-image\" data-id=\"20ba557\" data-element_type=\"widget\" data-e-type=\"widget\" data-widget_type=\"image.default\">\n\t\t\t\t<div class=\"elementor-widget-container\">\n\t\t\t\t\t\t\t\t\t\t\t\t\t\t\t<img fetchpriority=\"high\" decoding=\"async\" width=\"672\" height=\"584\" src=\"https:\/\/www.genese.de\/wp-content\/uploads\/2023\/10\/consulting-bg.png\" class=\"attachment-large size-large wp-image-1242\" alt=\"\" srcset=\"https:\/\/www.genese.de\/wp-content\/uploads\/2023\/10\/consulting-bg.png 672w, https:\/\/www.genese.de\/wp-content\/uploads\/2023\/10\/consulting-bg-300x261.png 300w\" sizes=\"(max-width: 672px) 100vw, 672px\" \/>\t\t\t\t\t\t\t\t\t\t\t\t\t\t\t<\/div>\n\t\t\t\t<\/div>\n\t\t\t\t<\/div>\n\t\t\t\t<\/div>\n\t\t<div class=\"elementor-element elementor-element-34da5ac e-flex e-con-boxed e-con e-parent\" data-id=\"34da5ac\" data-element_type=\"container\" data-e-type=\"container\">\n\t\t\t\t\t<div class=\"e-con-inner\">\n\t\t<div class=\"elementor-element elementor-element-50cc015 e-con-full e-flex e-con e-child\" data-id=\"50cc015\" data-element_type=\"container\" data-e-type=\"container\">\n\t\t\t\t<div class=\"elementor-element elementor-element-8720c3c elementor-widget elementor-widget-heading\" data-id=\"8720c3c\" data-element_type=\"widget\" data-e-type=\"widget\" data-widget_type=\"heading.default\">\n\t\t\t\t<div class=\"elementor-widget-container\">\n\t\t\t\t\t<h2 class=\"elementor-heading-title elementor-size-default\">Unsere Leistungen im <span class=\"about-colored-heading\">\u00dcberblick<\/span><\/h2>\t\t\t\t<\/div>\n\t\t\t\t<\/div>\n\t\t\t\t<div class=\"elementor-element elementor-element-62486f6 elementor-widget elementor-widget-text-editor\" data-id=\"62486f6\" data-element_type=\"widget\" data-e-type=\"widget\" data-widget_type=\"text-editor.default\">\n\t\t\t\t<div class=\"elementor-widget-container\">\n\t\t\t\t\t\t\t\t\t<p class=\"translation-block\"><strong>Individuelle Beratung:<\/strong> Unsere erfahrenen Consultants analysieren Ihren aktuellen Verwaltungsprozess, identifizieren Optimierungspotenziale und begleiten Sie bei der Planung sowie Einf\u00fchrung von Genese als Ihrem bevorzugten Verwaltungssystem.<\/p>\t\t\t\t\t\t\t\t<\/div>\n\t\t\t\t<\/div>\n\t\t\t\t<div class=\"elementor-element elementor-element-f5db3be elementor-widget elementor-widget-text-editor\" data-id=\"f5db3be\" data-element_type=\"widget\" data-e-type=\"widget\" data-widget_type=\"text-editor.default\">\n\t\t\t\t<div class=\"elementor-widget-container\">\n\t\t\t\t\t\t\t\t\t<p><strong>Prozessautomatisierung:<\/strong> Wir setzen auf moderne Technologien, um bestehende Arbeitsabl\u00e4ufe zu automatisieren. Dies erm\u00f6glicht es Ihnen, sich verst\u00e4rkt auf Ihr Kerngesch\u00e4ft zu konzentrieren und gleichzeitig die Effizienz zu steigern.<\/p>\t\t\t\t\t\t\t\t<\/div>\n\t\t\t\t<\/div>\n\t\t\t\t<div class=\"elementor-element elementor-element-5c2045e elementor-widget elementor-widget-text-editor\" data-id=\"5c2045e\" data-element_type=\"widget\" data-e-type=\"widget\" data-widget_type=\"text-editor.default\">\n\t\t\t\t<div class=\"elementor-widget-container\">\n\t\t\t\t\t\t\t\t\t<p><strong>Infrastrukturberatung:<\/strong> Jede Kanzlei ist einzigartig. Daher beraten wir Sie auch individuell bei Fragen rund um Ihre IT-Infrastruktur und schlagen ma\u00dfgeschneiderte L\u00f6sungen vor.<\/p>\t\t\t\t\t\t\t\t<\/div>\n\t\t\t\t<\/div>\n\t\t\t\t<\/div>\n\t\t<div class=\"elementor-element elementor-element-7183840 e-con-full e-flex e-con e-child\" data-id=\"7183840\" data-element_type=\"container\" data-e-type=\"container\">\n\t\t\t\t<div class=\"elementor-element elementor-element-dfdf713 elementor-widget elementor-widget-image\" data-id=\"dfdf713\" data-element_type=\"widget\" data-e-type=\"widget\" data-widget_type=\"image.default\">\n\t\t\t\t<div class=\"elementor-widget-container\">\n\t\t\t\t\t\t\t\t\t\t\t\t\t\t\t<img decoding=\"async\" width=\"1024\" height=\"896\" src=\"https:\/\/www.genese.de\/wp-content\/uploads\/2023\/12\/consulting-de.png\" class=\"attachment-large size-large wp-image-1255\" alt=\"\" srcset=\"https:\/\/www.genese.de\/wp-content\/uploads\/2023\/12\/consulting-de.png 551w, https:\/\/www.genese.de\/wp-content\/uploads\/2023\/12\/consulting-de-300x270.png 300w, https:\/\/www.genese.de\/wp-content\/uploads\/2023\/12\/consulting-de-13x12.png 13w\" sizes=\"(max-width: 1024px) 100vw, 1024px\" \/>\t\t\t\t\t\t\t\t\t\t\t\t\t\t\t<\/div>\n\t\t\t\t<\/div>\n\t\t\t\t<\/div>\n\t\t\t\t\t<\/div>\n\t\t\t\t<\/div>\n\t\t\t\t<\/div>","protected":false},"excerpt":{"rendered":"<p>&#8220;Elevate Your IP Management with Genese Consulting Experts&#8221; Are you looking for an efficient solution to manage your industrial property rights? At Genese Consulting, we support you with decades of expertise from the law firm and industrial environment. Our aim is to make your everyday work as a lawyer easier with customised management systems. Our &hellip;<\/p>\n<p class=\"read-more\"> <a class=\"\" href=\"https:\/\/www.genese.de\/de\/consulting\/\"> <span class=\"screen-reader-text\">Consulting<\/span> Weiterlesen &raquo;<\/a><\/p>","protected":false},"author":1,"featured_media":0,"parent":0,"menu_order":0,"comment_status":"closed","ping_status":"closed","template":"","meta":{"_acf_changed":false,"site-sidebar-layout":"no-sidebar","site-content-layout":"","ast-site-content-layout":"full-width-container","site-content-style":"default","site-sidebar-style":"default","ast-global-header-display":"","ast-banner-title-visibility":"","ast-main-header-display":"","ast-hfb-above-header-display":"","ast-hfb-below-header-display":"","ast-hfb-mobile-header-display":"","site-post-title":"disabled","ast-breadcrumbs-content":"","ast-featured-img":"disabled","footer-sml-layout":"","theme-transparent-header-meta":"","adv-header-id-meta":"","stick-header-meta":"","header-above-stick-meta":"","header-main-stick-meta":"","header-below-stick-meta":"","astra-migrate-meta-layouts":"","footnotes":""},"class_list":["post-1237","page","type-page","status-publish","hentry"],"acf":[],"_links":{"self":[{"href":"https:\/\/www.genese.de\/de\/wp-json\/wp\/v2\/pages\/1237","targetHints":{"allow":["GET"]}}],"collection":[{"href":"https:\/\/www.genese.de\/de\/wp-json\/wp\/v2\/pages"}],"about":[{"href":"https:\/\/www.genese.de\/de\/wp-json\/wp\/v2\/types\/page"}],"author":[{"embeddable":true,"href":"https:\/\/www.genese.de\/de\/wp-json\/wp\/v2\/users\/1"}],"replies":[{"embeddable":true,"href":"https:\/\/www.genese.de\/de\/wp-json\/wp\/v2\/comments?post=1237"}],"version-history":[{"count":58,"href":"https:\/\/www.genese.de\/de\/wp-json\/wp\/v2\/pages\/1237\/revisions"}],"predecessor-version":[{"id":2968,"href":"https:\/\/www.genese.de\/de\/wp-json\/wp\/v2\/pages\/1237\/revisions\/2968"}],"wp:attachment":[{"href":"https:\/\/www.genese.de\/de\/wp-json\/wp\/v2\/media?parent=1237"}],"curies":[{"name":"wp","href":"https:\/\/api.w.org\/{rel}","templated":true}]}}