{"id":1290,"date":"2023-10-31T14:29:09","date_gmt":"2023-10-31T14:29:09","guid":{"rendered":"http:\/\/localhost\/wp\/genese\/?page_id=1290"},"modified":"2024-01-10T04:58:06","modified_gmt":"2024-01-10T04:58:06","slug":"trainings","status":"publish","type":"page","link":"https:\/\/www.genese.de\/de\/trainings\/","title":{"rendered":"Schulungen"},"content":{"rendered":"<div data-elementor-type=\"wp-page\" data-elementor-id=\"1290\" class=\"elementor elementor-1290\">\n\t\t\t\t<div class=\"elementor-element elementor-element-edc2b05 e-flex e-con-boxed e-con e-parent\" data-id=\"edc2b05\" data-element_type=\"container\" data-e-type=\"container\" data-settings=\"{&quot;background_background&quot;:&quot;classic&quot;}\">\n\t\t\t\t\t<div class=\"e-con-inner\">\n\t\t\t\t<div class=\"elementor-element elementor-element-c0b9165 elementor-widget elementor-widget-heading\" data-id=\"c0b9165\" data-element_type=\"widget\" data-e-type=\"widget\" data-widget_type=\"heading.default\">\n\t\t\t\t<div class=\"elementor-widget-container\">\n\t\t\t\t\t<h2 class=\"elementor-heading-title elementor-size-default\">Schulungen<\/h2>\t\t\t\t<\/div>\n\t\t\t\t<\/div>\n\t\t\t\t<div class=\"elementor-element elementor-element-2732f36 elementor-widget elementor-widget-text-editor\" data-id=\"2732f36\" data-element_type=\"widget\" data-e-type=\"widget\" data-widget_type=\"text-editor.default\">\n\t\t\t\t<div class=\"elementor-widget-container\">\n\t\t\t\t\t\t\t\t\t<p>Entdecken Sie die Zukunft der Schutzrechtsverwaltung mit unseren ma\u00dfgeschneiderten Schulungen! Tauchen Sie ein in die Welt unserer innovativen Softwarel\u00f6sungen, entwickelt speziell f\u00fcr Patentanw\u00e4lte. Maximieren Sie Ihre Effizienz und Expertise, indem Sie unser umfassendes Schulungsprogramm nutzen und sich so optimal auf die Herausforderungen der modernen Patentlandschaft vorbereiten.<\/p>\t\t\t\t\t\t\t\t<\/div>\n\t\t\t\t<\/div>\n\t\t\t\t\t<\/div>\n\t\t\t\t<\/div>\n\t\t<div class=\"elementor-element elementor-element-4d5ae14 e-flex e-con-boxed e-con e-parent\" data-id=\"4d5ae14\" data-element_type=\"container\" data-e-type=\"container\">\n\t\t\t\t\t<div class=\"e-con-inner\">\n\t\t<div class=\"elementor-element elementor-element-184c1da e-con-full e-flex e-con e-child\" data-id=\"184c1da\" data-element_type=\"container\" data-e-type=\"container\">\n\t\t\t\t<div class=\"elementor-element elementor-element-1751d43 elementor-widget elementor-widget-heading\" data-id=\"1751d43\" data-element_type=\"widget\" data-e-type=\"widget\" data-widget_type=\"heading.default\">\n\t\t\t\t<div class=\"elementor-widget-container\">\n\t\t\t\t\t<h2 class=\"elementor-heading-title elementor-size-default\"><span class=\"about-colored-heading\">Online<\/span> Ausbildung<\/h2>\t\t\t\t<\/div>\n\t\t\t\t<\/div>\n\t\t\t\t<div class=\"elementor-element elementor-element-c042658 elementor-widget elementor-widget-text-editor\" data-id=\"c042658\" data-element_type=\"widget\" data-e-type=\"widget\" data-widget_type=\"text-editor.default\">\n\t\t\t\t<div class=\"elementor-widget-container\">\n\t\t\t\t\t\t\t\t\t<p>F\u00fcr kurzfristigen Bedarf bieten wir Online-Schulungen an. Diese k\u00f6nnen z.B. f\u00fcr Einsteigerschulungen oder individuelle Schulungen genutzt werden. Individuelle Schulungen werden gemeinsam mit Ihnen geplant und inhaltlich abgestimmt. Wir richten uns ganz nach Ihren Bed\u00fcrfnissen.<\/p>\t\t\t\t\t\t\t\t<\/div>\n\t\t\t\t<\/div>\n\t\t\t\t<\/div>\n\t\t<div class=\"elementor-element elementor-element-6649ab6 e-con-full e-flex e-con e-child\" data-id=\"6649ab6\" data-element_type=\"container\" data-e-type=\"container\">\n\t\t\t\t<div class=\"elementor-element elementor-element-9689de6 elementor-widget elementor-widget-image\" data-id=\"9689de6\" data-element_type=\"widget\" data-e-type=\"widget\" data-widget_type=\"image.default\">\n\t\t\t\t<div class=\"elementor-widget-container\">\n\t\t\t\t\t\t\t\t\t\t\t\t\t\t\t<img fetchpriority=\"high\" decoding=\"async\" width=\"942\" height=\"1024\" src=\"https:\/\/www.genese.de\/wp-content\/uploads\/2023\/11\/genese-training-942x1024.png\" class=\"attachment-large size-large wp-image-2778\" alt=\"\" srcset=\"https:\/\/www.genese.de\/wp-content\/uploads\/2023\/11\/genese-training-942x1024.png 942w, https:\/\/www.genese.de\/wp-content\/uploads\/2023\/11\/genese-training-276x300.png 276w, https:\/\/www.genese.de\/wp-content\/uploads\/2023\/11\/genese-training-768x835.png 768w, https:\/\/www.genese.de\/wp-content\/uploads\/2023\/11\/genese-training-11x12.png 11w, https:\/\/www.genese.de\/wp-content\/uploads\/2023\/11\/genese-training.png 1096w\" sizes=\"(max-width: 942px) 100vw, 942px\" \/>\t\t\t\t\t\t\t\t\t\t\t\t\t\t\t<\/div>\n\t\t\t\t<\/div>\n\t\t\t\t<\/div>\n\t\t\t\t\t<\/div>\n\t\t\t\t<\/div>\n\t\t<div class=\"elementor-element elementor-element-34da5ac e-flex e-con-boxed e-con e-parent\" data-id=\"34da5ac\" data-element_type=\"container\" data-e-type=\"container\">\n\t\t\t\t\t<div class=\"e-con-inner\">\n\t\t<div class=\"elementor-element elementor-element-50cc015 e-con-full e-flex e-con e-child\" data-id=\"50cc015\" data-element_type=\"container\" data-e-type=\"container\">\n\t\t\t\t<div class=\"elementor-element elementor-element-8720c3c elementor-widget elementor-widget-heading\" data-id=\"8720c3c\" data-element_type=\"widget\" data-e-type=\"widget\" data-widget_type=\"heading.default\">\n\t\t\t\t<div class=\"elementor-widget-container\">\n\t\t\t\t\t<h2 class=\"elementor-heading-title elementor-size-default\"><span class=\"about-colored-heading\">Vor-Ort<\/span> Ausbildung<\/h2>\t\t\t\t<\/div>\n\t\t\t\t<\/div>\n\t\t\t\t<div class=\"elementor-element elementor-element-62486f6 elementor-widget elementor-widget-text-editor\" data-id=\"62486f6\" data-element_type=\"widget\" data-e-type=\"widget\" data-widget_type=\"text-editor.default\">\n\t\t\t\t<div class=\"elementor-widget-container\">\n\t\t\t\t\t\t\t\t\t<p>Wenn Sie eine neue Version von Genese einf\u00fchren, empfehlen wir eine Schulung direkt in Ihrem B\u00fcro oder Unternehmen. Ein erfahrener Genese-Consultant schult Ihre Mitarbeiter in Ihrem produktivem Genese-System und beantwortet Ihnen Ihre Fragen.<\/p>\t\t\t\t\t\t\t\t<\/div>\n\t\t\t\t<\/div>\n\t\t\t\t<\/div>\n\t\t<div class=\"elementor-element elementor-element-7183840 e-con-full e-flex e-con e-child\" data-id=\"7183840\" data-element_type=\"container\" data-e-type=\"container\">\n\t\t\t\t<div class=\"elementor-element elementor-element-dfdf713 elementor-widget elementor-widget-image\" data-id=\"dfdf713\" data-element_type=\"widget\" data-e-type=\"widget\" data-widget_type=\"image.default\">\n\t\t\t\t<div class=\"elementor-widget-container\">\n\t\t\t\t\t\t\t\t\t\t\t\t\t\t\t<img decoding=\"async\" width=\"942\" height=\"1024\" src=\"https:\/\/www.genese.de\/wp-content\/uploads\/2023\/11\/onsite-942x1024.png\" class=\"attachment-large size-large wp-image-2782\" alt=\"\" srcset=\"https:\/\/www.genese.de\/wp-content\/uploads\/2023\/11\/onsite-942x1024.png 942w, https:\/\/www.genese.de\/wp-content\/uploads\/2023\/11\/onsite-276x300.png 276w, https:\/\/www.genese.de\/wp-content\/uploads\/2023\/11\/onsite-768x835.png 768w, https:\/\/www.genese.de\/wp-content\/uploads\/2023\/11\/onsite-11x12.png 11w, https:\/\/www.genese.de\/wp-content\/uploads\/2023\/11\/onsite.png 1096w\" sizes=\"(max-width: 942px) 100vw, 942px\" \/>\t\t\t\t\t\t\t\t\t\t\t\t\t\t\t<\/div>\n\t\t\t\t<\/div>\n\t\t\t\t<\/div>\n\t\t\t\t\t<\/div>\n\t\t\t\t<\/div>\n\t\t<div class=\"elementor-element elementor-element-96ce3da e-flex e-con-boxed e-con e-parent\" data-id=\"96ce3da\" data-element_type=\"container\" data-e-type=\"container\" data-settings=\"{&quot;background_background&quot;:&quot;classic&quot;}\">\n\t\t\t\t\t<div class=\"e-con-inner\">\n\t\t\t\t<div class=\"elementor-element elementor-element-dde7b45 elementor-widget__width-initial elementor-widget elementor-widget-heading\" data-id=\"dde7b45\" data-element_type=\"widget\" data-e-type=\"widget\" data-widget_type=\"heading.default\">\n\t\t\t\t<div class=\"elementor-widget-container\">\n\t\t\t\t\t<h2 class=\"elementor-heading-title elementor-size-default\">\"Learning by doing\" - Wir helfen Ihnen dabei, die f\u00fcr Sie wichtigsten Prozesse und Funktionen zu verstehen und umzusetzen!<\/h2>\t\t\t\t<\/div>\n\t\t\t\t<\/div>\n\t\t\t\t\t<\/div>\n\t\t\t\t<\/div>\n\t\t<div class=\"elementor-element elementor-element-2902461 e-flex e-con-boxed e-con e-parent\" data-id=\"2902461\" data-element_type=\"container\" data-e-type=\"container\">\n\t\t\t\t\t<div class=\"e-con-inner\">\n\t\t<div class=\"elementor-element elementor-element-bbe47c4 e-con-full e-flex e-con e-child\" data-id=\"bbe47c4\" data-element_type=\"container\" data-e-type=\"container\">\n\t\t\t\t<div class=\"elementor-element elementor-element-b5cb1c4 elementor-widget elementor-widget-heading\" data-id=\"b5cb1c4\" data-element_type=\"widget\" data-e-type=\"widget\" data-widget_type=\"heading.default\">\n\t\t\t\t<div class=\"elementor-widget-container\">\n\t\t\t\t\t<h2 class=\"elementor-heading-title elementor-size-default\"><span class=\"about-colored-heading\">User <\/span>Days<\/h2>\t\t\t\t<\/div>\n\t\t\t\t<\/div>\n\t\t\t\t<div class=\"elementor-element elementor-element-c4412d9 elementor-widget elementor-widget-text-editor\" data-id=\"c4412d9\" data-element_type=\"widget\" data-e-type=\"widget\" data-widget_type=\"text-editor.default\">\n\t\t\t\t<div class=\"elementor-widget-container\">\n\t\t\t\t\t\t\t\t\tDie Genese User Days stellen immer wieder eine tolle M\u00f6glichkeit dar, um Genese \"live\" zu erleben und mit anderen Genese-Usern in Kontakt zu treten f\u00fcr, einen wertvollen Austausch.\t\t\t\t\t\t\t\t<\/div>\n\t\t\t\t<\/div>\n\t\t\t\t<\/div>\n\t\t<div class=\"elementor-element elementor-element-1fc882d e-con-full e-flex e-con e-child\" data-id=\"1fc882d\" data-element_type=\"container\" data-e-type=\"container\">\n\t\t\t\t<div class=\"elementor-element elementor-element-76cff15 elementor-widget elementor-widget-image\" data-id=\"76cff15\" data-element_type=\"widget\" data-e-type=\"widget\" data-widget_type=\"image.default\">\n\t\t\t\t<div class=\"elementor-widget-container\">\n\t\t\t\t\t\t\t\t\t\t\t\t\t\t\t<img decoding=\"async\" width=\"942\" height=\"1024\" src=\"https:\/\/www.genese.de\/wp-content\/uploads\/2023\/11\/user-days-942x1024.png\" class=\"attachment-large size-large wp-image-2786\" alt=\"\" srcset=\"https:\/\/www.genese.de\/wp-content\/uploads\/2023\/11\/user-days-942x1024.png 942w, https:\/\/www.genese.de\/wp-content\/uploads\/2023\/11\/user-days-276x300.png 276w, https:\/\/www.genese.de\/wp-content\/uploads\/2023\/11\/user-days-768x835.png 768w, https:\/\/www.genese.de\/wp-content\/uploads\/2023\/11\/user-days-11x12.png 11w, https:\/\/www.genese.de\/wp-content\/uploads\/2023\/11\/user-days.png 1096w\" sizes=\"(max-width: 942px) 100vw, 942px\" \/>\t\t\t\t\t\t\t\t\t\t\t\t\t\t\t<\/div>\n\t\t\t\t<\/div>\n\t\t\t\t<\/div>\n\t\t\t\t\t<\/div>\n\t\t\t\t<\/div>\n\t\t\t\t<\/div>","protected":false},"excerpt":{"rendered":"<p>Trainings Discover the future of IP rights management with our customised training courses! Immerse yourself in the world of our innovative software solutions, developed specifically for patent attorneys. Maximise your efficiency and expertise by taking advantage of our comprehensive training programme and prepare yourself optimally for the challenges of the modern patent landscape. Online Training &hellip;<\/p>\n<p class=\"read-more\"> <a class=\"\" href=\"https:\/\/www.genese.de\/de\/trainings\/\"> <span class=\"screen-reader-text\">Schulungen<\/span> Weiterlesen &raquo;<\/a><\/p>","protected":false},"author":1,"featured_media":0,"parent":0,"menu_order":0,"comment_status":"closed","ping_status":"closed","template":"","meta":{"_acf_changed":false,"site-sidebar-layout":"no-sidebar","site-content-layout":"","ast-site-content-layout":"full-width-container","site-content-style":"default","site-sidebar-style":"default","ast-global-header-display":"","ast-banner-title-visibility":"","ast-main-header-display":"","ast-hfb-above-header-display":"","ast-hfb-below-header-display":"","ast-hfb-mobile-header-display":"","site-post-title":"disabled","ast-breadcrumbs-content":"","ast-featured-img":"disabled","footer-sml-layout":"","theme-transparent-header-meta":"","adv-header-id-meta":"","stick-header-meta":"","header-above-stick-meta":"","header-main-stick-meta":"","header-below-stick-meta":"","astra-migrate-meta-layouts":"","footnotes":""},"class_list":["post-1290","page","type-page","status-publish","hentry"],"acf":[],"_links":{"self":[{"href":"https:\/\/www.genese.de\/de\/wp-json\/wp\/v2\/pages\/1290","targetHints":{"allow":["GET"]}}],"collection":[{"href":"https:\/\/www.genese.de\/de\/wp-json\/wp\/v2\/pages"}],"about":[{"href":"https:\/\/www.genese.de\/de\/wp-json\/wp\/v2\/types\/page"}],"author":[{"embeddable":true,"href":"https:\/\/www.genese.de\/de\/wp-json\/wp\/v2\/users\/1"}],"replies":[{"embeddable":true,"href":"https:\/\/www.genese.de\/de\/wp-json\/wp\/v2\/comments?post=1290"}],"version-history":[{"count":88,"href":"https:\/\/www.genese.de\/de\/wp-json\/wp\/v2\/pages\/1290\/revisions"}],"predecessor-version":[{"id":4733,"href":"https:\/\/www.genese.de\/de\/wp-json\/wp\/v2\/pages\/1290\/revisions\/4733"}],"wp:attachment":[{"href":"https:\/\/www.genese.de\/de\/wp-json\/wp\/v2\/media?parent=1290"}],"curies":[{"name":"wp","href":"https:\/\/api.w.org\/{rel}","templated":true}]}}