{"id":1317,"date":"2023-10-31T14:56:36","date_gmt":"2023-10-31T14:56:36","guid":{"rendered":"http:\/\/localhost\/wp\/genese\/?page_id=1317"},"modified":"2023-12-17T05:51:49","modified_gmt":"2023-12-17T05:51:49","slug":"support","status":"publish","type":"page","link":"https:\/\/www.genese.de\/de\/support\/","title":{"rendered":"Support"},"content":{"rendered":"<div data-elementor-type=\"wp-page\" data-elementor-id=\"1317\" class=\"elementor elementor-1317\">\n\t\t\t\t<div class=\"elementor-element elementor-element-edc2b05 e-flex e-con-boxed e-con e-parent\" data-id=\"edc2b05\" data-element_type=\"container\" data-e-type=\"container\" data-settings=\"{&quot;background_background&quot;:&quot;classic&quot;}\">\n\t\t\t\t\t<div class=\"e-con-inner\">\n\t\t\t\t<div class=\"elementor-element elementor-element-c0b9165 elementor-widget elementor-widget-heading\" data-id=\"c0b9165\" data-element_type=\"widget\" data-e-type=\"widget\" data-widget_type=\"heading.default\">\n\t\t\t\t<div class=\"elementor-widget-container\">\n\t\t\t\t\t<h2 class=\"elementor-heading-title elementor-size-default\">Support<\/h2>\t\t\t\t<\/div>\n\t\t\t\t<\/div>\n\t\t\t\t<div class=\"elementor-element elementor-element-2732f36 elementor-widget elementor-widget-text-editor\" data-id=\"2732f36\" data-element_type=\"widget\" data-e-type=\"widget\" data-widget_type=\"text-editor.default\">\n\t\t\t\t<div class=\"elementor-widget-container\">\n\t\t\t\t\t\t\t\t\t<p class=\"translation-block\">Entdecken Sie die Zukunft der Schutzrechtsverwaltung mit unseren ma\u00dfgeschneiderten Schulungen! Tauchen Sie ein in die Welt unserer innovativen Softwarel\u00f6sungen, entwickelt speziell f\u00fcr Patentanw\u00e4lte. Maximieren Sie Ihre Effizienz und Expertise, indem Sie unser umfassendes Schulungsprogramm nutzen und sich so optimal auf die Herausforderungen der modernen Patentlandschaft vorbereiten.<\/p>\t\t\t\t\t\t\t\t<\/div>\n\t\t\t\t<\/div>\n\t\t\t\t\t<\/div>\n\t\t\t\t<\/div>\n\t\t<div class=\"elementor-element elementor-element-3f5f30c e-flex e-con-boxed e-con e-parent\" data-id=\"3f5f30c\" data-element_type=\"container\" data-e-type=\"container\">\n\t\t\t\t\t<div class=\"e-con-inner\">\n\t\t<div class=\"elementor-element elementor-element-87dc8a7 e-con-full e-flex e-con e-child\" data-id=\"87dc8a7\" data-element_type=\"container\" data-e-type=\"container\">\n\t\t\t\t<div class=\"elementor-element elementor-element-887c3b3 elementor-widget elementor-widget-image\" data-id=\"887c3b3\" data-element_type=\"widget\" data-e-type=\"widget\" data-widget_type=\"image.default\">\n\t\t\t\t<div class=\"elementor-widget-container\">\n\t\t\t\t\t\t\t\t\t\t\t\t\t\t\t<img decoding=\"async\" width=\"345\" height=\"88\" src=\"https:\/\/www.genese.de\/wp-content\/uploads\/2023\/12\/support-banner-1.png\" class=\"attachment-large size-large wp-image-1334\" alt=\"\" srcset=\"https:\/\/www.genese.de\/wp-content\/uploads\/2023\/12\/support-banner-1.png 690w, https:\/\/www.genese.de\/wp-content\/uploads\/2023\/12\/support-banner-1-300x77.png 300w, https:\/\/www.genese.de\/wp-content\/uploads\/2023\/12\/support-banner-1-18x5.png 18w\" sizes=\"(max-width: 345px) 100vw, 345px\" \/>\t\t\t\t\t\t\t\t\t\t\t\t\t\t\t<\/div>\n\t\t\t\t<\/div>\n\t\t\t\t<\/div>\n\t\t<div class=\"elementor-element elementor-element-6309c5a e-con-full e-flex e-con e-child\" data-id=\"6309c5a\" data-element_type=\"container\" data-e-type=\"container\">\n\t\t\t\t<div class=\"elementor-element elementor-element-cc0f8c9 elementor-widget elementor-widget-image\" data-id=\"cc0f8c9\" data-element_type=\"widget\" data-e-type=\"widget\" data-widget_type=\"image.default\">\n\t\t\t\t<div class=\"elementor-widget-container\">\n\t\t\t\t\t\t\t\t\t\t\t\t\t\t\t<img decoding=\"async\" width=\"345\" height=\"88\" src=\"https:\/\/www.genese.de\/wp-content\/uploads\/2023\/12\/suppoer-banner-2.png\" class=\"attachment-large size-large wp-image-1335\" alt=\"\" srcset=\"https:\/\/www.genese.de\/wp-content\/uploads\/2023\/12\/suppoer-banner-2.png 690w, https:\/\/www.genese.de\/wp-content\/uploads\/2023\/12\/suppoer-banner-2-300x77.png 300w, https:\/\/www.genese.de\/wp-content\/uploads\/2023\/12\/suppoer-banner-2-18x5.png 18w\" sizes=\"(max-width: 345px) 100vw, 345px\" \/>\t\t\t\t\t\t\t\t\t\t\t\t\t\t\t<\/div>\n\t\t\t\t<\/div>\n\t\t\t\t<\/div>\n\t\t\t\t\t<\/div>\n\t\t\t\t<\/div>\n\t\t<div class=\"elementor-element elementor-element-46db1b8 e-flex e-con-boxed e-con e-parent\" data-id=\"46db1b8\" data-element_type=\"container\" data-e-type=\"container\">\n\t\t\t\t\t<div class=\"e-con-inner\">\n\t\t<div class=\"elementor-element elementor-element-1560103 e-con-full e-flex e-con e-child\" data-id=\"1560103\" data-element_type=\"container\" data-e-type=\"container\">\n\t\t\t\t<div class=\"elementor-element elementor-element-e7aaa36 elementor-widget elementor-widget-image\" data-id=\"e7aaa36\" data-element_type=\"widget\" data-e-type=\"widget\" data-widget_type=\"image.default\">\n\t\t\t\t<div class=\"elementor-widget-container\">\n\t\t\t\t\t\t\t\t\t\t\t\t\t\t\t<img decoding=\"async\" width=\"345\" height=\"88\" src=\"https:\/\/www.genese.de\/wp-content\/uploads\/2023\/12\/support-3-de.png\" class=\"attachment-large size-large wp-image-1336\" alt=\"\" srcset=\"https:\/\/www.genese.de\/wp-content\/uploads\/2023\/12\/support-3-de.png 345w, https:\/\/www.genese.de\/wp-content\/uploads\/2023\/12\/support-3-de-300x77.png 300w, https:\/\/www.genese.de\/wp-content\/uploads\/2023\/12\/support-3-de-18x5.png 18w\" sizes=\"(max-width: 345px) 100vw, 345px\" \/>\t\t\t\t\t\t\t\t\t\t\t\t\t\t\t<\/div>\n\t\t\t\t<\/div>\n\t\t\t\t<\/div>\n\t\t<div class=\"elementor-element elementor-element-f8e0b61 e-con-full e-flex e-con e-child\" data-id=\"f8e0b61\" data-element_type=\"container\" data-e-type=\"container\">\n\t\t\t\t<div class=\"elementor-element elementor-element-6d7cc8e elementor-widget elementor-widget-image\" data-id=\"6d7cc8e\" data-element_type=\"widget\" data-e-type=\"widget\" data-widget_type=\"image.default\">\n\t\t\t\t<div class=\"elementor-widget-container\">\n\t\t\t\t\t\t\t\t\t\t\t\t\t\t\t<img loading=\"lazy\" decoding=\"async\" width=\"345\" height=\"88\" src=\"https:\/\/www.genese.de\/wp-content\/uploads\/2023\/12\/support-4-de.png\" class=\"attachment-large size-large wp-image-1337\" alt=\"\" srcset=\"https:\/\/www.genese.de\/wp-content\/uploads\/2023\/12\/support-4-de.png 345w, https:\/\/www.genese.de\/wp-content\/uploads\/2023\/12\/support-4-de-300x77.png 300w, https:\/\/www.genese.de\/wp-content\/uploads\/2023\/12\/support-4-de-18x5.png 18w\" sizes=\"(max-width: 345px) 100vw, 345px\" \/>\t\t\t\t\t\t\t\t\t\t\t\t\t\t\t<\/div>\n\t\t\t\t<\/div>\n\t\t\t\t<\/div>\n\t\t\t\t\t<\/div>\n\t\t\t\t<\/div>\n\t\t<div class=\"elementor-element elementor-element-4d5ae14 e-flex e-con-boxed e-con e-parent\" data-id=\"4d5ae14\" data-element_type=\"container\" data-e-type=\"container\">\n\t\t\t\t\t<div class=\"e-con-inner\">\n\t\t<div class=\"elementor-element elementor-element-184c1da e-con-full e-flex e-con e-child\" data-id=\"184c1da\" data-element_type=\"container\" data-e-type=\"container\">\n\t\t\t\t<div class=\"elementor-element elementor-element-1751d43 elementor-widget elementor-widget-heading\" data-id=\"1751d43\" data-element_type=\"widget\" data-e-type=\"widget\" data-widget_type=\"heading.default\">\n\t\t\t\t<div class=\"elementor-widget-container\">\n\t\t\t\t\t<h2 class=\"elementor-heading-title elementor-size-default\"><span class=\"about-colored-heading\">Schnelle und effektive<\/span> Hilfe durch unser Team.<\/h2>\t\t\t\t<\/div>\n\t\t\t\t<\/div>\n\t\t\t\t<div class=\"elementor-element elementor-element-cde7fa4 elementor-position-inline-start elementor-view-default elementor-mobile-position-block-start elementor-widget elementor-widget-icon-box\" data-id=\"cde7fa4\" data-element_type=\"widget\" data-e-type=\"widget\" data-widget_type=\"icon-box.default\">\n\t\t\t\t<div class=\"elementor-widget-container\">\n\t\t\t\t\t\t\t<div class=\"elementor-icon-box-wrapper\">\n\n\t\t\t\t\t\t<div class=\"elementor-icon-box-icon\">\n\t\t\t\t<span  class=\"elementor-icon\">\n\t\t\t\t<svg xmlns=\"http:\/\/www.w3.org\/2000\/svg\" width=\"88\" height=\"89\" viewbox=\"0 0 88 89\" fill=\"none\"><rect x=\"0.707017\" y=\"43.5877\" width=\"61\" height=\"61\" rx=\"11.5\" transform=\"rotate(-44.0881 0.707017 43.5877)\" stroke=\"#0069B5\"><\/rect><path d=\"M50.25 33.814H37.75C34 33.814 31.5 35.689 31.5 40.064V48.814C31.5 53.189 34 55.064 37.75 55.064H50.25C54 55.064 56.5 53.189 56.5 48.814V40.064C56.5 35.689 54 33.814 50.25 33.814ZM50.8375 41.4265L46.925 44.5515C46.1 45.214 45.05 45.539 44 45.539C42.95 45.539 41.8875 45.214 41.075 44.5515L37.1625 41.4265C36.7625 41.1015 36.7 40.5015 37.0125 40.1015C37.3375 39.7015 37.925 39.6265 38.325 39.9515L42.2375 43.0765C43.1875 43.839 44.8 43.839 45.75 43.0765L49.6625 39.9515C50.0625 39.6265 50.6625 39.689 50.975 40.1015C51.3 40.5015 51.2375 41.1015 50.8375 41.4265Z\" fill=\"#0069B5\"><\/path><\/svg>\t\t\t\t<\/span>\n\t\t\t<\/div>\n\t\t\t\n\t\t\t\t\t\t<div class=\"elementor-icon-box-content\">\n\n\t\t\t\t\t\t\t\t\t<h3 class=\"elementor-icon-box-title\">\n\t\t\t\t\t\t<span  >\n\t\t\t\t\t\t\tKontaktieren Sie uns per E-Mail\t\t\t\t\t\t<\/span>\n\t\t\t\t\t<\/h3>\n\t\t\t\t\n\t\t\t\t\t\t\t\t\t<p class=\"elementor-icon-box-description\">\n\t\t\t\t\t\tsupport@www.genese.de\t\t\t\t\t<\/p>\n\t\t\t\t\n\t\t\t<\/div>\n\t\t\t\n\t\t<\/div>\n\t\t\t\t\t\t<\/div>\n\t\t\t\t<\/div>\n\t\t\t\t<div class=\"elementor-element elementor-element-03710a9 elementor-position-inline-start elementor-view-default elementor-mobile-position-block-start elementor-widget elementor-widget-icon-box\" data-id=\"03710a9\" data-element_type=\"widget\" data-e-type=\"widget\" data-widget_type=\"icon-box.default\">\n\t\t\t\t<div class=\"elementor-widget-container\">\n\t\t\t\t\t\t\t<div class=\"elementor-icon-box-wrapper\">\n\n\t\t\t\t\t\t<div class=\"elementor-icon-box-icon\">\n\t\t\t\t<span  class=\"elementor-icon\">\n\t\t\t\t<svg xmlns=\"http:\/\/www.w3.org\/2000\/svg\" width=\"88\" height=\"88\" viewbox=\"0 0 88 88\" fill=\"none\"><rect x=\"0.707017\" y=\"43.2578\" width=\"61\" height=\"61\" rx=\"11.5\" transform=\"rotate(-44.0881 0.707017 43.2578)\" stroke=\"#0069B5\"><\/rect><path d=\"M42.8125 47.7966L40.5 50.1091C40.0125 50.5966 39.2375 50.5966 38.7375 50.1216C38.6 49.9841 38.4625 49.8591 38.325 49.7216C37.0375 48.4216 35.875 47.0591 34.8375 45.6341C33.8125 44.2091 32.9875 42.7841 32.3875 41.3716C31.8 39.9466 31.5 38.5841 31.5 37.2841C31.5 36.4341 31.65 35.6216 31.95 34.8716C32.25 34.1091 32.725 33.4091 33.3875 32.7841C34.1875 31.9966 35.0625 31.6091 35.9875 31.6091C36.3375 31.6091 36.6875 31.6841 37 31.8341C37.325 31.9841 37.6125 32.2091 37.8375 32.5341L40.7375 36.6216C40.9625 36.9341 41.125 37.2216 41.2375 37.4966C41.35 37.7591 41.4125 38.0216 41.4125 38.2591C41.4125 38.5591 41.325 38.8591 41.15 39.1466C40.9875 39.4341 40.75 39.7341 40.45 40.0341L39.5 41.0216C39.3625 41.1591 39.3 41.3216 39.3 41.5216C39.3 41.6216 39.3125 41.7091 39.3375 41.8091C39.375 41.9091 39.4125 41.9841 39.4375 42.0591C39.6625 42.4716 40.05 43.0091 40.6 43.6591C41.1625 44.3091 41.7625 44.9716 42.4125 45.6341C42.5375 45.7591 42.675 45.8841 42.8 46.0091C43.3 46.4966 43.3125 47.2966 42.8125 47.7966Z\" fill=\"#0069B5\"><\/path><path d=\"M56.4625 52.0217C56.4625 52.3717 56.4 52.7342 56.275 53.0842C56.2375 53.1842 56.2 53.2842 56.15 53.3842C55.9375 53.8342 55.6625 54.2592 55.3 54.6592C54.6875 55.3342 54.0125 55.8217 53.25 56.1342C53.2375 56.1342 53.225 56.1467 53.2125 56.1467C52.475 56.4467 51.675 56.6092 50.8125 56.6092C49.5375 56.6092 48.175 56.3092 46.7375 55.6967C45.3 55.0842 43.8625 54.2592 42.4375 53.2217C41.95 52.8592 41.4625 52.4967 41 52.1092L45.0875 48.0217C45.4375 48.2842 45.75 48.4842 46.0125 48.6217C46.075 48.6467 46.15 48.6842 46.2375 48.7217C46.3375 48.7592 46.4375 48.7717 46.55 48.7717C46.7625 48.7717 46.925 48.6967 47.0625 48.5592L48.0125 47.6217C48.325 47.3092 48.625 47.0717 48.9125 46.9217C49.2 46.7467 49.4875 46.6592 49.8 46.6592C50.0375 46.6592 50.2875 46.7092 50.5625 46.8217C50.8375 46.9342 51.125 47.0967 51.4375 47.3092L55.575 50.2467C55.9 50.4717 56.125 50.7342 56.2625 51.0467C56.3875 51.3592 56.4625 51.6717 56.4625 52.0217Z\" fill=\"#0069B5\"><\/path><\/svg>\t\t\t\t<\/span>\n\t\t\t<\/div>\n\t\t\t\n\t\t\t\t\t\t<div class=\"elementor-icon-box-content\">\n\n\t\t\t\t\t\t\t\t\t<h3 class=\"elementor-icon-box-title\">\n\t\t\t\t\t\t<span  >\n\t\t\t\t\t\t\tKontaktieren Sie uns per Telefon\t\t\t\t\t\t<\/span>\n\t\t\t\t\t<\/h3>\n\t\t\t\t\n\t\t\t\t\t\t\t\t\t<p class=\"elementor-icon-box-description\">\n\t\t\t\t\t\t+49-421-56561-50\t\t\t\t\t<\/p>\n\t\t\t\t\n\t\t\t<\/div>\n\t\t\t\n\t\t<\/div>\n\t\t\t\t\t\t<\/div>\n\t\t\t\t<\/div>\n\t\t\t\t<div class=\"elementor-element elementor-element-9803aed elementor-position-inline-start elementor-view-default elementor-mobile-position-block-start elementor-widget elementor-widget-icon-box\" data-id=\"9803aed\" data-element_type=\"widget\" data-e-type=\"widget\" data-widget_type=\"icon-box.default\">\n\t\t\t\t<div class=\"elementor-widget-container\">\n\t\t\t\t\t\t\t<div class=\"elementor-icon-box-wrapper\">\n\n\t\t\t\t\t\t<div class=\"elementor-icon-box-icon\">\n\t\t\t\t<span  class=\"elementor-icon\">\n\t\t\t\t<svg xmlns=\"http:\/\/www.w3.org\/2000\/svg\" width=\"88\" height=\"89\" viewbox=\"0 0 88 89\" fill=\"none\"><rect x=\"0.707017\" y=\"43.928\" width=\"61\" height=\"61\" rx=\"11.5\" transform=\"rotate(-44.0881 0.707017 43.928)\" stroke=\"#0069B5\"><\/rect><path d=\"M52.3621 44.1918C51.6496 44.0043 50.8121 43.9043 49.8121 43.9043C48.4246 43.9043 47.9121 44.2418 47.1996 44.7793C47.1621 44.8043 47.1246 44.8418 47.0871 44.8793L45.8996 46.1418C44.9121 47.2043 43.0996 47.2043 42.0996 46.1418L40.9121 44.8918C40.8746 44.8418 40.8371 44.8043 40.7996 44.7793C40.0746 44.2418 39.5621 43.9043 38.1871 43.9043C37.1871 43.9043 36.3496 43.9918 35.6371 44.1918C32.6621 44.9918 32.6621 47.3543 32.6621 49.4293V50.5918C32.6621 53.7293 32.6621 57.2793 39.3496 57.2793H48.6496C53.0871 57.2793 55.3371 55.0293 55.3371 50.5918V49.4293C55.3371 47.3543 55.3371 44.9918 52.3621 44.1918Z\" fill=\"#0069B5\"><\/path><path d=\"M47.4873 32.2793H40.5123C34.9873 32.2793 34.9873 35.2168 34.9873 37.8043V42.4293C35.0373 42.4043 35.0998 42.3918 35.1498 42.3793C36.0248 42.1418 37.0123 42.0293 38.1873 42.0293C40.1123 42.0293 41.0248 42.5918 41.9248 43.2793C42.0498 43.3668 42.1748 43.4793 42.2873 43.6043L43.4623 44.8418C43.5873 44.9793 43.7873 45.0543 43.9998 45.0543C44.2123 45.0543 44.4123 44.9793 44.5248 44.8543L45.7248 43.5918C45.8248 43.4918 45.9373 43.3793 46.0623 43.2918C46.9873 42.5918 47.8873 42.0293 49.8123 42.0293C50.9873 42.0293 51.9748 42.1418 52.8498 42.3793C52.8998 42.3918 52.9623 42.4043 53.0123 42.4293V37.8043C53.0123 35.2168 53.0123 32.2793 47.4873 32.2793ZM45.9373 40.4043H42.0623C41.5873 40.4043 41.1873 40.0043 41.1873 39.5293C41.1873 39.0418 41.5873 38.6543 42.0623 38.6543H45.9373C46.4123 38.6543 46.8123 39.0418 46.8123 39.5293C46.8123 40.0043 46.4123 40.4043 45.9373 40.4043ZM46.9123 36.9168H41.0873C40.6123 36.9168 40.2248 36.5168 40.2248 36.0418C40.2248 35.5543 40.6123 35.1668 41.0873 35.1668H46.9123C47.3873 35.1668 47.7748 35.5543 47.7748 36.0418C47.7748 36.5168 47.3873 36.9168 46.9123 36.9168Z\" fill=\"#0069B5\"><\/path><\/svg>\t\t\t\t<\/span>\n\t\t\t<\/div>\n\t\t\t\n\t\t\t\t\t\t<div class=\"elementor-icon-box-content\">\n\n\t\t\t\t\t\t\t\t\t<h3 class=\"elementor-icon-box-title\">\n\t\t\t\t\t\t<span  >\n\t\t\t\t\t\t\tKontaktieren Sie uns per Fax\t\t\t\t\t\t<\/span>\n\t\t\t\t\t<\/h3>\n\t\t\t\t\n\t\t\t\t\t\t\t\t\t<p class=\"elementor-icon-box-description\">\n\t\t\t\t\t\t+49-421-56561-56\t\t\t\t\t<\/p>\n\t\t\t\t\n\t\t\t<\/div>\n\t\t\t\n\t\t<\/div>\n\t\t\t\t\t\t<\/div>\n\t\t\t\t<\/div>\n\t\t\t\t<\/div>\n\t\t<div class=\"elementor-element elementor-element-6649ab6 e-con-full e-flex e-con e-child\" data-id=\"6649ab6\" data-element_type=\"container\" data-e-type=\"container\">\n\t\t\t\t<div class=\"elementor-element elementor-element-9689de6 elementor-widget elementor-widget-image\" data-id=\"9689de6\" data-element_type=\"widget\" data-e-type=\"widget\" data-widget_type=\"image.default\">\n\t\t\t\t<div class=\"elementor-widget-container\">\n\t\t\t\t\t\t\t\t\t\t\t\t\t\t\t<img loading=\"lazy\" decoding=\"async\" width=\"1024\" height=\"1024\" src=\"https:\/\/www.genese.de\/wp-content\/uploads\/2023\/10\/support-effective-1024x1024.png\" class=\"attachment-large size-large wp-image-1350\" alt=\"\" srcset=\"https:\/\/www.genese.de\/wp-content\/uploads\/2023\/10\/support-effective-1024x1024.png 1024w, https:\/\/www.genese.de\/wp-content\/uploads\/2023\/10\/support-effective-300x300.png 300w, https:\/\/www.genese.de\/wp-content\/uploads\/2023\/10\/support-effective-150x150.png 150w, https:\/\/www.genese.de\/wp-content\/uploads\/2023\/10\/support-effective-768x768.png 768w, https:\/\/www.genese.de\/wp-content\/uploads\/2023\/10\/support-effective.png 1154w\" sizes=\"(max-width: 1024px) 100vw, 1024px\" \/>\t\t\t\t\t\t\t\t\t\t\t\t\t\t\t<\/div>\n\t\t\t\t<\/div>\n\t\t\t\t<\/div>\n\t\t\t\t\t<\/div>\n\t\t\t\t<\/div>\n\t\t\t\t<\/div>","protected":false},"excerpt":{"rendered":"<p>Support The Genesis Academy is available to you for training and further education.We offer the following options: Fast and Effective Assistance From Our Team. Contact us our email support@www.genese.de Contact us our Phone Number +49-421-56561-50 Contact us our Fax +49-421-56561-56<\/p>","protected":false},"author":1,"featured_media":0,"parent":0,"menu_order":0,"comment_status":"closed","ping_status":"closed","template":"","meta":{"_acf_changed":false,"site-sidebar-layout":"no-sidebar","site-content-layout":"","ast-site-content-layout":"full-width-container","site-content-style":"default","site-sidebar-style":"default","ast-global-header-display":"","ast-banner-title-visibility":"","ast-main-header-display":"","ast-hfb-above-header-display":"","ast-hfb-below-header-display":"","ast-hfb-mobile-header-display":"","site-post-title":"disabled","ast-breadcrumbs-content":"","ast-featured-img":"disabled","footer-sml-layout":"","theme-transparent-header-meta":"","adv-header-id-meta":"","stick-header-meta":"","header-above-stick-meta":"","header-main-stick-meta":"","header-below-stick-meta":"","astra-migrate-meta-layouts":"","footnotes":""},"class_list":["post-1317","page","type-page","status-publish","hentry"],"acf":[],"_links":{"self":[{"href":"https:\/\/www.genese.de\/de\/wp-json\/wp\/v2\/pages\/1317","targetHints":{"allow":["GET"]}}],"collection":[{"href":"https:\/\/www.genese.de\/de\/wp-json\/wp\/v2\/pages"}],"about":[{"href":"https:\/\/www.genese.de\/de\/wp-json\/wp\/v2\/types\/page"}],"author":[{"embeddable":true,"href":"https:\/\/www.genese.de\/de\/wp-json\/wp\/v2\/users\/1"}],"replies":[{"embeddable":true,"href":"https:\/\/www.genese.de\/de\/wp-json\/wp\/v2\/comments?post=1317"}],"version-history":[{"count":76,"href":"https:\/\/www.genese.de\/de\/wp-json\/wp\/v2\/pages\/1317\/revisions"}],"predecessor-version":[{"id":4244,"href":"https:\/\/www.genese.de\/de\/wp-json\/wp\/v2\/pages\/1317\/revisions\/4244"}],"wp:attachment":[{"href":"https:\/\/www.genese.de\/de\/wp-json\/wp\/v2\/media?parent=1317"}],"curies":[{"name":"wp","href":"https:\/\/api.w.org\/{rel}","templated":true}]}}