{"id":1719,"date":"2023-11-05T15:11:46","date_gmt":"2023-11-05T15:11:46","guid":{"rendered":"https:\/\/newhomepage.ip-management.software\/?page_id=1719"},"modified":"2024-01-10T04:22:28","modified_gmt":"2024-01-10T04:22:28","slug":"genese-for-business","status":"publish","type":"page","link":"https:\/\/www.genese.de\/de\/genese-for-business\/","title":{"rendered":"Genese f\u00fcr Industrie"},"content":{"rendered":"<div data-elementor-type=\"wp-page\" data-elementor-id=\"1719\" class=\"elementor elementor-1719\">\n\t\t\t\t<div class=\"elementor-element elementor-element-dcbc5cc e-flex e-con-boxed e-con e-parent\" data-id=\"dcbc5cc\" data-element_type=\"container\" data-e-type=\"container\">\n\t\t\t\t\t<div class=\"e-con-inner\">\n\t\t\t\t<div class=\"elementor-element elementor-element-48deb33 elementor-widget elementor-widget-heading\" data-id=\"48deb33\" data-element_type=\"widget\" data-e-type=\"widget\" data-widget_type=\"heading.default\">\n\t\t\t\t<div class=\"elementor-widget-container\">\n\t\t\t\t\t<h2 class=\"elementor-heading-title elementor-size-default\">Genese f\u00fcr Industrie<\/h2>\t\t\t\t<\/div>\n\t\t\t\t<\/div>\n\t\t\t\t<div class=\"elementor-element elementor-element-431d88f elementor-widget__width-initial elementor-widget elementor-widget-text-editor\" data-id=\"431d88f\" data-element_type=\"widget\" data-e-type=\"widget\" data-widget_type=\"text-editor.default\">\n\t\t\t\t<div class=\"elementor-widget-container\">\n\t\t\t\t\t\t\t\t\t<p>Sie sind auf der Suche nach einer neuen Softwarel\u00f6sung f\u00fcr die Verwaltung Ihrer gewerblichen Schutzrechte? Bei Genese finden Sie die auf Ihre Bed\u00fcrfnisse zugeschnittene Version!<\/p>\t\t\t\t\t\t\t\t<\/div>\n\t\t\t\t<\/div>\n\t\t\t\t<div class=\"elementor-element elementor-element-1a7c389 elementor-arrows-position-inside elementor-pagination-position-outside elementor-widget elementor-widget-image-carousel\" data-id=\"1a7c389\" data-element_type=\"widget\" data-e-type=\"widget\" data-settings=\"{&quot;slides_to_show&quot;:&quot;1&quot;,&quot;lazyload&quot;:&quot;yes&quot;,&quot;autoplay&quot;:&quot;no&quot;,&quot;navigation&quot;:&quot;both&quot;,&quot;infinite&quot;:&quot;yes&quot;,&quot;effect&quot;:&quot;slide&quot;,&quot;speed&quot;:500}\" data-widget_type=\"image-carousel.default\">\n\t\t\t\t<div class=\"elementor-widget-container\">\n\t\t\t\t\t\t\t<div class=\"elementor-image-carousel-wrapper swiper\" role=\"region\" aria-roledescription=\"carousel\" aria-label=\"Bild Karussell\" dir=\"ltr\">\n\t\t\t<div class=\"elementor-image-carousel swiper-wrapper\" aria-live=\"polite\">\n\t\t\t\t\t\t\t\t<div class=\"swiper-slide\" role=\"group\" aria-roledescription=\"slide\" aria-label=\"1 von 2\" data-no-translation-aria-label=\"\"><figure class=\"swiper-slide-inner\"><img class=\"swiper-slide-image swiper-lazy\" data-src=\"https:\/\/www.genese.de\/wp-content\/uploads\/2023\/12\/business-1.jpg\" alt=\"business-1\" \/><div class=\"swiper-lazy-preloader\"><\/div><\/figure><\/div><div class=\"swiper-slide\" role=\"group\" aria-roledescription=\"slide\" aria-label=\"2 von 2\" data-no-translation-aria-label=\"\"><figure class=\"swiper-slide-inner\"><img class=\"swiper-slide-image swiper-lazy\" data-src=\"https:\/\/www.genese.de\/wp-content\/uploads\/2023\/12\/business-2.jpg\" alt=\"business-2\" \/><div class=\"swiper-lazy-preloader\"><\/div><\/figure><\/div>\t\t\t<\/div>\n\t\t\t\t\t\t\t\t\t\t\t\t<div class=\"elementor-swiper-button elementor-swiper-button-prev\" role=\"button\" tabindex=\"0\">\n\t\t\t\t\t\t<i aria-hidden=\"true\" class=\"eicon-chevron-left\"><\/i>\t\t\t\t\t<\/div>\n\t\t\t\t\t<div class=\"elementor-swiper-button elementor-swiper-button-next\" role=\"button\" tabindex=\"0\">\n\t\t\t\t\t\t<i aria-hidden=\"true\" class=\"eicon-chevron-right\"><\/i>\t\t\t\t\t<\/div>\n\t\t\t\t\n\t\t\t\t\t\t\t\t\t<div class=\"swiper-pagination\"><\/div>\n\t\t\t\t\t\t\t\t\t<\/div>\n\t\t\t\t\t\t<\/div>\n\t\t\t\t<\/div>\n\t\t\t\t\t<\/div>\n\t\t\t\t<\/div>\n\t\t<div class=\"elementor-element elementor-element-f88d731 e-flex e-con-boxed e-con e-parent\" data-id=\"f88d731\" data-element_type=\"container\" data-e-type=\"container\">\n\t\t\t\t\t<div class=\"e-con-inner\">\n\t\t\t\t<div class=\"elementor-element elementor-element-5bf3470 elementor-widget elementor-widget-shortcode\" data-id=\"5bf3470\" data-element_type=\"widget\" data-e-type=\"widget\" data-widget_type=\"shortcode.default\">\n\t\t\t\t<div class=\"elementor-widget-container\">\n\t\t\t\t\t\t\t<div class=\"elementor-shortcode\">        <div class=\"product-box\">\n                            <div class=\"product-item\">\n                    <div class=\"product-icon\"><img decoding=\"async\" width=\"82\" height=\"82\" src=\"https:\/\/www.genese.de\/wp-content\/uploads\/2023\/10\/file-management.png\" class=\"attachment-post-thumbnail size-post-thumbnail wp-post-image\" alt=\"\" \/><\/div>\n                    <h2 class=\"product-title\">Aktenverwaltung<\/h2>\n                    <div class=\"product-excerpt\"><p>Ein integriertes Modul f\u00fcr die Aktenverwaltung in unserer IP-Management-Software erm\u00f6glicht Patentanw\u00e4lten, alle relevanten Informationen und Dokumente in Bezug auf einzelne Patentakten systematisch zu organisieren und zu verwalten. Dies f\u00fchrt zu einer besseren \u00dcbersichtlichkeit, effizienterer Bearbeitung von Patentf\u00e4llen und einer pr\u00e4zisen Verfolgung von Fallentwicklungen.<\/p>\n<\/div>\n                <\/div>\n                                <div class=\"product-item\">\n                    <div class=\"product-icon\"><img decoding=\"async\" width=\"82\" height=\"82\" src=\"https:\/\/www.genese.de\/wp-content\/uploads\/2023\/10\/property-rights.png\" class=\"attachment-post-thumbnail size-post-thumbnail wp-post-image\" alt=\"\" \/><\/div>\n                    <h2 class=\"product-title\">Auswertungen<\/h2>\n                    <div class=\"product-excerpt\"><p>Genese-Auswertungen erm\u00f6glichen Ihnen eine fundierte strategische Planung, die Identifizierung von Trends, die Leistungs\u00fcberwachung von Patenten und die Verbesserung der Entscheidungsfindung bei der Verwaltung von Patenten und Schutzrechten.<\/p>\n<\/div>\n                <\/div>\n                                <div class=\"product-item\">\n                    <div class=\"product-icon\"><img decoding=\"async\" width=\"82\" height=\"82\" src=\"https:\/\/www.genese.de\/wp-content\/uploads\/2023\/10\/document-management.png\" class=\"attachment-post-thumbnail size-post-thumbnail wp-post-image\" alt=\"\" \/><\/div>\n                    <h2 class=\"product-title\">Dokumenten Management<\/h2>\n                    <div class=\"product-excerpt\"><p>Das integrierte DMS erm\u00f6glicht Ihnen eine schnellere Suche nach relevanten Dokumenten, verbessert die Zusammenarbeit im Team durch eine effiziente Aufgabenverteilung und f\u00f6rdert die Einhaltung von Fristen und gesetzlichen Vorgaben.<\/p>\n<\/div>\n                <\/div>\n                                <div class=\"product-item\">\n                    <div class=\"product-icon\"><img loading=\"lazy\" decoding=\"async\" width=\"82\" height=\"82\" src=\"https:\/\/www.genese.de\/wp-content\/uploads\/2023\/10\/deadline-management.png\" class=\"attachment-post-thumbnail size-post-thumbnail wp-post-image\" alt=\"\" \/><\/div>\n                    <h2 class=\"product-title\">Fristen-Management<\/h2>\n                    <div class=\"product-excerpt\"><p>Haben Sie mit Genese Fristen, Termine f\u00fcr Patentanmeldungen und \u2013verl\u00e4ngerungen immer direkt im Blick.  Genese bietet Ihnen durch die automatisch generierten Fristen und Wiedervorlagen eine allumfassende \u00dcberwachung. \u2013 Fristen\u00fcberschreitungen geh\u00f6ren somit der Vergangenheit an.<\/p>\n<\/div>\n                <\/div>\n                                <div class=\"product-item\">\n                    <div class=\"product-icon\"><img loading=\"lazy\" decoding=\"async\" width=\"82\" height=\"82\" src=\"https:\/\/www.genese.de\/wp-content\/uploads\/2023\/10\/fee-schedule.png\" class=\"attachment-post-thumbnail size-post-thumbnail wp-post-image\" alt=\"\" \/><\/div>\n                    <h2 class=\"product-title\">Cost-Forecast<\/h2>\n                    <div class=\"product-excerpt\"><p>Bereits in Genese hinterlegte Daten lassen sich anhand vordefinierter oder speziell angepasster Kriterien auswerten. Die Anwendungsm\u00f6glichkeiten sind nahezu unbegrenzt und k\u00f6nnen problemlos an die spezifischen Anforderungen Ihres Unternehmens angepasst werden. So behalten Sie den \u00dcberblick \u00fcber Ihre geplanten und tats\u00e4chlichen Kosten und schaffen mithilfe einer visuell ansprechenden Prognose eine solide Grundlage f\u00fcr Ihr Backoffice.<\/p>\n<\/div>\n                <\/div>\n                                <div class=\"product-item\">\n                    <div class=\"product-icon\"><img loading=\"lazy\" decoding=\"async\" width=\"82\" height=\"82\" src=\"https:\/\/www.genese.de\/wp-content\/uploads\/2023\/10\/form-letters.png\" class=\"attachment-post-thumbnail size-post-thumbnail wp-post-image\" alt=\"\" \/><\/div>\n                    <h2 class=\"product-title\">Vertrags-management<\/h2>\n                    <div class=\"product-excerpt\"><p>Das Genese Vertragsmanagement erm\u00f6glicht Ihnen eine sichere Verwaltung von Vertr\u00e4gen w\u00e4hrend ihres gesamten Lebenszyklus, angefangen bei der ersten Vereinbarung bis zur rechtlichen Nachbetreuung. Optimieren Sie Ihr Vertragscontrolling, indem Sie Termine und Fristen m\u00fchelos \u00fcberwachen, und nutzen Sie das integrierte Dokumentenmanagementsystem in Genese zur sicheren Archivierung aller relevanten Dokumente.<\/p>\n<\/div>\n                <\/div>\n                                <div class=\"product-item\">\n                    <div class=\"product-icon\"><img loading=\"lazy\" decoding=\"async\" width=\"82\" height=\"82\" src=\"https:\/\/www.genese.de\/wp-content\/uploads\/2023\/10\/email-management.png\" class=\"attachment-post-thumbnail size-post-thumbnail wp-post-image\" alt=\"\" \/><\/div>\n                    <h2 class=\"product-title\">E-Mail Management<\/h2>\n                    <div class=\"product-excerpt\"><p>E-Mails sind aus dem B\u00fcroalltag nicht wegzudenken, und auch hier bietet Genese die ideale L\u00f6sung. Ob Tabellen, Bilder, Berichte oder Familien-Reports \u2013 der Versand ist ebenso unkompliziert wie der Empfang. Genese speichert automatisch s\u00e4mtliche eingehenden und ausgehenden E-Mails im Dokumenten-Management, um die Nachverfolgung und Verwaltung zu erleichtern.<\/p>\n<\/div>\n                <\/div>\n                                <div class=\"product-item\">\n                    <div class=\"product-icon\"><img loading=\"lazy\" decoding=\"async\" width=\"82\" height=\"82\" src=\"https:\/\/www.genese.de\/wp-content\/uploads\/2023\/10\/annual-fee.png\" class=\"attachment-post-thumbnail size-post-thumbnail wp-post-image\" alt=\"\" \/><\/div>\n                    <h2 class=\"product-title\">Erfinderverg\u00fctung<\/h2>\n                    <div class=\"product-excerpt\"><p>Genese erm\u00f6glicht die Erstellung von Arbeitnehmererfindungsakten und bietet die umfassende Abbildung des gesamten Prozesses, angefangen bei der Erfindungsmeldung bis zur Verg\u00fctung. Sie k\u00f6nnen global oder prozessspezifisch festlegen, wie die Verg\u00fctung erfolgen soll, und bei Bedarf individuelle Staffeltabellen definieren.<\/p>\n<\/div>\n                <\/div>\n                        <\/div>\n        <\/div>\n\t\t\t\t\t\t<\/div>\n\t\t\t\t<\/div>\n\t\t\t\t\t<\/div>\n\t\t\t\t<\/div>\n\t\t\t\t<\/div>","protected":false},"excerpt":{"rendered":"<p>Genese for Business Are you looking for a new software solution for managing your intellectual property rights? At Genese you will find the version tailored to your needs!<\/p>","protected":false},"author":1,"featured_media":0,"parent":0,"menu_order":0,"comment_status":"closed","ping_status":"closed","template":"","meta":{"_acf_changed":false,"site-sidebar-layout":"no-sidebar","site-content-layout":"","ast-site-content-layout":"full-width-container","site-content-style":"default","site-sidebar-style":"default","ast-global-header-display":"","ast-banner-title-visibility":"","ast-main-header-display":"","ast-hfb-above-header-display":"","ast-hfb-below-header-display":"","ast-hfb-mobile-header-display":"","site-post-title":"disabled","ast-breadcrumbs-content":"","ast-featured-img":"disabled","footer-sml-layout":"","theme-transparent-header-meta":"","adv-header-id-meta":"","stick-header-meta":"","header-above-stick-meta":"","header-main-stick-meta":"","header-below-stick-meta":"","astra-migrate-meta-layouts":"","footnotes":""},"class_list":["post-1719","page","type-page","status-publish","hentry"],"acf":[],"_links":{"self":[{"href":"https:\/\/www.genese.de\/de\/wp-json\/wp\/v2\/pages\/1719","targetHints":{"allow":["GET"]}}],"collection":[{"href":"https:\/\/www.genese.de\/de\/wp-json\/wp\/v2\/pages"}],"about":[{"href":"https:\/\/www.genese.de\/de\/wp-json\/wp\/v2\/types\/page"}],"author":[{"embeddable":true,"href":"https:\/\/www.genese.de\/de\/wp-json\/wp\/v2\/users\/1"}],"replies":[{"embeddable":true,"href":"https:\/\/www.genese.de\/de\/wp-json\/wp\/v2\/comments?post=1719"}],"version-history":[{"count":28,"href":"https:\/\/www.genese.de\/de\/wp-json\/wp\/v2\/pages\/1719\/revisions"}],"predecessor-version":[{"id":4718,"href":"https:\/\/www.genese.de\/de\/wp-json\/wp\/v2\/pages\/1719\/revisions\/4718"}],"wp:attachment":[{"href":"https:\/\/www.genese.de\/de\/wp-json\/wp\/v2\/media?parent=1719"}],"curies":[{"name":"wp","href":"https:\/\/api.w.org\/{rel}","templated":true}]}}