{"id":1751,"date":"2023-11-06T05:48:49","date_gmt":"2023-11-06T05:48:49","guid":{"rendered":"https:\/\/newhomepage.ip-management.software\/?page_id=1751"},"modified":"2023-12-17T04:25:11","modified_gmt":"2023-12-17T04:25:11","slug":"genese-owa","status":"publish","type":"page","link":"https:\/\/www.genese.de\/de\/genese-owa\/","title":{"rendered":"Genese EWS"},"content":{"rendered":"<div data-elementor-type=\"wp-page\" data-elementor-id=\"1751\" class=\"elementor elementor-1751\">\n\t\t\t\t<div class=\"elementor-element elementor-element-dcbc5cc e-flex e-con-boxed e-con e-parent\" data-id=\"dcbc5cc\" data-element_type=\"container\" data-e-type=\"container\">\n\t\t\t\t\t<div class=\"e-con-inner\">\n\t\t\t\t<div class=\"elementor-element elementor-element-48deb33 elementor-widget elementor-widget-heading\" data-id=\"48deb33\" data-element_type=\"widget\" data-e-type=\"widget\" data-widget_type=\"heading.default\">\n\t\t\t\t<div class=\"elementor-widget-container\">\n\t\t\t\t\t<h2 class=\"elementor-heading-title elementor-size-default\">Genese EWS<\/h2>\t\t\t\t<\/div>\n\t\t\t\t<\/div>\n\t\t\t\t<div class=\"elementor-element elementor-element-431d88f elementor-widget__width-initial elementor-widget elementor-widget-text-editor\" data-id=\"431d88f\" data-element_type=\"widget\" data-e-type=\"widget\" data-widget_type=\"text-editor.default\">\n\t\t\t\t<div class=\"elementor-widget-container\">\n\t\t\t\t\t\t\t\t\tMit der Einrichtung des EW-Services in Genese schaffen Sie eine neue und schnelle M\u00f6glichkeit Ihre E-Mails automatisch in Genese abzulegen und zu verwalten. Dar\u00fcber hinaus bietet es eine Ansicht der Aktenvorschau in Outlook an und eine direkte Verkn\u00fcpfung zu den Fristen \u2013 und das ohne ein aktives \u00d6ffnen der Genese Software!\t\t\t\t\t\t\t\t<\/div>\n\t\t\t\t<\/div>\n\t\t\t\t<div class=\"elementor-element elementor-element-a8a5cf6 elementor-widget elementor-widget-image\" data-id=\"a8a5cf6\" data-element_type=\"widget\" data-e-type=\"widget\" data-widget_type=\"image.default\">\n\t\t\t\t<div class=\"elementor-widget-container\">\n\t\t\t\t\t\t\t\t\t\t\t\t\t\t\t<img fetchpriority=\"high\" decoding=\"async\" width=\"1701\" height=\"1024\" src=\"https:\/\/www.genese.de\/wp-content\/uploads\/2023\/12\/ews-ger.jpg\" class=\"attachment-full size-full wp-image-4415\" alt=\"\" srcset=\"https:\/\/www.genese.de\/wp-content\/uploads\/2023\/12\/ews-ger.jpg 1701w, https:\/\/www.genese.de\/wp-content\/uploads\/2023\/12\/ews-ger-300x181.jpg 300w, https:\/\/www.genese.de\/wp-content\/uploads\/2023\/12\/ews-ger-1024x616.jpg 1024w, https:\/\/www.genese.de\/wp-content\/uploads\/2023\/12\/ews-ger-768x462.jpg 768w, https:\/\/www.genese.de\/wp-content\/uploads\/2023\/12\/ews-ger-1536x925.jpg 1536w, https:\/\/www.genese.de\/wp-content\/uploads\/2023\/12\/ews-ger-18x12.jpg 18w\" sizes=\"(max-width: 1701px) 100vw, 1701px\" \/>\t\t\t\t\t\t\t\t\t\t\t\t\t\t\t<\/div>\n\t\t\t\t<\/div>\n\t\t\t\t\t<\/div>\n\t\t\t\t<\/div>\n\t\t<div class=\"elementor-element elementor-element-f88d731 e-flex e-con-boxed e-con e-parent\" data-id=\"f88d731\" data-element_type=\"container\" data-e-type=\"container\">\n\t\t\t\t\t<div class=\"e-con-inner\">\n\t\t\t\t<div class=\"elementor-element elementor-element-5bf3470 elementor-widget elementor-widget-shortcode\" data-id=\"5bf3470\" data-element_type=\"widget\" data-e-type=\"widget\" data-widget_type=\"shortcode.default\">\n\t\t\t\t<div class=\"elementor-widget-container\">\n\t\t\t\t\t\t\t<div class=\"elementor-shortcode\">        <div class=\"product-box\">\n                            <div class=\"product-item\">\n                    <div class=\"product-icon\"><img decoding=\"async\" width=\"82\" height=\"82\" src=\"https:\/\/www.genese.de\/wp-content\/uploads\/2023\/10\/file-management.png\" class=\"attachment-post-thumbnail size-post-thumbnail wp-post-image\" alt=\"\" \/><\/div>\n                    <h2 class=\"product-title\">Anh\u00e4nge<\/h2>\n                    <div class=\"product-excerpt\"><p>Dank unserer Outlook-Erweiterung k\u00f6nnen Sie mit nur wenigen Klicks jedes in Genese hinterlegte Dokument als Anhang hinzuf\u00fcgen, ohne zwischen den Anwendungen wechseln zu m\u00fcssen.<\/p>\n<\/div>\n                <\/div>\n                                <div class=\"product-item\">\n                    <div class=\"product-icon\"><img decoding=\"async\" width=\"82\" height=\"82\" src=\"https:\/\/www.genese.de\/wp-content\/uploads\/2023\/10\/property-rights.png\" class=\"attachment-post-thumbnail size-post-thumbnail wp-post-image\" alt=\"\" \/><\/div>\n                    <h2 class=\"product-title\">Alarm-Emails<\/h2>\n                    <div class=\"product-excerpt\"><p>Doppelt h\u00e4lt besser - Unsere EWS-Dienstleistung erg\u00e4nzt die bereits in Genese vorhandenen VOR-Fristen und bietet Ihnen eine zus\u00e4tzliche Kontrollinstanz. Die automatisierten E-Mail-Benachrichtigungen werden anhand der in Genese hinterlegten Fristen ausgel\u00f6st und gew\u00e4hrleisten stets aktuelle Informationen.<\/p>\n<\/div>\n                <\/div>\n                                <div class=\"product-item\">\n                    <div class=\"product-icon\"><img loading=\"lazy\" decoding=\"async\" width=\"82\" height=\"82\" src=\"https:\/\/www.genese.de\/wp-content\/uploads\/2023\/10\/document-management.png\" class=\"attachment-post-thumbnail size-post-thumbnail wp-post-image\" alt=\"\" \/><\/div>\n                    <h2 class=\"product-title\">Schnellzugriff<\/h2>\n                    <div class=\"product-excerpt\"><p>Selbst beim manuellen Import legen wir Wert auf Benutzerfreundlichkeit. Das System erkennt automatisch die am h\u00e4ufigsten aufgerufenen Aktenzeichen und speichert sie als Favoriten ab. Dadurch k\u00f6nnen selbst E-Mails ohne Aktenzeichen im Betreff einfach und direkt in Genese hinterlegt werden.<\/p>\n<\/div>\n                <\/div>\n                                <div class=\"product-item\">\n                    <div class=\"product-icon\"><img loading=\"lazy\" decoding=\"async\" width=\"82\" height=\"82\" src=\"https:\/\/www.genese.de\/wp-content\/uploads\/2023\/10\/deadline-management.png\" class=\"attachment-post-thumbnail size-post-thumbnail wp-post-image\" alt=\"\" \/><\/div>\n                    <h2 class=\"product-title\">OWA Support<\/h2>\n                    <div class=\"product-excerpt\"><p>Ganz gleich, ob Sie einen internen Exchange Server verwenden oder die cloudbasierte Webvariante 365 von Microsoft nutzen \u2013 unser EWS-Dienst ist mit jeder Outlook-Variante kompatibel und steht Ihnen zur Verf\u00fcgung.<\/p>\n<\/div>\n                <\/div>\n                                <div class=\"product-item\">\n                    <div class=\"product-icon\"><img loading=\"lazy\" decoding=\"async\" width=\"82\" height=\"82\" src=\"https:\/\/www.genese.de\/wp-content\/uploads\/2023\/10\/fee-schedule.png\" class=\"attachment-post-thumbnail size-post-thumbnail wp-post-image\" alt=\"\" \/><\/div>\n                    <h2 class=\"product-title\">PMS in Outlook<\/h2>\n                    <div class=\"product-excerpt\"><p>Durch die Aktivierung des EWS-Services er\u00f6ffnen sich Ihnen neue, zeitsparende Wege, um s\u00e4mtliche wichtigen Genese-Funktionen direkt in Ihrer Outlook-Umgebung zur Hand zu haben. Ob Sie die Aktenvorschau nutzen oder die Fristen\u00fcbersicht ben\u00f6tigen \u2013 Sie haben vollen Zugriff auf alle relevanten Bereiche f\u00fcr Ihre Korrespondenz.<\/p>\n<\/div>\n                <\/div>\n                                <div class=\"product-item\">\n                    <div class=\"product-icon\"><img loading=\"lazy\" decoding=\"async\" width=\"82\" height=\"82\" src=\"https:\/\/www.genese.de\/wp-content\/uploads\/2023\/10\/form-letters.png\" class=\"attachment-post-thumbnail size-post-thumbnail wp-post-image\" alt=\"\" \/><\/div>\n                    <h2 class=\"product-title\">Automatischer Import<\/h2>\n                    <div class=\"product-excerpt\"><p>Dank des automatischen Imports k\u00f6nnen Sie sicherstellen, dass in Ihrem hektischen Arbeitsalltag keine wichtige E-Mail mehr unbeachtet bleibt. Dieser Dienst gew\u00e4hrleistet, dass jede eingehende oder von Ihnen gesendete E-Mail stets im entsprechenden Aktenarchiv abgelegt wird.<\/p>\n<\/div>\n                <\/div>\n                                <div class=\"product-item\">\n                    <div class=\"product-icon\"><img loading=\"lazy\" decoding=\"async\" width=\"82\" height=\"82\" src=\"https:\/\/www.genese.de\/wp-content\/uploads\/2023\/10\/email-management.png\" class=\"attachment-post-thumbnail size-post-thumbnail wp-post-image\" alt=\"\" \/><\/div>\n                    <h2 class=\"product-title\">Keine doppelte Archivierung<\/h2>\n                    <div class=\"product-excerpt\"><p>Die Logik des EWS-Dienstes verhindert, dass E-Mails mit mehreren Empf\u00e4ngern beim Archivieren in Genese doppelt abgelegt werden, um eine effiziente und ordnungsgem\u00e4\u00dfe Archivierung sicherzustellen<\/p>\n<\/div>\n                <\/div>\n                                <div class=\"product-item\">\n                    <div class=\"product-icon\"><img loading=\"lazy\" decoding=\"async\" width=\"82\" height=\"82\" src=\"https:\/\/www.genese.de\/wp-content\/uploads\/2023\/10\/annual-fee.png\" class=\"attachment-post-thumbnail size-post-thumbnail wp-post-image\" alt=\"\" \/><\/div>\n                    <h2 class=\"product-title\">Form E-Mails<\/h2>\n                    <div class=\"product-excerpt\"><p>Das mit eines der gr\u00f6\u00dfte Einsparpotential f\u00fcr Patentanw\u00e4lte liegt beim Erstellen von Schreiben. Durch Hinterlegen m\u00f6glichst vieler Daten in einer Datenbank und standardisierten Formbriefen k\u00f6nnen Anschreiben fast automatisch erstellt werden.<\/p>\n<\/div>\n                <\/div>\n                        <\/div>\n        <\/div>\n\t\t\t\t\t\t<\/div>\n\t\t\t\t<\/div>\n\t\t\t\t\t<\/div>\n\t\t\t\t<\/div>\n\t\t\t\t<\/div>","protected":false},"excerpt":{"rendered":"<p>Genese OWA By setting up the EW service in Genese, you create a new and quick way to automatically store and manage your emails in Genese. In addition, it offers a view of the file preview in Outlook and a direct link to the deadlines &#8211; without actively opening the Genesis software!<\/p>","protected":false},"author":1,"featured_media":0,"parent":0,"menu_order":0,"comment_status":"closed","ping_status":"closed","template":"","meta":{"_acf_changed":false,"site-sidebar-layout":"no-sidebar","site-content-layout":"","ast-site-content-layout":"full-width-container","site-content-style":"default","site-sidebar-style":"default","ast-global-header-display":"","ast-banner-title-visibility":"","ast-main-header-display":"","ast-hfb-above-header-display":"","ast-hfb-below-header-display":"","ast-hfb-mobile-header-display":"","site-post-title":"disabled","ast-breadcrumbs-content":"","ast-featured-img":"disabled","footer-sml-layout":"","theme-transparent-header-meta":"","adv-header-id-meta":"","stick-header-meta":"","header-above-stick-meta":"","header-main-stick-meta":"","header-below-stick-meta":"","astra-migrate-meta-layouts":"","footnotes":""},"class_list":["post-1751","page","type-page","status-publish","hentry"],"acf":[],"_links":{"self":[{"href":"https:\/\/www.genese.de\/de\/wp-json\/wp\/v2\/pages\/1751","targetHints":{"allow":["GET"]}}],"collection":[{"href":"https:\/\/www.genese.de\/de\/wp-json\/wp\/v2\/pages"}],"about":[{"href":"https:\/\/www.genese.de\/de\/wp-json\/wp\/v2\/types\/page"}],"author":[{"embeddable":true,"href":"https:\/\/www.genese.de\/de\/wp-json\/wp\/v2\/users\/1"}],"replies":[{"embeddable":true,"href":"https:\/\/www.genese.de\/de\/wp-json\/wp\/v2\/comments?post=1751"}],"version-history":[{"count":25,"href":"https:\/\/www.genese.de\/de\/wp-json\/wp\/v2\/pages\/1751\/revisions"}],"predecessor-version":[{"id":4421,"href":"https:\/\/www.genese.de\/de\/wp-json\/wp\/v2\/pages\/1751\/revisions\/4421"}],"wp:attachment":[{"href":"https:\/\/www.genese.de\/de\/wp-json\/wp\/v2\/media?parent=1751"}],"curies":[{"name":"wp","href":"https:\/\/api.w.org\/{rel}","templated":true}]}}