{"id":1813,"date":"2023-11-08T04:33:54","date_gmt":"2023-11-08T04:33:54","guid":{"rendered":"https:\/\/newhomepage.ip-management.software\/?page_id=1813"},"modified":"2025-08-14T10:14:17","modified_gmt":"2025-08-14T10:14:17","slug":"gweb-for-law-firms","status":"publish","type":"page","link":"https:\/\/www.genese.de\/de\/gweb-for-law-firms\/","title":{"rendered":"GWeb f\u00fcr Kanzleien"},"content":{"rendered":"<h2>GWeb f\u00fcr Kanzleien<\/h2>\n<p>Setzen Sie neue Ma\u00dfst\u00e4be in der Kommunikation zwischen Ihrer Kanzlei und Mandanten. Nutzen Sie die neue M\u00f6glichkeit schnell Daten (z. B. Erfinder-, Patent-, Gebrauchsmuster-, Designs- und Markenakten, Auswertungen, Dokumente) zur Verf\u00fcgung zu stellen.<\/p>\n<figure><img fetchpriority=\"high\" decoding=\"async\" class=\"aligncenter wp-image-4422 size-full\" src=\"https:\/\/www.www.genese.de\/wp-content\/uploads\/2023\/12\/gweb-law-2.jpg\" alt=\"\" width=\"1701\" height=\"1024\" srcset=\"https:\/\/www.genese.de\/wp-content\/uploads\/2023\/12\/gweb-law-2.jpg 1701w, https:\/\/www.genese.de\/wp-content\/uploads\/2023\/12\/gweb-law-2-300x181.jpg 300w, https:\/\/www.genese.de\/wp-content\/uploads\/2023\/12\/gweb-law-2-1024x616.jpg 1024w, https:\/\/www.genese.de\/wp-content\/uploads\/2023\/12\/gweb-law-2-768x462.jpg 768w, https:\/\/www.genese.de\/wp-content\/uploads\/2023\/12\/gweb-law-2-1536x925.jpg 1536w, https:\/\/www.genese.de\/wp-content\/uploads\/2023\/12\/gweb-law-2-18x12.jpg 18w\" sizes=\"(max-width: 1701px) 100vw, 1701px\" \/><img decoding=\"async\" class=\"aligncenter wp-image-4423 size-full\" src=\"https:\/\/www.www.genese.de\/wp-content\/uploads\/2023\/12\/gweb-law-1.jpg\" alt=\"\" width=\"1701\" height=\"1024\" srcset=\"https:\/\/www.genese.de\/wp-content\/uploads\/2023\/12\/gweb-law-1.jpg 1701w, https:\/\/www.genese.de\/wp-content\/uploads\/2023\/12\/gweb-law-1-300x181.jpg 300w, https:\/\/www.genese.de\/wp-content\/uploads\/2023\/12\/gweb-law-1-1024x616.jpg 1024w, https:\/\/www.genese.de\/wp-content\/uploads\/2023\/12\/gweb-law-1-768x462.jpg 768w, https:\/\/www.genese.de\/wp-content\/uploads\/2023\/12\/gweb-law-1-1536x925.jpg 1536w, https:\/\/www.genese.de\/wp-content\/uploads\/2023\/12\/gweb-law-1-18x12.jpg 18w\" sizes=\"(max-width: 1701px) 100vw, 1701px\" \/><\/figure>\n        <div class=\"product-box\">\n                            <div class=\"product-item\">\n                    <div class=\"product-icon\"><img decoding=\"async\" width=\"82\" height=\"82\" src=\"https:\/\/www.genese.de\/wp-content\/uploads\/2023\/10\/file-management.png\" class=\"attachment-post-thumbnail size-post-thumbnail wp-post-image\" alt=\"\" \/><\/div>\n                    <h2 class=\"product-title\">GWeb (IntraNet)<\/h2>\n                    <div class=\"product-excerpt\"><p>Setzen Sie neue Ma\u00dfst\u00e4be in der Kommunikation zwischen Ihrer Kanzlei und Mandanten. Nutzen Sie die neue M\u00f6glichkeit schnell Daten (z. B. Erfinder-, Patent-, Gebrauchsmuster-, Designs- und Markenakten, Auswertungen, Dokumente) zur Verf\u00fcgung zu stellen.<\/p>\n<\/div>\n                <\/div>\n                                <div class=\"product-item\">\n                    <div class=\"product-icon\"><img loading=\"lazy\" decoding=\"async\" width=\"82\" height=\"82\" src=\"https:\/\/www.genese.de\/wp-content\/uploads\/2023\/10\/property-rights.png\" class=\"attachment-post-thumbnail size-post-thumbnail wp-post-image\" alt=\"\" \/><\/div>\n                    <h2 class=\"product-title\">GWeb Office<\/h2>\n                    <div class=\"product-excerpt\"><p>Durch die Verwendung von WebDAV k\u00f6nnen GWeb-Dokumente direkt aus dem Webportal heraus ge\u00f6ffnet und bearbeitet werden, ohne die zeitaufwendigen Schritte des Herunterladens und erneuten Hochladens.<\/p>\n<\/div>\n                <\/div>\n                                <div class=\"product-item\">\n                    <div class=\"product-icon\"><img loading=\"lazy\" decoding=\"async\" width=\"82\" height=\"82\" src=\"https:\/\/www.genese.de\/wp-content\/uploads\/2023\/10\/document-management.png\" class=\"attachment-post-thumbnail size-post-thumbnail wp-post-image\" alt=\"\" \/><\/div>\n                    <h2 class=\"product-title\">Individuelle Zugriffsrechte<\/h2>\n                    <div class=\"product-excerpt\"><p>Verleihen Sie Benutzern ausschlie\u00dflich die Zugriffsrechte die Sie gebrauchen. Vom reinen Lesen bis hin zu einem direkten Schreibrecht f\u00fcr das Uploaden von Dokumenten. Als Genese-Benutzer haben Sie die volle Kontrolle \u00fcber die Korrespondenz mit Ihren Mandanten.<\/p>\n<\/div>\n                <\/div>\n                                <div class=\"product-item\">\n                    <div class=\"product-icon\"><img loading=\"lazy\" decoding=\"async\" width=\"82\" height=\"82\" src=\"https:\/\/www.genese.de\/wp-content\/uploads\/2023\/10\/deadline-management.png\" class=\"attachment-post-thumbnail size-post-thumbnail wp-post-image\" alt=\"\" \/><\/div>\n                    <h2 class=\"product-title\">Akten-Formulare<\/h2>\n                    <div class=\"product-excerpt\"><p>Unsere Formulare erm\u00f6glichen nicht nur eine nahtlose Integration in alle bestehenden GWeb-Funktionalit\u00e4ten, sondern bieten auch die Option f\u00fcr eine automatische Aktenanlage. Durch vorgangsbezogene Archivierung des Formulars gehen niemals wichtige Eintr\u00e4ge verloren, und automatische E-Mail-Benachrichtigungen sorgen daf\u00fcr, dass Sie immer \u00fcber aktuelle Entwicklungen informiert sind.<\/p>\n<\/div>\n                <\/div>\n                                <div class=\"product-item\">\n                    <div class=\"product-icon\"><img loading=\"lazy\" decoding=\"async\" width=\"82\" height=\"82\" src=\"https:\/\/www.genese.de\/wp-content\/uploads\/2023\/10\/fee-schedule.png\" class=\"attachment-post-thumbnail size-post-thumbnail wp-post-image\" alt=\"\" \/><\/div>\n                    <h2 class=\"product-title\">2-Faktor-Authentifizierung<\/h2>\n                    <div class=\"product-excerpt\"><p>Die 2-Faktor-Authentifizierung dient dazu die Sicherheit von Webportalen zu erh\u00f6hen und das Risiko von unbefugtem Zugriff und Datenverlust zu minimieren. Dies ist besonders wichtig, wenn sensible Informationen, sch\u00fctzenswerte Ideen oder pers\u00f6nliche Daten auf der Plattform gespeichert werden.<\/p>\n<\/div>\n                <\/div>\n                                <div class=\"product-item\">\n                    <div class=\"product-icon\"><img loading=\"lazy\" decoding=\"async\" width=\"82\" height=\"82\" src=\"https:\/\/www.genese.de\/wp-content\/uploads\/2023\/10\/form-letters.png\" class=\"attachment-post-thumbnail size-post-thumbnail wp-post-image\" alt=\"\" \/><\/div>\n                    <h2 class=\"product-title\">Anpassbare GUI<\/h2>\n                    <div class=\"product-excerpt\"><p>Ganz gleich, ob gr\u00fcn oder blau, schlicht oder extravagant - unabh\u00e4ngig von Ihrer Corporate Identity. Mit dem GWeb-Portal k\u00f6nnen Sie auch zuk\u00fcnftig Ihr gew\u00fcnschtes Design beibehalten. Wir sind gerne bereit, Ihre Designpr\u00e4ferenzen zu implementieren, sodass sich das Portal nahtlos in Ihre Homepage integrieren l\u00e4sst.<\/p>\n<\/div>\n                <\/div>\n                                <div class=\"product-item\">\n                    <div class=\"product-icon\"><img loading=\"lazy\" decoding=\"async\" width=\"82\" height=\"82\" src=\"https:\/\/www.genese.de\/wp-content\/uploads\/2023\/10\/email-management.png\" class=\"attachment-post-thumbnail size-post-thumbnail wp-post-image\" alt=\"\" \/><\/div>\n                    <h2 class=\"product-title\">Auswertungen<\/h2>\n                    <div class=\"product-excerpt\"><p>Gebe Sie Genese-Auswertungen direkt f\u00fcr Ihre Mandanten in GWeb frei. Dort lassen Sie sich mit Hilfe freier Filterkriterien ganz nach Ihrem Ermessen selektieren. Zeitaufwand f\u00fcr redundante Excel-Listen sparen \u2013 ganz einfach im GWeb-Portal auf Knopfdruck erstellen und falls n\u00f6tig nach Excel exportieren.<\/p>\n<\/div>\n                <\/div>\n                                <div class=\"product-item\">\n                    <div class=\"product-icon\"><img loading=\"lazy\" decoding=\"async\" width=\"82\" height=\"82\" src=\"https:\/\/www.genese.de\/wp-content\/uploads\/2023\/10\/annual-fee.png\" class=\"attachment-post-thumbnail size-post-thumbnail wp-post-image\" alt=\"\" \/><\/div>\n                    <h2 class=\"product-title\">GWeb TAX<\/h2>\n                    <div class=\"product-excerpt\"><p>Mit der M\u00f6glichkeit in Genese, Fristen und Kosten f\u00fcr die j\u00e4hrliche Patentverl\u00e4ngerung zu \u00fcberwachen und zu managen, minimieren Sie nicht nur das Risiko unbeabsichtigter Geb\u00fchrenverluste. Sie k\u00f6nnen auch mithilfe des GWeb-Portals alle relevanten Informationen Ihren Mandanten zur Einsicht bereitstellen.<\/p>\n<\/div>\n                <\/div>\n                        <\/div>\n        \n\n\n<p><\/p>","protected":false},"excerpt":{"rendered":"<p>GWeb for Law Firms Set new standards in communication between your law firm and clients. Use the new opportunity to quickly make data (e.g. inventor, patent, utility model, design and trademark files, evaluations, documents) available.<\/p>","protected":false},"author":1,"featured_media":0,"parent":0,"menu_order":0,"comment_status":"closed","ping_status":"closed","template":"","meta":{"_acf_changed":false,"site-sidebar-layout":"no-sidebar","site-content-layout":"","ast-site-content-layout":"full-width-container","site-content-style":"default","site-sidebar-style":"default","ast-global-header-display":"","ast-banner-title-visibility":"","ast-main-header-display":"","ast-hfb-above-header-display":"","ast-hfb-below-header-display":"","ast-hfb-mobile-header-display":"","site-post-title":"disabled","ast-breadcrumbs-content":"","ast-featured-img":"disabled","footer-sml-layout":"","theme-transparent-header-meta":"","adv-header-id-meta":"","stick-header-meta":"","header-above-stick-meta":"","header-main-stick-meta":"","header-below-stick-meta":"","astra-migrate-meta-layouts":"","footnotes":""},"class_list":["post-1813","page","type-page","status-publish","hentry"],"acf":[],"_links":{"self":[{"href":"https:\/\/www.genese.de\/de\/wp-json\/wp\/v2\/pages\/1813","targetHints":{"allow":["GET"]}}],"collection":[{"href":"https:\/\/www.genese.de\/de\/wp-json\/wp\/v2\/pages"}],"about":[{"href":"https:\/\/www.genese.de\/de\/wp-json\/wp\/v2\/types\/page"}],"author":[{"embeddable":true,"href":"https:\/\/www.genese.de\/de\/wp-json\/wp\/v2\/users\/1"}],"replies":[{"embeddable":true,"href":"https:\/\/www.genese.de\/de\/wp-json\/wp\/v2\/comments?post=1813"}],"version-history":[{"count":35,"href":"https:\/\/www.genese.de\/de\/wp-json\/wp\/v2\/pages\/1813\/revisions"}],"predecessor-version":[{"id":5059,"href":"https:\/\/www.genese.de\/de\/wp-json\/wp\/v2\/pages\/1813\/revisions\/5059"}],"wp:attachment":[{"href":"https:\/\/www.genese.de\/de\/wp-json\/wp\/v2\/media?parent=1813"}],"curies":[{"name":"wp","href":"https:\/\/api.w.org\/{rel}","templated":true}]}}