{"id":1825,"date":"2023-11-08T04:43:32","date_gmt":"2023-11-08T04:43:32","guid":{"rendered":"https:\/\/newhomepage.ip-management.software\/?page_id=1825"},"modified":"2023-12-17T04:28:08","modified_gmt":"2023-12-17T04:28:08","slug":"gweb-for-business","status":"publish","type":"page","link":"https:\/\/www.genese.de\/de\/gweb-for-business\/","title":{"rendered":"GWeb f\u00fcr Industrie"},"content":{"rendered":"<div data-elementor-type=\"wp-page\" data-elementor-id=\"1825\" class=\"elementor elementor-1825\">\n\t\t\t\t<div class=\"elementor-element elementor-element-dcbc5cc e-flex e-con-boxed e-con e-parent\" data-id=\"dcbc5cc\" data-element_type=\"container\" data-e-type=\"container\">\n\t\t\t\t\t<div class=\"e-con-inner\">\n\t\t\t\t<div class=\"elementor-element elementor-element-48deb33 elementor-widget elementor-widget-heading\" data-id=\"48deb33\" data-element_type=\"widget\" data-e-type=\"widget\" data-widget_type=\"heading.default\">\n\t\t\t\t<div class=\"elementor-widget-container\">\n\t\t\t\t\t<h2 class=\"elementor-heading-title elementor-size-default\">GWeb f\u00fcr Industrie <\/h2>\t\t\t\t<\/div>\n\t\t\t\t<\/div>\n\t\t\t\t<div class=\"elementor-element elementor-element-431d88f elementor-widget__width-initial elementor-widget elementor-widget-text-editor\" data-id=\"431d88f\" data-element_type=\"widget\" data-e-type=\"widget\" data-widget_type=\"text-editor.default\">\n\t\t\t\t<div class=\"elementor-widget-container\">\n\t\t\t\t\t\t\t\t\tSetzen Sie neue Ma\u00dfst\u00e4be in der Kommunikation zwischen den Patentabteilungen und Erfindern. Nutzen Sie die neue M\u00f6glichkeit schnell Daten (z. B. Erfinder-, Patent-, Gebrauchsmuster-, Designs- und Markenakten, Auswertungen, Dokumente) zur Verf\u00fcgung zu stellen.\t\t\t\t\t\t\t\t<\/div>\n\t\t\t\t<\/div>\n\t\t\t\t<div class=\"elementor-element elementor-element-7ed27a4 elementor-arrows-position-inside elementor-pagination-position-outside elementor-widget elementor-widget-image-carousel\" data-id=\"7ed27a4\" data-element_type=\"widget\" data-e-type=\"widget\" data-settings=\"{&quot;slides_to_show&quot;:&quot;1&quot;,&quot;lazyload&quot;:&quot;yes&quot;,&quot;autoplay&quot;:&quot;no&quot;,&quot;navigation&quot;:&quot;both&quot;,&quot;infinite&quot;:&quot;yes&quot;,&quot;effect&quot;:&quot;slide&quot;,&quot;speed&quot;:500}\" data-widget_type=\"image-carousel.default\">\n\t\t\t\t<div class=\"elementor-widget-container\">\n\t\t\t\t\t\t\t<div class=\"elementor-image-carousel-wrapper swiper\" role=\"region\" aria-roledescription=\"carousel\" aria-label=\"Bild Karussell\" dir=\"ltr\">\n\t\t\t<div class=\"elementor-image-carousel swiper-wrapper\" aria-live=\"polite\">\n\t\t\t\t\t\t\t\t<div class=\"swiper-slide\" role=\"group\" aria-roledescription=\"slide\" aria-label=\"1 von 2\" data-no-translation-aria-label=\"\"><figure class=\"swiper-slide-inner\"><img class=\"swiper-slide-image swiper-lazy\" data-src=\"https:\/\/www.genese.de\/wp-content\/uploads\/2023\/12\/gweb-business-2.jpg\" alt=\"gweb-business-2\" \/><div class=\"swiper-lazy-preloader\"><\/div><\/figure><\/div><div class=\"swiper-slide\" role=\"group\" aria-roledescription=\"slide\" aria-label=\"2 von 2\" data-no-translation-aria-label=\"\"><figure class=\"swiper-slide-inner\"><img class=\"swiper-slide-image swiper-lazy\" data-src=\"https:\/\/www.genese.de\/wp-content\/uploads\/2023\/12\/gweb-business-1.jpg\" alt=\"gweb-business-1\" \/><div class=\"swiper-lazy-preloader\"><\/div><\/figure><\/div>\t\t\t<\/div>\n\t\t\t\t\t\t\t\t\t\t\t\t<div class=\"elementor-swiper-button elementor-swiper-button-prev\" role=\"button\" tabindex=\"0\">\n\t\t\t\t\t\t<i aria-hidden=\"true\" class=\"eicon-chevron-left\"><\/i>\t\t\t\t\t<\/div>\n\t\t\t\t\t<div class=\"elementor-swiper-button elementor-swiper-button-next\" role=\"button\" tabindex=\"0\">\n\t\t\t\t\t\t<i aria-hidden=\"true\" class=\"eicon-chevron-right\"><\/i>\t\t\t\t\t<\/div>\n\t\t\t\t\n\t\t\t\t\t\t\t\t\t<div class=\"swiper-pagination\"><\/div>\n\t\t\t\t\t\t\t\t\t<\/div>\n\t\t\t\t\t\t<\/div>\n\t\t\t\t<\/div>\n\t\t\t\t\t<\/div>\n\t\t\t\t<\/div>\n\t\t<div class=\"elementor-element elementor-element-f88d731 e-flex e-con-boxed e-con e-parent\" data-id=\"f88d731\" data-element_type=\"container\" data-e-type=\"container\">\n\t\t\t\t\t<div class=\"e-con-inner\">\n\t\t\t\t<div class=\"elementor-element elementor-element-5bf3470 elementor-widget elementor-widget-shortcode\" data-id=\"5bf3470\" data-element_type=\"widget\" data-e-type=\"widget\" data-widget_type=\"shortcode.default\">\n\t\t\t\t<div class=\"elementor-widget-container\">\n\t\t\t\t\t\t\t<div class=\"elementor-shortcode\">        <div class=\"product-box\">\n                            <div class=\"product-item\">\n                    <div class=\"product-icon\"><img decoding=\"async\" width=\"82\" height=\"82\" src=\"https:\/\/www.genese.de\/wp-content\/uploads\/2023\/10\/file-management.png\" class=\"attachment-post-thumbnail size-post-thumbnail wp-post-image\" alt=\"\" \/><\/div>\n                    <h2 class=\"product-title\">GWeb (IntraNet)<\/h2>\n                    <div class=\"product-excerpt\"><p>Setzen Sie neue Ma\u00dfst\u00e4be in der Kommunikation zwischen Ihrer Abteilung und Erfindern. Nutzen Sie die neue M\u00f6glichkeit schnell Daten (z. B. Erfinder-, Patent-, Gebrauchsmuster-, Designs- und Markenakten, Auswertungen, Dokumente) zur Verf\u00fcgung zu stellen.<\/p>\n<\/div>\n                <\/div>\n                                <div class=\"product-item\">\n                    <div class=\"product-icon\"><img decoding=\"async\" width=\"82\" height=\"82\" src=\"https:\/\/www.genese.de\/wp-content\/uploads\/2023\/10\/property-rights.png\" class=\"attachment-post-thumbnail size-post-thumbnail wp-post-image\" alt=\"\" \/><\/div>\n                    <h2 class=\"product-title\">Erfindungsmeldung<\/h2>\n                    <div class=\"product-excerpt\"><p>Mit der M\u00f6glichkeit anpassbare Formulare zu hinterlegen, k\u00f6nnen z. Beispiel Erfinder die ben\u00f6tigten Informationen f\u00fcr eine Erfindungsmeldung elektronisch erfassen. Sogar das Anh\u00e4ngen von Beschreibungen, Zeichnungen u.v.m. ist vorgesehen. Wenn der Erfinder das Formular vollst\u00e4ndig ausgef\u00fcllt hat, kann er es direkt an die Patentabteilung senden.<\/p>\n<\/div>\n                <\/div>\n                                <div class=\"product-item\">\n                    <div class=\"product-icon\"><img decoding=\"async\" width=\"82\" height=\"82\" src=\"https:\/\/www.genese.de\/wp-content\/uploads\/2023\/10\/document-management.png\" class=\"attachment-post-thumbnail size-post-thumbnail wp-post-image\" alt=\"\" \/><\/div>\n                    <h2 class=\"product-title\">Warenverzeichnis<\/h2>\n                    <div class=\"product-excerpt\"><p>In Genese k\u00f6nnen Sie detaillierte Warenverzeichnisse erstellen und so den Schutz Ihrer innovativen Produkte genau auf deren Einsatzbereiche zuschneiden. Schluss mit zeitraubenden manuellen Prozessen und redundanten Datens\u00e4tzen \u2013 mit nur wenigen Klicks teilen Sie Ihr Schutzrechtsportfolio mit anderen Abteilungen.<\/p>\n<\/div>\n                <\/div>\n                                <div class=\"product-item\">\n                    <div class=\"product-icon\"><img loading=\"lazy\" decoding=\"async\" width=\"82\" height=\"82\" src=\"https:\/\/www.genese.de\/wp-content\/uploads\/2023\/10\/fee-schedule.png\" class=\"attachment-post-thumbnail size-post-thumbnail wp-post-image\" alt=\"\" \/><\/div>\n                    <h2 class=\"product-title\">Surveys<\/h2>\n                    <div class=\"product-excerpt\"><p>Egal, ob es um innovative Ideen, Produktverbesserungen oder strategische Entscheidungen geht \u2013 mit unserem benutzerfreundlichen Umfrage-Tool gestalten Sie Fragen intuitiv und erhalten schnell wertvolle Einblicke. Erstellen Sie gezielte Umfragen, um die Meinungen Ihrer kreativen K\u00f6pfe zu sammeln und Entscheidungen auf eine breite Basis zu stellen.<\/p>\n<\/div>\n                <\/div>\n                                <div class=\"product-item\">\n                    <div class=\"product-icon\"><img loading=\"lazy\" decoding=\"async\" width=\"82\" height=\"82\" src=\"https:\/\/www.genese.de\/wp-content\/uploads\/2023\/10\/email-management.png\" class=\"attachment-post-thumbnail size-post-thumbnail wp-post-image\" alt=\"\" \/><\/div>\n                    <h2 class=\"product-title\">GWeb Office<\/h2>\n                    <div class=\"product-excerpt\"><p>Durch die Verwendung von WebDAV k\u00f6nnen GWeb-Dokumente direkt aus dem Webportal heraus ge\u00f6ffnet und bearbeitet werden, ohne die zeitaufwendigen Schritte des Herunterladens und erneuten Hochladens.<\/p>\n<\/div>\n                <\/div>\n                                <div class=\"product-item\">\n                    <div class=\"product-icon\"><img loading=\"lazy\" decoding=\"async\" width=\"82\" height=\"82\" src=\"https:\/\/www.genese.de\/wp-content\/uploads\/2023\/10\/deadline-management.png\" class=\"attachment-post-thumbnail size-post-thumbnail wp-post-image\" alt=\"\" \/><\/div>\n                    <h2 class=\"product-title\">Anpassbare GUI<\/h2>\n                    <div class=\"product-excerpt\"><p>Ganz gleich, ob gr\u00fcn oder blau, schlicht oder extravagant - unabh\u00e4ngig von Ihrer Corporate Identity. Mit dem GWeb-Portal k\u00f6nnen Sie auch zuk\u00fcnftig Ihr gew\u00fcnschtes Design beibehalten. Wir sind gerne bereit, Ihre Designpr\u00e4ferenzen zu implementieren, sodass sich das Portal nahtlos in Ihre Homepage integrieren l\u00e4sst.<\/p>\n<\/div>\n                <\/div>\n                                <div class=\"product-item\">\n                    <div class=\"product-icon\"><img loading=\"lazy\" decoding=\"async\" width=\"82\" height=\"82\" src=\"https:\/\/www.genese.de\/wp-content\/uploads\/2023\/10\/form-letters.png\" class=\"attachment-post-thumbnail size-post-thumbnail wp-post-image\" alt=\"\" \/><\/div>\n                    <h2 class=\"product-title\">2-Faktor-Authentifizierung<\/h2>\n                    <div class=\"product-excerpt\"><p>Die 2-Faktor-Authentifizierung dient dazu die Sicherheit von Webportalen zu erh\u00f6hen und das Risiko von unbefugtem Zugriff und Datenverlust zu minimieren. Dies ist besonders wichtig, wenn sensible Informationen, sch\u00fctzenswerte Ideen oder pers\u00f6nliche Daten auf der Plattform gespeichert werden.<\/p>\n<\/div>\n                <\/div>\n                                <div class=\"product-item\">\n                    <div class=\"product-icon\"><img loading=\"lazy\" decoding=\"async\" width=\"82\" height=\"82\" src=\"https:\/\/www.genese.de\/wp-content\/uploads\/2023\/10\/annual-fee.png\" class=\"attachment-post-thumbnail size-post-thumbnail wp-post-image\" alt=\"\" \/><\/div>\n                    <h2 class=\"product-title\">GWeb TAX<\/h2>\n                    <div class=\"product-excerpt\"><p>Mit der M\u00f6glichkeit in Genese, Fristen und Kosten f\u00fcr die j\u00e4hrliche Patentverl\u00e4ngerung zu \u00fcberwachen und zu managen, minimieren Sie nicht nur das Risiko unbeabsichtigter Geb\u00fchrenverluste. Sie k\u00f6nnen auch mithilfe des GWeb-Portals alle relevanten Informationen anderen Abteilungen zur Einsicht oder weiteren Bearbeitung bereitstellen.<\/p>\n<\/div>\n                <\/div>\n                        <\/div>\n        <\/div>\n\t\t\t\t\t\t<\/div>\n\t\t\t\t<\/div>\n\t\t\t\t\t<\/div>\n\t\t\t\t<\/div>\n\t\t\t\t<\/div>","protected":false},"excerpt":{"rendered":"<p>GWeb for Business Setzen Sie neue Ma\u00dfst\u00e4be in der Kommunikation zwischen den Patentabteilungen und Erfindern. Nutzen Sie die neue M\u00f6glichkeit schnell Daten (z. B. Erfinder-, Patent-, Gebrauchsmuster-, Designs- und Markenakten, Auswertungen, Dokumente) zur Verf\u00fcgung zu stellen.<\/p>","protected":false},"author":1,"featured_media":0,"parent":0,"menu_order":0,"comment_status":"closed","ping_status":"closed","template":"","meta":{"_acf_changed":false,"site-sidebar-layout":"no-sidebar","site-content-layout":"","ast-site-content-layout":"full-width-container","site-content-style":"default","site-sidebar-style":"default","ast-global-header-display":"","ast-banner-title-visibility":"","ast-main-header-display":"","ast-hfb-above-header-display":"","ast-hfb-below-header-display":"","ast-hfb-mobile-header-display":"","site-post-title":"disabled","ast-breadcrumbs-content":"","ast-featured-img":"disabled","footer-sml-layout":"","theme-transparent-header-meta":"","adv-header-id-meta":"","stick-header-meta":"","header-above-stick-meta":"","header-main-stick-meta":"","header-below-stick-meta":"","astra-migrate-meta-layouts":"","footnotes":""},"class_list":["post-1825","page","type-page","status-publish","hentry"],"acf":[],"_links":{"self":[{"href":"https:\/\/www.genese.de\/de\/wp-json\/wp\/v2\/pages\/1825","targetHints":{"allow":["GET"]}}],"collection":[{"href":"https:\/\/www.genese.de\/de\/wp-json\/wp\/v2\/pages"}],"about":[{"href":"https:\/\/www.genese.de\/de\/wp-json\/wp\/v2\/types\/page"}],"author":[{"embeddable":true,"href":"https:\/\/www.genese.de\/de\/wp-json\/wp\/v2\/users\/1"}],"replies":[{"embeddable":true,"href":"https:\/\/www.genese.de\/de\/wp-json\/wp\/v2\/comments?post=1825"}],"version-history":[{"count":26,"href":"https:\/\/www.genese.de\/de\/wp-json\/wp\/v2\/pages\/1825\/revisions"}],"predecessor-version":[{"id":5060,"href":"https:\/\/www.genese.de\/de\/wp-json\/wp\/v2\/pages\/1825\/revisions\/5060"}],"wp:attachment":[{"href":"https:\/\/www.genese.de\/de\/wp-json\/wp\/v2\/media?parent=1825"}],"curies":[{"name":"wp","href":"https:\/\/api.w.org\/{rel}","templated":true}]}}