{"id":2948,"date":"2023-11-30T05:19:15","date_gmt":"2023-11-30T05:19:15","guid":{"rendered":"https:\/\/newhomepage.ip-management.software\/?page_id=2948"},"modified":"2024-01-10T04:49:28","modified_gmt":"2024-01-10T04:49:28","slug":"workspace-for-business","status":"publish","type":"page","link":"https:\/\/www.genese.de\/de\/workspace-for-business\/","title":{"rendered":"Workspace f\u00fcr Industrie"},"content":{"rendered":"<div data-elementor-type=\"wp-page\" data-elementor-id=\"2948\" class=\"elementor elementor-2948\">\n\t\t\t\t<div class=\"elementor-element elementor-element-dcbc5cc e-flex e-con-boxed e-con e-parent\" data-id=\"dcbc5cc\" data-element_type=\"container\" data-e-type=\"container\">\n\t\t\t\t\t<div class=\"e-con-inner\">\n\t\t\t\t<div class=\"elementor-element elementor-element-48deb33 elementor-widget elementor-widget-heading\" data-id=\"48deb33\" data-element_type=\"widget\" data-e-type=\"widget\" data-widget_type=\"heading.default\">\n\t\t\t\t<div class=\"elementor-widget-container\">\n\t\t\t\t\t<h2 class=\"elementor-heading-title elementor-size-default\">Workspace f\u00fcr Industrie<\/h2>\t\t\t\t<\/div>\n\t\t\t\t<\/div>\n\t\t\t\t<div class=\"elementor-element elementor-element-431d88f elementor-widget__width-initial elementor-widget elementor-widget-text-editor\" data-id=\"431d88f\" data-element_type=\"widget\" data-e-type=\"widget\" data-widget_type=\"text-editor.default\">\n\t\t\t\t<div class=\"elementor-widget-container\">\n\t\t\t\t\t\t\t\t\t<p>Erleben Sie, wie einfach es ist, webbasiert ohne Genese zu arbeiten. Legen Sie Adressen an, erstellen Sie Akten oder notieren Sie Fristen und Aufgaben \u2013 schnell und unkompliziert.<\/p>\t\t\t\t\t\t\t\t<\/div>\n\t\t\t\t<\/div>\n\t\t\t\t<div class=\"elementor-element elementor-element-2d99565 elementor-arrows-position-inside elementor-pagination-position-outside elementor-widget elementor-widget-image-carousel\" data-id=\"2d99565\" data-element_type=\"widget\" data-e-type=\"widget\" data-settings=\"{&quot;slides_to_show&quot;:&quot;1&quot;,&quot;lazyload&quot;:&quot;yes&quot;,&quot;autoplay&quot;:&quot;no&quot;,&quot;navigation&quot;:&quot;both&quot;,&quot;infinite&quot;:&quot;yes&quot;,&quot;effect&quot;:&quot;slide&quot;,&quot;speed&quot;:500}\" data-widget_type=\"image-carousel.default\">\n\t\t\t\t<div class=\"elementor-widget-container\">\n\t\t\t\t\t\t\t<div class=\"elementor-image-carousel-wrapper swiper\" role=\"region\" aria-roledescription=\"carousel\" aria-label=\"Bild Karussell\" dir=\"ltr\">\n\t\t\t<div class=\"elementor-image-carousel swiper-wrapper\" aria-live=\"polite\">\n\t\t\t\t\t\t\t\t<div class=\"swiper-slide\" role=\"group\" aria-roledescription=\"slide\" aria-label=\"1 von 3\" data-no-translation-aria-label=\"\"><figure class=\"swiper-slide-inner\"><img class=\"swiper-slide-image swiper-lazy\" data-src=\"https:\/\/www.genese.de\/wp-content\/uploads\/2023\/12\/workspace-business-3.jpg\" alt=\"workspace-business-3\" \/><div class=\"swiper-lazy-preloader\"><\/div><\/figure><\/div><div class=\"swiper-slide\" role=\"group\" aria-roledescription=\"slide\" aria-label=\"2 von 3\" data-no-translation-aria-label=\"\"><figure class=\"swiper-slide-inner\"><img class=\"swiper-slide-image swiper-lazy\" data-src=\"https:\/\/www.genese.de\/wp-content\/uploads\/2023\/12\/workspace-business-1.jpg\" alt=\"workspace-business-1\" \/><div class=\"swiper-lazy-preloader\"><\/div><\/figure><\/div><div class=\"swiper-slide\" role=\"group\" aria-roledescription=\"slide\" aria-label=\"3 von 3\" data-no-translation-aria-label=\"\"><figure class=\"swiper-slide-inner\"><img class=\"swiper-slide-image swiper-lazy\" data-src=\"https:\/\/www.genese.de\/wp-content\/uploads\/2023\/12\/workspace-business-2.jpg\" alt=\"workspace-business-2\" \/><div class=\"swiper-lazy-preloader\"><\/div><\/figure><\/div>\t\t\t<\/div>\n\t\t\t\t\t\t\t\t\t\t\t\t<div class=\"elementor-swiper-button elementor-swiper-button-prev\" role=\"button\" tabindex=\"0\">\n\t\t\t\t\t\t<i aria-hidden=\"true\" class=\"eicon-chevron-left\"><\/i>\t\t\t\t\t<\/div>\n\t\t\t\t\t<div class=\"elementor-swiper-button elementor-swiper-button-next\" role=\"button\" tabindex=\"0\">\n\t\t\t\t\t\t<i aria-hidden=\"true\" class=\"eicon-chevron-right\"><\/i>\t\t\t\t\t<\/div>\n\t\t\t\t\n\t\t\t\t\t\t\t\t\t<div class=\"swiper-pagination\"><\/div>\n\t\t\t\t\t\t\t\t\t<\/div>\n\t\t\t\t\t\t<\/div>\n\t\t\t\t<\/div>\n\t\t\t\t\t<\/div>\n\t\t\t\t<\/div>\n\t\t<div class=\"elementor-element elementor-element-f88d731 e-flex e-con-boxed e-con e-parent\" data-id=\"f88d731\" data-element_type=\"container\" data-e-type=\"container\">\n\t\t\t\t\t<div class=\"e-con-inner\">\n\t\t\t\t<div class=\"elementor-element elementor-element-5bf3470 elementor-widget elementor-widget-shortcode\" data-id=\"5bf3470\" data-element_type=\"widget\" data-e-type=\"widget\" data-widget_type=\"shortcode.default\">\n\t\t\t\t<div class=\"elementor-widget-container\">\n\t\t\t\t\t\t\t<div class=\"elementor-shortcode\">        <div class=\"product-box\">\n                            <div class=\"product-item\">\n                    <div class=\"product-icon\"><img decoding=\"async\" width=\"82\" height=\"82\" src=\"https:\/\/www.genese.de\/wp-content\/uploads\/2023\/10\/file-management.png\" class=\"attachment-post-thumbnail size-post-thumbnail wp-post-image\" alt=\"\" \/><\/div>\n                    <h2 class=\"product-title\">GConnect und EWS kompatibel<\/h2>\n                    <div class=\"product-excerpt\"><p>Mit Workspace m\u00fcssen Sie weder auf unser Outlook-Add-In noch auf unsere API verzichten! Das bedeutet, Sie profitieren von s\u00e4mtlichen Funktionen, die Ihnen bei einer herk\u00f6mmlichen Genese-Installation zur Verf\u00fcgung stehen, w\u00e4hrend Sie gleichzeitig alle Vorteile einer webbasierten Umgebung genie\u00dfen \u2013 eine perfekte Symbiose beider Welten.<\/p>\n<\/div>\n                <\/div>\n                                <div class=\"product-item\">\n                    <div class=\"product-icon\"><img decoding=\"async\" width=\"82\" height=\"82\" src=\"https:\/\/www.genese.de\/wp-content\/uploads\/2023\/10\/property-rights.png\" class=\"attachment-post-thumbnail size-post-thumbnail wp-post-image\" alt=\"\" \/><\/div>\n                    <h2 class=\"product-title\">Suchfunktion<\/h2>\n                    <div class=\"product-excerpt\"><p>Die Leichtigkeit von Genese jetzt auch in Ihrem Webbrowser. Suchen Sie nach Akten, Adressen und Fristen mit der gleichen Effizienz wie bei der Nutzung von modernen Suchmaschinen. Workspace macht die Suche nach Daten zum Kinderspiel.<\/p>\n<\/div>\n                <\/div>\n                                <div class=\"product-item\">\n                    <div class=\"product-icon\"><img decoding=\"async\" width=\"82\" height=\"82\" src=\"https:\/\/www.genese.de\/wp-content\/uploads\/2023\/10\/document-management.png\" class=\"attachment-post-thumbnail size-post-thumbnail wp-post-image\" alt=\"\" \/><\/div>\n                    <h2 class=\"product-title\">100% Webbasiert<\/h2>\n                    <div class=\"product-excerpt\"><p>Tauchen Sie ein in die Zukunft der digitalen Akte mit unserer 100% webbasierten L\u00f6sung! Anders als klassische on-premise Installationen bietet Genese Workspace maximale Flexibilit\u00e4t, nahtlose Zug\u00e4nglichkeit und die Freiheit, von \u00fcberall aus auf Ihre Daten zuzugreifen.<\/p>\n<\/div>\n                <\/div>\n                                <div class=\"product-item\">\n                    <div class=\"product-icon\"><img loading=\"lazy\" decoding=\"async\" width=\"82\" height=\"82\" src=\"https:\/\/www.genese.de\/wp-content\/uploads\/2023\/10\/deadline-management.png\" class=\"attachment-post-thumbnail size-post-thumbnail wp-post-image\" alt=\"\" \/><\/div>\n                    <h2 class=\"product-title\">Raumverwaltung<\/h2>\n                    <div class=\"product-excerpt\"><p>Verleihen Sie Ihren Kollegen ausschlie\u00dflich die Zugriffsrechte die Sie gebrauchen. Vom reinen Lesen \u00fcber die Aktualisierung von Warenverzeichnissen bis hin zur  Anlage von Akten. Als Key-User haben Sie die volle Kontrolle \u00fcber Ihre Daten und der verbunden Korrespondenz mit Erfindern oder anderen Abteilungen.<\/p>\n<\/div>\n                <\/div>\n                                <div class=\"product-item\">\n                    <div class=\"product-icon\"><img loading=\"lazy\" decoding=\"async\" width=\"82\" height=\"82\" src=\"https:\/\/www.genese.de\/wp-content\/uploads\/2023\/10\/fee-schedule.png\" class=\"attachment-post-thumbnail size-post-thumbnail wp-post-image\" alt=\"\" \/><\/div>\n                    <h2 class=\"product-title\">Aktenanlage<\/h2>\n                    <div class=\"product-excerpt\"><p>Manage every step of a patent application or invention disclosure with ease. Workspace allows you to create all types of files known to Genese (e.g. patent files or trademark files) and offers the same functionality when managing addresses and addresses.<\/p>\n<\/div>\n                <\/div>\n                                <div class=\"product-item\">\n                    <div class=\"product-icon\"><img loading=\"lazy\" decoding=\"async\" width=\"82\" height=\"82\" src=\"https:\/\/www.genese.de\/wp-content\/uploads\/2023\/10\/form-letters.png\" class=\"attachment-post-thumbnail size-post-thumbnail wp-post-image\" alt=\"\" \/><\/div>\n                    <h2 class=\"product-title\">Individuelle Vorlagen (XSLT)<\/h2>\n                    <div class=\"product-excerpt\"><p>Legen Sie nicht nur automatisch Fristen und Aufgaben an, sondern nutzen Sie zus\u00e4tzlich unsere individuellen XSLT-Vorlagen f\u00fcr eine passgenau Prozessbearbeitung. XSLT-Vorlagen k\u00f6nnen verwendet werden, um das Ausgabeformat optisch zu gestalten und Daten aus verschiedenen Teilen eines XML-Dokuments zu aggregieren und in einer neuen Struktur zu pr\u00e4sentieren. \u2013 Die neue Stufe f\u00fcr klassische Formbriefe!<\/p>\n<\/div>\n                <\/div>\n                                <div class=\"product-item\">\n                    <div class=\"product-icon\"><img loading=\"lazy\" decoding=\"async\" width=\"82\" height=\"82\" src=\"https:\/\/www.genese.de\/wp-content\/uploads\/2023\/10\/email-management.png\" class=\"attachment-post-thumbnail size-post-thumbnail wp-post-image\" alt=\"\" \/><\/div>\n                    <h2 class=\"product-title\">Fristen-Management<\/h2>\n                    <div class=\"product-excerpt\"><p>Nutzen Sie die Kraft der Automatisierung auch mit Workspace. Legen Sie nicht nur Fristen und Aufgaben an, sondern verbinden Sie diese bisher manuellen Prozesse mit Genese Workflows. Ein modernes IP-Management-Portal, das Ihnen somit Zeit spart, Aufgaben abnimmt und Ihre Arbeitsweise revolutioniert.<\/p>\n<\/div>\n                <\/div>\n                                <div class=\"product-item\">\n                    <div class=\"product-icon\"><img loading=\"lazy\" decoding=\"async\" width=\"82\" height=\"82\" src=\"https:\/\/www.genese.de\/wp-content\/uploads\/2023\/10\/annual-fee.png\" class=\"attachment-post-thumbnail size-post-thumbnail wp-post-image\" alt=\"\" \/><\/div>\n                    <h2 class=\"product-title\">Warenverzeichnis<\/h2>\n                    <div class=\"product-excerpt\"><p>Mit Workspace haben Sie die volle Kontrolle in Ihrer Patentabteilung: Verwalten Sie Adressen und Familien, bearbeiten Sie m\u00fchelos Warenverzeichnisse von Patente\/Marken und exportieren Sie diese nach. Ein zentraler Ort f\u00fcr die effizBedarfiente Gestaltung Ihrer IP-Verwaltung.<\/p>\n<\/div>\n                <\/div>\n                        <\/div>\n        <\/div>\n\t\t\t\t\t\t<\/div>\n\t\t\t\t<\/div>\n\t\t\t\t\t<\/div>\n\t\t\t\t<\/div>\n\t\t\t\t<\/div>","protected":false},"excerpt":{"rendered":"<p>Workspace for Business Experience how easy it is to work web-based without Genese. Create addresses, create files or note deadlines and tasks \u2013 quickly and easily.<\/p>","protected":false},"author":1,"featured_media":0,"parent":0,"menu_order":0,"comment_status":"closed","ping_status":"closed","template":"","meta":{"_acf_changed":false,"site-sidebar-layout":"no-sidebar","site-content-layout":"","ast-site-content-layout":"full-width-container","site-content-style":"default","site-sidebar-style":"default","ast-global-header-display":"","ast-banner-title-visibility":"","ast-main-header-display":"","ast-hfb-above-header-display":"","ast-hfb-below-header-display":"","ast-hfb-mobile-header-display":"","site-post-title":"disabled","ast-breadcrumbs-content":"","ast-featured-img":"disabled","footer-sml-layout":"","theme-transparent-header-meta":"","adv-header-id-meta":"","stick-header-meta":"","header-above-stick-meta":"","header-main-stick-meta":"","header-below-stick-meta":"","astra-migrate-meta-layouts":"","footnotes":""},"class_list":["post-2948","page","type-page","status-publish","hentry"],"acf":[],"_links":{"self":[{"href":"https:\/\/www.genese.de\/de\/wp-json\/wp\/v2\/pages\/2948","targetHints":{"allow":["GET"]}}],"collection":[{"href":"https:\/\/www.genese.de\/de\/wp-json\/wp\/v2\/pages"}],"about":[{"href":"https:\/\/www.genese.de\/de\/wp-json\/wp\/v2\/types\/page"}],"author":[{"embeddable":true,"href":"https:\/\/www.genese.de\/de\/wp-json\/wp\/v2\/users\/1"}],"replies":[{"embeddable":true,"href":"https:\/\/www.genese.de\/de\/wp-json\/wp\/v2\/comments?post=2948"}],"version-history":[{"count":25,"href":"https:\/\/www.genese.de\/de\/wp-json\/wp\/v2\/pages\/2948\/revisions"}],"predecessor-version":[{"id":4724,"href":"https:\/\/www.genese.de\/de\/wp-json\/wp\/v2\/pages\/2948\/revisions\/4724"}],"wp:attachment":[{"href":"https:\/\/www.genese.de\/de\/wp-json\/wp\/v2\/media?parent=2948"}],"curies":[{"name":"wp","href":"https:\/\/api.w.org\/{rel}","templated":true}]}}