{"id":3,"date":"2023-10-16T03:06:01","date_gmt":"2023-10-16T03:06:01","guid":{"rendered":"http:\/\/localhost\/wp\/genese\/?page_id=3"},"modified":"2024-05-15T10:19:59","modified_gmt":"2024-05-15T10:19:59","slug":"privacy-policy","status":"publish","type":"page","link":"https:\/\/www.genese.de\/de\/privacy-policy\/","title":{"rendered":"Privacy Policy"},"content":{"rendered":"<div data-elementor-type=\"wp-page\" data-elementor-id=\"3\" class=\"elementor elementor-3\">\n\t\t\t\t<div class=\"elementor-element elementor-element-48eb7286 e-flex e-con-boxed e-con e-parent\" data-id=\"48eb7286\" data-element_type=\"container\" data-e-type=\"container\">\n\t\t\t\t\t<div class=\"e-con-inner\">\n\t\t\t\t<div class=\"elementor-element elementor-element-5e5a5ef9 elementor-widget elementor-widget-text-editor\" data-id=\"5e5a5ef9\" data-element_type=\"widget\" data-e-type=\"widget\" data-widget_type=\"text-editor.default\">\n\t\t\t\t<div class=\"elementor-widget-container\">\n\t\t\t\t\t\t\t\t\t<p><\/p>\n<h2 class=\"wp-block-heading\">Datenschutz<\/h2>\n<p><\/p>\n<p><\/p>\n<p><\/p>\n<p><strong>Datenschutz: <\/strong>Ihr gutes Recht \u2013 unsere Verpflichtung<\/p>\n<p>You can rely on the protection and security of your personal data: Protecting your privacy when processing personal data is an important concern for www.genese.de GmbH, which we take into account in all our business processes.<\/p>\n<p>Wir wollen Ihnen daher an dieser Stelle die Grundregeln unseres Umgangs mit personenbezogenen Daten erl\u00e4utern. Diese Hinweise und gegebenenfalls weiterf\u00fchrende Angaben zur Erhebung, Verarbeitung und Nutzung pers\u00f6nlicher Angaben finden Sie au\u00dferdem immer dort, wo wir derartige Informationen von Ihnen erbitten.<\/p>\n<p><\/p>\n<p><\/p>\n<p><\/p>\n<p><strong>Informationen, die wir erheben:<br><\/strong><br>You can use almost the entire www.genese.de GmbH website without us \u2192 requiring any personal data from you. Only a few offers and services that you will find on our pages require you to provide personal data in order to use them.<strong><\/strong><\/p>\n<p><strong><br>\n<\/strong><\/p>\n<p><strong><\/strong>When you use the www.genese.de GmbH website, \u2192 technical access data is automatically recorded and analysed by the www.genese.de GmbH Internet server (web server). However, this data cannot be assigned to a specific person; the individual user remains anonymous.<strong><br><\/strong><\/p>\n<p><strong>Technische Zugriffsdaten<\/strong><\/p>\n<p><strong><br>\n<\/strong><\/p>\n<p><strong><\/strong>Zu diesen Daten geh\u00f6ren zum Beispiel die IP-Adresse, Informationen \u00fcber den verwendeten Internetbrowser und das verwendete Betriebssystem, der Domain-Name der Website, von der aus ein Besuch unserer Internetseiten erfolgt, die durchschnittliche Verweildauer in unserem Angebot und die in unserer Website aufgerufenen Informationsseiten. Diese Daten werden beim Aufruf einzelner Internetseiten durch Ihren Internetbrowser an unsere Webserver \u00fcbermittelt.<\/p>\n<p>Zudem setzen wir in einigen Bereichen unseres Internetangebots zus\u00e4tzlich Cookies ein. Cookies sind kleine Datenelemente, die ein Internetserver an Ihren Computer senden kann. Durch solche Cookies kann Ihr Computer w\u00e4hrend der Dauer Ihres Besuchs in unserem Internetangebot identifiziert oder Ihnen die Verwendung unserer Internetseiten erleichtert werden. Wir verwenden Cookies nicht, um personenbezogene Daten zu sammeln. Es besteht f\u00fcr Sie die M\u00f6glichkeit, Ihren Internetbrowser derart einzustellen, dass Sie \u00fcber die Annahme oder Ablehnung von Cookies informiert werden. N\u00e4heres dazu erfahren Sie zum Beispiel im Hilfesystem Ihres Internetbrowsers.<\/p>\n<p>Wir verwenden diese technischen Zugriffsinformationen, um die Attraktivit\u00e4t und Bedienbarkeit unserer Internetseiten sowie deren Inhalte stetig zu verbessern und um m\u00f6gliche technische Probleme in unserem Internetangebot zu erkennen.<\/p>\n<p><strong>Pers\u00f6nliche Daten<\/strong><\/p>\n<p><strong><br>\n<\/strong><\/p>\n<p><strong><\/strong>Pers\u00f6nliche Daten erheben, verarbeiten und nutzen wir nur, wenn Sie uns diese Angaben von sich aus mitteilen.<\/p>\n<p>Dies kann zum Beispiel im Rahmen einer Anfrage, einer Umfrage oder im Falle einer von Ihnen gew\u00fcnschten Kontaktaufnahme der Fall sein. Ebenso geschieht dies in der Regel im Rahmen eines Bestellvorgangs.<\/p>\n<p>We also require personal data from you if you wish to use certain Internet-specific services on the www.genese.de GmbH website &#8211; where offered. Such services may include, for example, newsletters or forums. If you decide to use such a service for yourself, you will find further details and information on the type and scope of the data required to use these services in the respective offer.<\/p>\n<p><strong>Schutz der Privatsph\u00e4re von Kindern im Internet<\/strong><\/p>\n<p><strong><br>\n<\/strong><\/p>\n<p><strong><\/strong>www.genese.de GmbH does not knowingly collect personal data from children or use it in any way. As a rule, we do not learn the age of visitors to our website. However, we have not taken any specific measures to protect such data to any particular extent.<\/p>\n<p>Since the protection of children who use Internet services is of particular concern to www.genese.de GmbH, www.genese.de GmbH therefore advises all parents and guardians to familiarise children with the safe and responsible handling of personal data on the Internet.<\/p>\n<p>Children should not transmit any personal data to www.genese.de GmbH without the express consent of their parents or guardians.<\/p>\n<p><strong>Wie wir Ihre Angaben verwenden<\/strong><\/p>\n<p><strong><br>\n<\/strong><\/p>\n<p><strong><\/strong>www.genese.de GmbH collects, processes and utilises all personal data generated by your visits to our website only in accordance with the applicable regulations for the protection of personal data.<\/p>\n<p>We only use personal data for the purposes stated in this privacy policy (for example, to process enquiries or to use Internet services). Beyond this, personal data will only be collected, processed or used by us if this is necessary to protect the legitimate business interests of www.genese.de GmbH..<\/p>\n<p>www.genese.de GmbH will not pass on the personal data you provide to us to third parties without your express consent.<\/p>\n<p><strong>Auskunft, \u00c4nderung und L\u00f6schung Ihrer Daten<\/strong><\/p>\n<p><strong><br>\n<\/strong><\/p>\n<p><strong><\/strong>Sie k\u00f6nnen jederzeit schriftlich gem\u00e4\u00df dem geltenden Recht nachfragen, ob und welche pers\u00f6nlichen Daten \u00fcber Sie bei uns gespeichert sind. Wir werden Ihnen dann eine entsprechende Mitteilung zusenden. Bitte richten Sie Ihre Anfragen an unseren \u2192 Datenschutzbeauftragten. \u00dcber ihn k\u00f6nnen Sie auch \u00c4nderungen und L\u00f6schungen Ihrer Daten veranlassen.<\/p>\n<p><strong>Die Sicherheit Ihrer Daten<\/strong><\/p>\n<p><strong><br>\n<\/strong><\/p>\n<p><strong><\/strong>The data you provide to www.genese.de GmbH is protected by suitable technical and organisational means with the aim of securing your data against accidental or intentional manipulation, loss, destruction, access by unauthorised persons or unauthorised disclosure to third parties. Our security measures are continuously monitored and improved in line with technological developments and organisational possibilities.<\/p>\n<p><strong>Your contact person for data protection at www.genese.de GmbH<\/strong><\/p>\n<p><strong><br>\n<\/strong><\/p>\n<p><strong><\/strong>Wenn Sie Fragen hinsichtlich der Verarbeitung Ihrer pers\u00f6nlichen Daten haben, k\u00f6nnen Sie sich direkt an unseren Datenschutzbeauftragter wenden, der Ihnen mit seinem Team auch im Falle von Auskunftsersuchen, Anregungen oder bei Beschwerden als Ansprechpartner zur Verf\u00fcgung steht.<\/p>\n<p>www.genese.de GmbH<br>Datenschutzbeauftragter<br>Leerk\u00e4mpe 7<br>28259 Bremen<\/p><p><img decoding=\"async\" src=\"data:image\/png;base64,iVBORw0KGgoAAAANSUhEUgAAASQAAAAeCAYAAACFb2OTAAAAAXNSR0IArs4c6QAAAARnQU1BAACxjwv8YQUAAAAJcEhZcwAADsMAAA7DAcdvqGQAABEcSURBVHhe7Z0PUFRHnse\/WQ42ZgjxvMABJkh2Ie6SpGrqPIhRkiUKVuBy\/rngnwXZYChEZGHJsnilkwpiLWEXCpeV00hmFSKBikBERhSFA4mCOXCzzC0yG2BOgURA8A9BBg1z3LvumR5483gzzCB7ktz7VLUz3dPT\/frXv\/fr369fDz5yQ8dxkJCQkJgHfI+9SkhISDx0JIMkISExb5AMkoSExLxBMkgSEhLzBskgSUhIzBskgyQhITFvkAyShITEvMG6QRofhW7EctJPsHq2MjFu\/O49lreCXkf7GGe52aHr1aBvhGVwGw1ZUSjVsOxccc+28XxXofNktx5IfHeYY\/23apCGahTYHrXBQlKg4RaraCu3ziKbfvfnedBYG8SdeuRG0z7yMWv7oauHMvEX2HNczQrGob85gLEHs3HT0HxIrvNDUx8PwLfyph5AQ\/oGFLex7FwjGbp5z5zpP2PmkG1pInIra1E8Lf0eIW6sjl04wXFEhQJVL8sLGcXlozloJ\/UeCFkANv06A3s3yFnBPEaTj+1biJFmWQnCHMpk+JoaDeV5KFTSVIKGNi2GJWM3L3kIe0g+CNsaiq9LclA7yIp46NsKUHjBHRvCV7OS2eIMzxcC4P0ky85nxkkoO8ee27eeOZCJTqsiBqgcfU5+CApPRHQsTREI8nFCXxUxTg2WFkWJh4VDqmLvXvZ+GmOdZ3G25wd4LWQpZKzsgdB1oOHUNTy7MxkBfUdQ+EcPBP3kGTzKPsZEL6oysvFfq\/bhl8\/34EQD8MpPX4Qr+9jAxG10N1agrOgQiio\/w5d3H4HHU8\/g8e\/34pLyGL50fRFPP0ErjkJTkY8u2VT+am0F7r7wM8jdjfmuqnyc6nwcvs+6zuiPDV+rx7mSP6DoaDn+1DOCR9yfIe06YeiPRbiINXjjHw2NTqLvV6P+ZAE+fv8DXOz4Gt885oEfujtD11aOkkvj8P2xO5x661FYWgV1qxpX+wZwd7QXXX9qgfquB+Tehos2oOttwaeq4zhx7BAarlzHnf\/2wNNPPQEn3nLS15CHi3efg++CAVw6dQQfH6F1p\/oVMqRW4eQfcnG0pg0jY4\/D7YfukAmXp\/EBaKrLUHpsP0rqOzBwWw83g6zZ53yZfk+N2hN0vCVo5slnEjrW+q+N42ZFJuyRiaGuqg5qWiZIY5NzT9pUF6BkMAgxbwTA1cXBWGjC8Qm4\/uhFyB0\/hfLEPfyIKMS0+ReMfVJGo2qcOdYIva8fXCflQJgYQNd5FU5VHEPhJ5\/iy0EdFngshavZjcPTyW9mkJcJm9oljBD9P3UIxw5Yb2+ooxr\/XlGOT4in2NwzhDEncf0QYq\/+26KzYjwED4myCCt2xMH78zyUfT7KyoiwqnNQOhyK2I1+rERAfz1yd0Rhr7IZ40tCsSnsOeCLYuyJiUKhWovOKhU6b7O6ZPKvf8bPC9Gi6UMVapV16GElohCFuJQVheRdeWi974OgiLV4lgSUFbs2I1mpxjCrNgUxdCXxiN2hQE3P9\/H8xm0IcBtAU04MotNU6Lp6EbWf9WLMULUH6s\/JzaQdIJkBdNP3NH1pkglpqzAeCSmZaBp0xLNhEXjeZRQth2KQ8I4KQ7ywY\/gLFVrayM38djxO97C6j2pxOiMKCYfV0LF6dC9NoyTX\/ptqDBMZrl\/ujqHzCiRvJ+HRVCXoSMikiIxC1hktnOQR2ETq6ch8GWU9NWcUfY8Ke5NyoB5xR8DGUCy5fxEfJG7G3io6Lsbt9qlxCxjrsV0m+sF2Y56fLpxFbZUWOtPKNliNk\/1Ej4LMb5JpLF6L2JdaUdZkPh6dpgCKn5mPfagpHamRqajt0qKl6iKu32eVKVQvt0ch45N26N1exvpXfYBrZciK3SyQlVEn21ttkBfF1nYHSXsx8SjVUH0z6mdpiqA9qseZZN7TytE5zvol98B0\/RAwG\/23UWdFob\/2t5SuHE\/igqNyuOMNzdw5YbpyS\/Q7VtO1Si4+OIn76Jox33r0LS54ywHu\/E2S\/6qO+1VYGPduzV1j3aYDXHAw+cz03ZF2bv+WYC48p5m7OsLKTKmzjIv\/5zAuNDiY+22Tqbyf+yjBWp7jrna2cuf\/wvqzkBoPbjJc47l+wWcjPVxBEukzLJgLzmmdLO84vYeUJXEFncL6d7lzOZvIZ2FccEIld4X\/mXCsLF0pT+JCt7zHVfWYl5v6Ds9t5b5iZedzyHUEbyLjE4xHS2QT\/NbU9dy8yL0bvJXL+09eHd1drkp5mDtn6ofNRXxJD6+OMV29cIALD9vLVRjkYZRpMBnvR1phvRxuXRi5djq3tIyOUThulgx6ZqNMpqXBVu63W8i1Hu9nZd+QsZRxrXwdudbM5e3ewf00agf3qw\/JnKsOcAX\/YZITq2+qO+PYqZ5N6fCNm6z\/o13cVdH6vLr2yMuOdluPbuWC36kzr\/eXSm7\/cdN3v+HO5xLdSyrmmgd5dWjqbzb2U26Sn3myV\/\/t0VmxNLOH1F8N5a8VyBamc7z4+x5xby+TlUosXbPoosAzPAVhoBvcalyiG9k+cdi0Utx91F0sxhmEIzk2ADKBB47F4UhNDGQZ25EtlsPPy4q7OlKPkxVA2K5EyF1YmQkHL4S9sxv+LGtEg9NH1HguIQ1hi1mRCQdnyGOzscHd1o0RDWpKtPB\/KxH+wn0w2vfPt+GxqmI03WFlFHk01ssF4\/EIxMqlvWj5M38eRjFm9pTTGf4RcZCzfroq89D+QgqS13kZC3jIlsUh60gaVvDkIQuNQ4gHyzBky1ZhxXgj2rWs4K8CCYGKMtHgFoeE15k3NKHGNYcAeJp0pJ94Dwk56PrBWkTHbIS8Lx9ZB4g32WPyMJwgX3IX6n5jzvrYE6EId4ee5Sm65jLUPhaJ7eE+07Y1qKyiV2hRVmW+NW+LvOxu977g+IXXWkS+zr470ojTVc7YEB8Bb2FjLgGIjA1Ed0kluoTeyyz0326dFTCzQbL0lG0H7+mVrhU1R\/JQKJYaBW4oHwc\/rN9JN7hTcZBuZMevNd8v4tHzRQtc14TCV2iMGLJ\/eFkgnDngKgkPPNbh1aUsL0QWgIDl7D1lUIuukUAEvbiIFQggk+IfOEMYYcLQlhcWTmjEDX0fscMyNQkBWX2C41MeWMjeT2OCGcIFgfinKHc07ItCdkk1NGTBMD9HRMIkzSj8VwdaaMsJMoFyenpYGhPpcyYX\/QHQNeUhq05OQgGe3twagLPPlDHRVOWjLzQNiohQyP1XISQpA9GCB6+OslEM3qDvZho7GetLq810lOql7GknDNJ9rGnzpIb+CS\/o\/qzBEKtPsUVe9rTruSYOK77KI2HVftRe0KBPeKSG6rHMC443xNpqQfv4IiweIbokfMg0K\/23T2eFzM0e0pOhSD5chFyxFGVhP4ghWxaN6GVOWLghBSKLkhkLZSKbfiYWOE9bSeYEF2c4srfTITfntE7JdSxgb0VwlFkwVqL04lKJiJE3pEp0uxDFJiujCW+Lim6Od\/j7OJhDVr37jSh4NwrRWzYgu0ILHc94yKzJWoC3hz1jmiMGVcjOVSNIQVZjwRw48hctYog93fjXtwhuAu9EiNWxP+o8zViNt1WKzI8xlbaMwtVh3GyPxlZ52dzu3wYi4YMiKMLc0VmTjj1bQhC9cz8u8Q2MXm3ZaShphI7IRC+2kWS3\/tuns0L+hr0+ROgG9+\/hKfNheXEciSJ0dWihJ665qIB6iVUmL3N66mgBEXhHO7rvkRVY1Mj0oovfKblGGVrQRaJZP1HjOo7uDupm23CkwdCWD1bum+15L+vIvAIQ8hZNRBF7q3EwPR65LsehWE36JVGfuoMMQj7DCjFH6HWWw3pRJgZQ+7t8DK3OQKowRCVL7J1hqvDGck9fObrOVaP71W3GcOVmNU7Xkdc3DR8b0A07Y\/Hz9N3MY9d3taOLvK40Zg16iZUpyOVHDHOA3e06uMN3dYQh0SfRmiIFslLy4VoYB1+qx1iF7QcT4WchwhBlVvr\/YDr7kJ6yCXDzmR7bCvANiYTnhQKcET06Mgr1yTIzt3hOWBqK9V71KLVwiFP3eTlOs70HAy4kXAu6jYoysuKwIjP6VTh9gb2fCRc5Vi7T4uQJC09A+tXQ9M\/ioM7EKLrbes32QRy9QrHpdS9oqCWl+0lrVmG4vBiXxTqe6EXtURW6RS\/KCpPKzfImSHuXrYX1IgxVZaJw8DUkvCmf7hU\/KYdzHwlpWHZhUAoSnqzH3ugNSN6xGdHxKixc7oeuNo1RrvQpUvcStucx09iJIaysZxkjvi+9BlldAWr5ejAJkbVaM6tDmHa1OygItxwWwS9qG\/xHNOimv6bweRk\/cTmL0mpxOeu05Pti+zp26\/+D6+zMBsnK79n+T3\/DtDgcu2KdUZESj8LL5IZifevvaFCbGYPcYT9YDw6FDKBh32Yk7Ku2Ysi8ELYnEbLyeCiULVOx+fhtdFWlY9dvboEswDyc4L89A0Ea8lmmikwyEz4JG\/ou50GRVEZCVBFP0HMJfIl\/d0Vrqk\/\/IZ5jbBxc6xRQZJm3NdyhQu47qThYyW4qe7hVj8J95LtVUwqt769HRVUv\/HyNXoHj8jgkLFcjNykdtR1Te0z66y0oJPIvJi6CbPLwmI0w5S48XI8hk07SuctSoGZM4OVQRGVC6C1B1tEBhO2MxBK9QCcNVb2wwrMdDaYbhXgOK3YVQVlYhIysI1B+\/D5ik3cj2aUa2WkK5JJ59d24ajIMc1yeiF2rLY09BqedA+BtLDKyNBIJqwcMxy2KeXqJe71QK1OxNyMfl0UOAM+Ize2OQ1OZiYz38qA23ezEQ+qiRtXFD95\/R\/J0rzbxNQwpY6A4ytNjppfv7VaguMlorPRt+UiNjkFxG23LXv1\/cJ21+kf+h6p+gWSl5cP7Iem10zYIrULPS8TWYaXSBpdOnYfINEBRSdxMVkTpq8vE75T1vI07J3ivS0Pqm044+S+pwOQ1kdVsVxSuR1jKa1EaE49KRCDjCHHnaZElrpOQJuPfcOk6EzDB0Sccybvj4FQeggxkm2\/yj6hRmpmOMxpitFmRo1sgIv81BfIvFEi+sBq5WfwNfHp2SYHsCjJZtItQXns3W1Cck4laXltYQG66rbsRHeoz+cRRczgEpU8VYa\/padMkxnE3vTL1mU5bjkPpBVBP\/njZJMMALDS59MST0hwnN6zpmgwY6yWTeq6GekKZ8lGjcB1\/Pgg3G6F8NxMNk3Ik7W3ORqxLPhQ2yoSOM6PaWEOIbywbI\/VkDlfDO3obfGfwvEURG7uTO\/zfTENsgAbZsc1YU5TBe9JIPJaqPBz8yFwvZX5rsfPtOMgndd1OednaLjFAlw+Tm71myvM16VuIz5SxN5xc359vrsfEaIUk7UakP9ONC+lIyGmBPOU4kl9h37VX\/23UWTG+tf\/riJ6siFQ8TiToN9vEtAdiuXUTZIJt3b+lv2ymEnYksbKVjetJqHdJD9A5kD5s7YSuhGLjMbVFFdLF9g1na5hkaIj9LTVJZcTuygeSNQ\/6FwLG6Tit9cvHkkysQULBS8pK6IK3md2UdiE29o58bN81jmTBQmnCJpnOApvatVVHTHpsQS\/1ZMyOYp3MVv\/t0Fnpv0GS+E5DfyJT06SF\/u9\/DPkSGr8AYzfa0Xn1Drzf+CWChOfFxnvRkFsAfVTatLNC1GNRH4hC7kQKlG8HWnn6JDFbJIMk8f8HusL\/z0zeKgnXDscgo2ERgrYS7yrAD66PAl\/3X0RjUSEq+wOhOEC8o9mEghIzIhkkCQkRhi4XoPCYCu29xn0QRxcvPBcah+jNpv0zib8GkkGSkJCYN8yPc0gSEhISBMkgSUhIzBskgyQhITFPAP4XX5VoPeIzq60AAAAASUVORK5CYII=\" alt=\"\"><br>&nbsp;Tel: 0421-565610<\/p>\n<p>Dar\u00fcber hinaus weisen wir darauf hin, dass diese Erl\u00e4uterungen zum Datenschutz einer st\u00e4ndigen Anpassung an die aktuellen Erfordernisse unterliegen.<br><strong><br><\/strong>\u00a9 www.genese.de GmbH, Status: 24 November 2023<strong><br><\/strong><\/p>\n<p><\/p>\t\t\t\t\t\t\t\t<\/div>\n\t\t\t\t<\/div>\n\t\t\t\t\t<\/div>\n\t\t\t\t<\/div>\n\t\t\t\t<\/div>","protected":false},"excerpt":{"rendered":"<p>Data protection Data protection: Your right &#8211; our obligation You can rely on the protection and security of your personal data: Protecting your privacy when processing personal data is an important concern for www.genese.de GmbH, which we take into account in all our business processes. We would therefore like to take this opportunity to explain &hellip;<\/p>\n<p class=\"read-more\"> <a class=\"\" href=\"https:\/\/www.genese.de\/de\/privacy-policy\/\"> <span class=\"screen-reader-text\">Privacy Policy<\/span> Weiterlesen &raquo;<\/a><\/p>","protected":false},"author":1,"featured_media":0,"parent":0,"menu_order":0,"comment_status":"closed","ping_status":"open","template":"","meta":{"_acf_changed":false,"site-sidebar-layout":"default","site-content-layout":"","ast-site-content-layout":"","site-content-style":"default","site-sidebar-style":"default","ast-global-header-display":"","ast-banner-title-visibility":"","ast-main-header-display":"","ast-hfb-above-header-display":"","ast-hfb-below-header-display":"","ast-hfb-mobile-header-display":"","site-post-title":"","ast-breadcrumbs-content":"","ast-featured-img":"","footer-sml-layout":"","theme-transparent-header-meta":"","adv-header-id-meta":"","stick-header-meta":"","header-above-stick-meta":"","header-main-stick-meta":"","header-below-stick-meta":"","astra-migrate-meta-layouts":"","footnotes":""},"class_list":["post-3","page","type-page","status-publish","hentry"],"acf":[],"_links":{"self":[{"href":"https:\/\/www.genese.de\/de\/wp-json\/wp\/v2\/pages\/3","targetHints":{"allow":["GET"]}}],"collection":[{"href":"https:\/\/www.genese.de\/de\/wp-json\/wp\/v2\/pages"}],"about":[{"href":"https:\/\/www.genese.de\/de\/wp-json\/wp\/v2\/types\/page"}],"author":[{"embeddable":true,"href":"https:\/\/www.genese.de\/de\/wp-json\/wp\/v2\/users\/1"}],"replies":[{"embeddable":true,"href":"https:\/\/www.genese.de\/de\/wp-json\/wp\/v2\/comments?post=3"}],"version-history":[{"count":31,"href":"https:\/\/www.genese.de\/de\/wp-json\/wp\/v2\/pages\/3\/revisions"}],"predecessor-version":[{"id":4841,"href":"https:\/\/www.genese.de\/de\/wp-json\/wp\/v2\/pages\/3\/revisions\/4841"}],"wp:attachment":[{"href":"https:\/\/www.genese.de\/de\/wp-json\/wp\/v2\/media?parent=3"}],"curies":[{"name":"wp","href":"https:\/\/api.w.org\/{rel}","templated":true}]}}