{"id":633,"date":"2023-10-17T13:22:08","date_gmt":"2023-10-17T13:22:08","guid":{"rendered":"http:\/\/localhost\/wp\/genese\/?page_id=633"},"modified":"2026-04-28T09:34:51","modified_gmt":"2026-04-28T09:34:51","slug":"about-us","status":"publish","type":"page","link":"https:\/\/www.genese.de\/de\/about-us\/","title":{"rendered":"\u00dcber uns"},"content":{"rendered":"<div data-elementor-type=\"wp-page\" data-elementor-id=\"633\" class=\"elementor elementor-633\">\n\t\t\t\t<div class=\"elementor-element elementor-element-dcbc5cc e-flex e-con-boxed e-con e-parent\" data-id=\"dcbc5cc\" data-element_type=\"container\" data-e-type=\"container\">\n\t\t\t\t\t<div class=\"e-con-inner\">\n\t\t\t\t<div class=\"elementor-element elementor-element-48deb33 elementor-widget elementor-widget-heading\" data-id=\"48deb33\" data-element_type=\"widget\" data-e-type=\"widget\" data-widget_type=\"heading.default\">\n\t\t\t\t<div class=\"elementor-widget-container\">\n\t\t\t\t\t<h2 class=\"elementor-heading-title elementor-size-default\">\u00dcber uns<\/h2>\t\t\t\t<\/div>\n\t\t\t\t<\/div>\n\t\t\t\t<div class=\"elementor-element elementor-element-431d88f elementor-widget__width-initial elementor-widget elementor-widget-text-editor\" data-id=\"431d88f\" data-element_type=\"widget\" data-e-type=\"widget\" data-widget_type=\"text-editor.default\">\n\t\t\t\t<div class=\"elementor-widget-container\">\n\t\t\t\t\t\t\t\t\tMit Konzentration auf die Kernkompetenzen \u00fcberzeugen wir als innovatives Softwarehaus unsere Kunden seit 1992 mit zukunftsorientierten Konzepten \u2013 und wir entwickeln uns stetig weiter! Unser Ziel ist es, den Anspruch unserer Kunden mit Engagement und Herz gerecht zu werden, sowohl in der Arbeit f\u00fcr den Kunden als auch im t\u00e4glichen Miteinander.\t\t\t\t\t\t\t\t<\/div>\n\t\t\t\t<\/div>\n\t\t\t\t\t<\/div>\n\t\t\t\t<\/div>\n\t\t<div class=\"elementor-element elementor-element-15156c0 e-flex e-con-boxed e-con e-parent\" data-id=\"15156c0\" data-element_type=\"container\" data-e-type=\"container\">\n\t\t\t\t\t<div class=\"e-con-inner\">\n\t\t\t\t<div class=\"elementor-element elementor-element-a8a5cf6 elementor-widget elementor-widget-image\" data-id=\"a8a5cf6\" data-element_type=\"widget\" data-e-type=\"widget\" data-widget_type=\"image.default\">\n\t\t\t\t<div class=\"elementor-widget-container\">\n\t\t\t\t\t\t\t\t\t\t\t\t\t\t\t<img fetchpriority=\"high\" decoding=\"async\" width=\"1024\" height=\"391\" src=\"https:\/\/www.genese.de\/wp-content\/uploads\/2023\/10\/about-company-1024x391.png\" class=\"attachment-large size-large wp-image-648\" alt=\"\" srcset=\"https:\/\/www.genese.de\/wp-content\/uploads\/2023\/10\/about-company-1024x391.png 1024w, https:\/\/www.genese.de\/wp-content\/uploads\/2023\/10\/about-company-300x114.png 300w, https:\/\/www.genese.de\/wp-content\/uploads\/2023\/10\/about-company-768x293.png 768w, https:\/\/www.genese.de\/wp-content\/uploads\/2023\/10\/about-company-1536x586.png 1536w, https:\/\/www.genese.de\/wp-content\/uploads\/2023\/10\/about-company-2048x781.png 2048w\" sizes=\"(max-width: 1024px) 100vw, 1024px\" \/>\t\t\t\t\t\t\t\t\t\t\t\t\t\t\t<\/div>\n\t\t\t\t<\/div>\n\t\t\t\t\t<\/div>\n\t\t\t\t<\/div>\n\t\t<div class=\"elementor-element elementor-element-25993e4 e-flex e-con-boxed e-con e-parent\" data-id=\"25993e4\" data-element_type=\"container\" data-e-type=\"container\">\n\t\t\t\t\t<div class=\"e-con-inner\">\n\t\t<div class=\"elementor-element elementor-element-bdf6deb e-con-full e-flex e-con e-child\" data-id=\"bdf6deb\" data-element_type=\"container\" data-e-type=\"container\">\n\t\t<div class=\"elementor-element elementor-element-5f8521a e-flex e-con-boxed e-con e-child\" data-id=\"5f8521a\" data-element_type=\"container\" data-e-type=\"container\">\n\t\t\t\t\t<div class=\"e-con-inner\">\n\t\t\t\t<div class=\"elementor-element elementor-element-40fdf76 elementor-widget elementor-widget-heading\" data-id=\"40fdf76\" data-element_type=\"widget\" data-e-type=\"widget\" data-widget_type=\"heading.default\">\n\t\t\t\t<div class=\"elementor-widget-container\">\n\t\t\t\t\t<h2 class=\"elementor-heading-title elementor-size-default\">400+<\/h2>\t\t\t\t<\/div>\n\t\t\t\t<\/div>\n\t\t\t\t<div class=\"elementor-element elementor-element-3d3c3ab elementor-widget elementor-widget-heading\" data-id=\"3d3c3ab\" data-element_type=\"widget\" data-e-type=\"widget\" data-widget_type=\"heading.default\">\n\t\t\t\t<div class=\"elementor-widget-container\">\n\t\t\t\t\t<h2 class=\"elementor-heading-title elementor-size-default\">Projekte Kanzleien<\/h2>\t\t\t\t<\/div>\n\t\t\t\t<\/div>\n\t\t\t\t<div class=\"elementor-element elementor-element-fe014bf elementor-widget elementor-widget-text-editor\" data-id=\"fe014bf\" data-element_type=\"widget\" data-e-type=\"widget\" data-widget_type=\"text-editor.default\">\n\t\t\t\t<div class=\"elementor-widget-container\">\n\t\t\t\t\t\t\t\t\t<p>Seit der Firmengr\u00fcndung schauen wir auf mehrere Hundert erfolgreich umgesetzte Projekte innerhalb Patentanwaltskanzleien zur\u00fcck.<\/p>\t\t\t\t\t\t\t\t<\/div>\n\t\t\t\t<\/div>\n\t\t\t\t\t<\/div>\n\t\t\t\t<\/div>\n\t\t\t\t<\/div>\n\t\t<div class=\"elementor-element elementor-element-5710ce3 e-con-full e-flex e-con e-child\" data-id=\"5710ce3\" data-element_type=\"container\" data-e-type=\"container\">\n\t\t<div class=\"elementor-element elementor-element-1f67ed7 e-flex e-con-boxed e-con e-child\" data-id=\"1f67ed7\" data-element_type=\"container\" data-e-type=\"container\">\n\t\t\t\t\t<div class=\"e-con-inner\">\n\t\t\t\t<div class=\"elementor-element elementor-element-320204f elementor-widget elementor-widget-heading\" data-id=\"320204f\" data-element_type=\"widget\" data-e-type=\"widget\" data-widget_type=\"heading.default\">\n\t\t\t\t<div class=\"elementor-widget-container\">\n\t\t\t\t\t<h2 class=\"elementor-heading-title elementor-size-default\">200+<\/h2>\t\t\t\t<\/div>\n\t\t\t\t<\/div>\n\t\t\t\t<div class=\"elementor-element elementor-element-2fd0280 elementor-widget elementor-widget-heading\" data-id=\"2fd0280\" data-element_type=\"widget\" data-e-type=\"widget\" data-widget_type=\"heading.default\">\n\t\t\t\t<div class=\"elementor-widget-container\">\n\t\t\t\t\t<h2 class=\"elementor-heading-title elementor-size-default\">Projekte Industrie<\/h2>\t\t\t\t<\/div>\n\t\t\t\t<\/div>\n\t\t\t\t<div class=\"elementor-element elementor-element-a0c7377 elementor-widget elementor-widget-text-editor\" data-id=\"a0c7377\" data-element_type=\"widget\" data-e-type=\"widget\" data-widget_type=\"text-editor.default\">\n\t\t\t\t<div class=\"elementor-widget-container\">\n\t\t\t\t\t\t\t\t\t<p>Auch im Industriesektor sind wir Ihr bew\u00e4hrter Partner f\u00fcr herausragende Leistungen in den Patentabteilungen f\u00fchrender Unternehmen.<\/p>\t\t\t\t\t\t\t\t<\/div>\n\t\t\t\t<\/div>\n\t\t\t\t\t<\/div>\n\t\t\t\t<\/div>\n\t\t\t\t<\/div>\n\t\t<div class=\"elementor-element elementor-element-0b3e751 e-con-full e-flex e-con e-child\" data-id=\"0b3e751\" data-element_type=\"container\" data-e-type=\"container\">\n\t\t<div class=\"elementor-element elementor-element-d5e6cff e-flex e-con-boxed e-con e-child\" data-id=\"d5e6cff\" data-element_type=\"container\" data-e-type=\"container\">\n\t\t\t\t\t<div class=\"e-con-inner\">\n\t\t\t\t<div class=\"elementor-element elementor-element-2c688de elementor-widget elementor-widget-heading\" data-id=\"2c688de\" data-element_type=\"widget\" data-e-type=\"widget\" data-widget_type=\"heading.default\">\n\t\t\t\t<div class=\"elementor-widget-container\">\n\t\t\t\t\t<h2 class=\"elementor-heading-title elementor-size-default\">100%<\/h2>\t\t\t\t<\/div>\n\t\t\t\t<\/div>\n\t\t\t\t<div class=\"elementor-element elementor-element-e8f7262 elementor-widget elementor-widget-heading\" data-id=\"e8f7262\" data-element_type=\"widget\" data-e-type=\"widget\" data-widget_type=\"heading.default\">\n\t\t\t\t<div class=\"elementor-widget-container\">\n\t\t\t\t\t<h2 class=\"elementor-heading-title elementor-size-default\">Digitales Arbeiten<\/h2>\t\t\t\t<\/div>\n\t\t\t\t<\/div>\n\t\t\t\t<div class=\"elementor-element elementor-element-88d246d elementor-widget elementor-widget-text-editor\" data-id=\"88d246d\" data-element_type=\"widget\" data-e-type=\"widget\" data-widget_type=\"text-editor.default\">\n\t\t\t\t<div class=\"elementor-widget-container\">\n\t\t\t\t\t\t\t\t\t<p>Wir l\u00f6sen mit Ihnen zusammen den \"Papierstau\" und schaffen einen vollkommen digitalen Arbeitsplatz f\u00fcr Sie.<\/p>\t\t\t\t\t\t\t\t<\/div>\n\t\t\t\t<\/div>\n\t\t\t\t\t<\/div>\n\t\t\t\t<\/div>\n\t\t\t\t<\/div>\n\t\t<div class=\"elementor-element elementor-element-1d84873 e-con-full e-flex e-con e-child\" data-id=\"1d84873\" data-element_type=\"container\" data-e-type=\"container\">\n\t\t<div class=\"elementor-element elementor-element-0d0ba03 e-flex e-con-boxed e-con e-child\" data-id=\"0d0ba03\" data-element_type=\"container\" data-e-type=\"container\">\n\t\t\t\t\t<div class=\"e-con-inner\">\n\t\t\t\t<div class=\"elementor-element elementor-element-7bcc24d elementor-widget elementor-widget-heading\" data-id=\"7bcc24d\" data-element_type=\"widget\" data-e-type=\"widget\" data-widget_type=\"heading.default\">\n\t\t\t\t<div class=\"elementor-widget-container\">\n\t\t\t\t\t<h2 class=\"elementor-heading-title elementor-size-default\">20+<\/h2>\t\t\t\t<\/div>\n\t\t\t\t<\/div>\n\t\t\t\t<div class=\"elementor-element elementor-element-fb17cd1 elementor-widget elementor-widget-heading\" data-id=\"fb17cd1\" data-element_type=\"widget\" data-e-type=\"widget\" data-widget_type=\"heading.default\">\n\t\t\t\t<div class=\"elementor-widget-container\">\n\t\t\t\t\t<h2 class=\"elementor-heading-title elementor-size-default\">Schnittstellen<\/h2>\t\t\t\t<\/div>\n\t\t\t\t<\/div>\n\t\t\t\t<div class=\"elementor-element elementor-element-d1c0cea elementor-widget elementor-widget-text-editor\" data-id=\"d1c0cea\" data-element_type=\"widget\" data-e-type=\"widget\" data-widget_type=\"text-editor.default\">\n\t\t\t\t<div class=\"elementor-widget-container\">\n\t\t\t\t\t\t\t\t\tDank unserer API bleiben Sie mit Genese vollvernetzt und m\u00fcssen auf keine bereits genutzte Anwendung verzichten. Eine direkte Kommunikation mit den relevanten \u00c4mtern ist auch m\u00f6glich.\t\t\t\t\t\t\t\t<\/div>\n\t\t\t\t<\/div>\n\t\t\t\t\t<\/div>\n\t\t\t\t<\/div>\n\t\t\t\t<\/div>\n\t\t\t\t\t<\/div>\n\t\t\t\t<\/div>\n\t\t<div class=\"elementor-element elementor-element-e774e7c e-flex e-con-boxed e-con e-parent\" data-id=\"e774e7c\" data-element_type=\"container\" data-e-type=\"container\">\n\t\t\t\t\t<div class=\"e-con-inner\">\n\t\t\t\t\t<\/div>\n\t\t\t\t<\/div>\n\t\t<div class=\"elementor-element elementor-element-f00ed67 e-flex e-con-boxed e-con e-parent\" data-id=\"f00ed67\" data-element_type=\"container\" data-e-type=\"container\">\n\t\t\t\t\t<div class=\"e-con-inner\">\n\t\t<div class=\"elementor-element elementor-element-4c569f6 e-con-full e-flex e-con e-child\" data-id=\"4c569f6\" data-element_type=\"container\" data-e-type=\"container\">\n\t\t\t\t<div class=\"elementor-element elementor-element-c9fa82f elementor-widget elementor-widget-heading\" data-id=\"c9fa82f\" data-element_type=\"widget\" data-e-type=\"widget\" data-widget_type=\"heading.default\">\n\t\t\t\t<div class=\"elementor-widget-container\">\n\t\t\t\t\t<h2 class=\"elementor-heading-title elementor-size-default\">Unsere Mission<\/h2>\t\t\t\t<\/div>\n\t\t\t\t<\/div>\n\t\t\t\t<div class=\"elementor-element elementor-element-b8dbdab elementor-widget elementor-widget-heading\" data-id=\"b8dbdab\" data-element_type=\"widget\" data-e-type=\"widget\" data-widget_type=\"heading.default\">\n\t\t\t\t<div class=\"elementor-widget-container\">\n\t\t\t\t\t<h2 class=\"elementor-heading-title elementor-size-default\">Durch innovative Softwarel\u00f6sungen <span class=\"about-colored-heading\">die Zukunft gestalten<\/span><\/h2>\t\t\t\t<\/div>\n\t\t\t\t<\/div>\n\t\t\t\t<div class=\"elementor-element elementor-element-9bd81a6 elementor-widget elementor-widget-text-editor\" data-id=\"9bd81a6\" data-element_type=\"widget\" data-e-type=\"widget\" data-widget_type=\"text-editor.default\">\n\t\t\t\t<div class=\"elementor-widget-container\">\n\t\t\t\t\t\t\t\t\t<p>\"Wir sind fest davon \u00fcberzeugt, dass der Schl\u00fcssel zum Erfolg darin liegt, unsere Kunden in den Mittelpunkt unseres Handelns zu stellen und ma\u00dfgeschneiderte IP-Management-Software zu liefern, die ihren individuellen Anforderungen entspricht.\"<\/p>\t\t\t\t\t\t\t\t<\/div>\n\t\t\t\t<\/div>\n\t\t\t\t<\/div>\n\t\t<div class=\"elementor-element elementor-element-7b43d27 e-con-full e-flex e-con e-child\" data-id=\"7b43d27\" data-element_type=\"container\" data-e-type=\"container\">\n\t\t\t\t<div class=\"elementor-element elementor-element-bc5291b elementor-widget elementor-widget-image\" data-id=\"bc5291b\" data-element_type=\"widget\" data-e-type=\"widget\" data-widget_type=\"image.default\">\n\t\t\t\t<div class=\"elementor-widget-container\">\n\t\t\t\t\t\t\t\t\t\t\t\t\t\t\t<img decoding=\"async\" width=\"483\" height=\"450\" src=\"https:\/\/www.genese.de\/wp-content\/uploads\/2023\/12\/about-person.png\" class=\"attachment-large size-large wp-image-4562\" alt=\"\" srcset=\"https:\/\/www.genese.de\/wp-content\/uploads\/2023\/12\/about-person.png 483w, https:\/\/www.genese.de\/wp-content\/uploads\/2023\/12\/about-person-300x280.png 300w, https:\/\/www.genese.de\/wp-content\/uploads\/2023\/12\/about-person-13x12.png 13w\" sizes=\"(max-width: 483px) 100vw, 483px\" \/>\t\t\t\t\t\t\t\t\t\t\t\t\t\t\t<\/div>\n\t\t\t\t<\/div>\n\t\t\t\t<\/div>\n\t\t\t\t\t<\/div>\n\t\t\t\t<\/div>\n\t\t<div class=\"elementor-element elementor-element-f1b9dc3 e-flex e-con-boxed e-con e-parent\" data-id=\"f1b9dc3\" data-element_type=\"container\" data-e-type=\"container\">\n\t\t\t\t\t<div class=\"e-con-inner\">\n\t\t<div class=\"elementor-element elementor-element-3dead0e e-con-full e-flex e-con e-child\" data-id=\"3dead0e\" data-element_type=\"container\" data-e-type=\"container\">\n\t\t\t\t<div class=\"elementor-element elementor-element-e0f7845 elementor-widget elementor-widget-heading\" data-id=\"e0f7845\" data-element_type=\"widget\" data-e-type=\"widget\" data-widget_type=\"heading.default\">\n\t\t\t\t<div class=\"elementor-widget-container\">\n\t\t\t\t\t<h2 class=\"elementor-heading-title elementor-size-default\">Unsere Philosophie<\/h2>\t\t\t\t<\/div>\n\t\t\t\t<\/div>\n\t\t\t\t<div class=\"elementor-element elementor-element-f71f065 elementor-widget elementor-widget-heading\" data-id=\"f71f065\" data-element_type=\"widget\" data-e-type=\"widget\" data-widget_type=\"heading.default\">\n\t\t\t\t<div class=\"elementor-widget-container\">\n\t\t\t\t\t<h2 class=\"elementor-heading-title elementor-size-default\">Innovation seit<span class=\"about-colored-heading\"> 1992<\/span><\/h2>\t\t\t\t<\/div>\n\t\t\t\t<\/div>\n\t\t\t\t<div class=\"elementor-element elementor-element-72944ac elementor-widget elementor-widget-text-editor\" data-id=\"72944ac\" data-element_type=\"widget\" data-e-type=\"widget\" data-widget_type=\"text-editor.default\">\n\t\t\t\t<div class=\"elementor-widget-container\">\n\t\t\t\t\t\t\t\t\t<strong>Tradition und operative Entwicklung:<\/strong> Flache Hierarchien, hohe Kompetenz und \u00fcber 30 Jahre Markterfahrung in der IP-Branche zeichnen uns aus.\t\t\t\t\t\t\t\t<\/div>\n\t\t\t\t<\/div>\n\t\t\t\t<div class=\"elementor-element elementor-element-3094605 elementor-widget elementor-widget-text-editor\" data-id=\"3094605\" data-element_type=\"widget\" data-e-type=\"widget\" data-widget_type=\"text-editor.default\">\n\t\t\t\t<div class=\"elementor-widget-container\">\n\t\t\t\t\t\t\t\t\t<strong>Qualit\u00e4t ohne Kompromisse:<\/strong> Wir verpflichten uns zur h\u00f6chsten Qualit\u00e4t in jedem Aspekt unserer Softwareentwicklung, von der Planung bis zur Auslieferung und der nachfolgenden Betreuung.\t\t\t\t\t\t\t\t<\/div>\n\t\t\t\t<\/div>\n\t\t\t\t<div class=\"elementor-element elementor-element-69661a4 elementor-widget elementor-widget-text-editor\" data-id=\"69661a4\" data-element_type=\"widget\" data-e-type=\"widget\" data-widget_type=\"text-editor.default\">\n\t\t\t\t<div class=\"elementor-widget-container\">\n\t\t\t\t\t\t\t\t\t<strong>Kundenorientierung:<\/strong> Unsere Kunden stehen bei allem, was wir tun, im Mittelpunkt, und wir streben danach, ihre Bed\u00fcrfnisse und Erwartungen zu \u00fcbertreffen.\t\t\t\t\t\t\t\t<\/div>\n\t\t\t\t<\/div>\n\t\t\t\t<div class=\"elementor-element elementor-element-19d8ef6 elementor-widget elementor-widget-text-editor\" data-id=\"19d8ef6\" data-element_type=\"widget\" data-e-type=\"widget\" data-widget_type=\"text-editor.default\">\n\t\t\t\t<div class=\"elementor-widget-container\">\n\t\t\t\t\t\t\t\t\t<strong>Agilit\u00e4t und Anpassungsf\u00e4higkeit:<\/strong> Wir sind bestrebt, agil und flexibel zu sein, um sich \u00e4ndernde Marktanforderungen schnell zu erf\u00fcllen.\t\t\t\t\t\t\t\t<\/div>\n\t\t\t\t<\/div>\n\t\t\t\t<\/div>\n\t\t<div class=\"elementor-element elementor-element-59ade9b e-con-full e-flex e-con e-child\" data-id=\"59ade9b\" data-element_type=\"container\" data-e-type=\"container\">\n\t\t\t\t<div class=\"elementor-element elementor-element-b4e4113 elementor-widget elementor-widget-image\" data-id=\"b4e4113\" data-element_type=\"widget\" data-e-type=\"widget\" data-widget_type=\"image.default\">\n\t\t\t\t<div class=\"elementor-widget-container\">\n\t\t\t\t\t\t\t\t\t\t\t\t\t\t\t<img decoding=\"async\" width=\"486\" height=\"528\" src=\"https:\/\/www.genese.de\/wp-content\/uploads\/2023\/10\/philosophy.png\" class=\"attachment-large size-large wp-image-776\" alt=\"\" srcset=\"https:\/\/www.genese.de\/wp-content\/uploads\/2023\/10\/philosophy.png 486w, https:\/\/www.genese.de\/wp-content\/uploads\/2023\/10\/philosophy-276x300.png 276w\" sizes=\"(max-width: 486px) 100vw, 486px\" \/>\t\t\t\t\t\t\t\t\t\t\t\t\t\t\t<\/div>\n\t\t\t\t<\/div>\n\t\t\t\t<\/div>\n\t\t\t\t\t<\/div>\n\t\t\t\t<\/div>\n\t\t<div class=\"elementor-element elementor-element-2597655 e-flex e-con-boxed e-con e-parent\" data-id=\"2597655\" data-element_type=\"container\" data-e-type=\"container\">\n\t\t\t\t\t<div class=\"e-con-inner\">\n\t\t<div class=\"elementor-element elementor-element-bc06286 e-con-full e-flex e-con e-child\" data-id=\"bc06286\" data-element_type=\"container\" data-e-type=\"container\">\n\t\t\t\t<div class=\"elementor-element elementor-element-6929db4 elementor-widget elementor-widget-heading\" data-id=\"6929db4\" data-element_type=\"widget\" data-e-type=\"widget\" data-widget_type=\"heading.default\">\n\t\t\t\t<div class=\"elementor-widget-container\">\n\t\t\t\t\t<h2 class=\"elementor-heading-title elementor-size-default\">Besuchen Sie uns in <span class=\"about-colored-heading\">unserem B\u00fcro<\/span><\/h2>\t\t\t\t<\/div>\n\t\t\t\t<\/div>\n\t\t<div class=\"elementor-element elementor-element-e3b22c4 e-flex e-con-boxed e-con e-child\" data-id=\"e3b22c4\" data-element_type=\"container\" data-e-type=\"container\">\n\t\t\t\t\t<div class=\"e-con-inner\">\n\t\t<div class=\"elementor-element elementor-element-2af63f0 e-con-full e-flex e-con e-child\" data-id=\"2af63f0\" data-element_type=\"container\" data-e-type=\"container\">\n\t\t\t\t<div class=\"elementor-element elementor-element-1540e77 elementor-widget elementor-widget-heading\" data-id=\"1540e77\" data-element_type=\"widget\" data-e-type=\"widget\" data-widget_type=\"heading.default\">\n\t\t\t\t<div class=\"elementor-widget-container\">\n\t\t\t\t\t<h2 class=\"elementor-heading-title elementor-size-default\">Hauptsitz<\/h2>\t\t\t\t<\/div>\n\t\t\t\t<\/div>\n\t\t\t\t<div class=\"elementor-element elementor-element-c231580 elementor-widget elementor-widget-text-editor\" data-id=\"c231580\" data-element_type=\"widget\" data-e-type=\"widget\" data-widget_type=\"text-editor.default\">\n\t\t\t\t<div class=\"elementor-widget-container\">\n\t\t\t\t\t\t\t\t\tLeerk\u00e4mpe 7<br>\n28259 Bremen\t\t\t\t\t\t\t\t<\/div>\n\t\t\t\t<\/div>\n\t\t\t\t<div class=\"elementor-element elementor-element-16e6a42 elementor-widget elementor-widget-text-editor\" data-id=\"16e6a42\" data-element_type=\"widget\" data-e-type=\"widget\" data-widget_type=\"text-editor.default\">\n\t\t\t\t<div class=\"elementor-widget-container\">\n\t\t\t\t\t\t\t\t\t<p>Tel: +49-421-56561-0<br \/>Fax: +49-421-56561-56<br \/>Email: mail@genese.de<\/p>\t\t\t\t\t\t\t\t<\/div>\n\t\t\t\t<\/div>\n\t\t\t\t<\/div>\n\t\t<div class=\"elementor-element elementor-element-6697361 e-con-full e-flex e-con e-child\" data-id=\"6697361\" data-element_type=\"container\" data-e-type=\"container\">\n\t\t\t\t<div class=\"elementor-element elementor-element-9b3209a elementor-widget elementor-widget-heading\" data-id=\"9b3209a\" data-element_type=\"widget\" data-e-type=\"widget\" data-widget_type=\"heading.default\">\n\t\t\t\t<div class=\"elementor-widget-container\">\n\t\t\t\t\t<h2 class=\"elementor-heading-title elementor-size-default\">Vertrieb + Consulting<\/h2>\t\t\t\t<\/div>\n\t\t\t\t<\/div>\n\t\t\t\t<div class=\"elementor-element elementor-element-b1f53c5 elementor-widget elementor-widget-text-editor\" data-id=\"b1f53c5\" data-element_type=\"widget\" data-e-type=\"widget\" data-widget_type=\"text-editor.default\">\n\t\t\t\t<div class=\"elementor-widget-container\">\n\t\t\t\t\t\t\t\t\t<p>B\u00fcro M\u00fcnchen<br \/>Tel.: +49-89-43717842<br \/>E-Mail: muenchen@genese.de<\/p>\t\t\t\t\t\t\t\t<\/div>\n\t\t\t\t<\/div>\n\t\t\t\t<\/div>\n\t\t\t\t\t<\/div>\n\t\t\t\t<\/div>\n\t\t\t\t<\/div>\n\t\t<div class=\"elementor-element elementor-element-4d26601 e-con-full e-flex e-con e-child\" data-id=\"4d26601\" data-element_type=\"container\" data-e-type=\"container\">\n\t\t\t\t<div class=\"elementor-element elementor-element-5aef765 elementor-widget elementor-widget-google_maps\" data-id=\"5aef765\" data-element_type=\"widget\" data-e-type=\"widget\" data-widget_type=\"google_maps.default\">\n\t\t\t\t<div class=\"elementor-widget-container\">\n\t\t\t\t\t\t\t<div class=\"elementor-custom-embed\">\n\t\t\t<iframe loading=\"lazy\"\n\t\t\t\t\tsrc=\"https:\/\/maps.google.com\/maps?q=Bremen%2C%20Leerk%C3%A4mpe%207&#038;t=m&#038;z=10&#038;output=embed&#038;iwloc=near\"\n\t\t\t\t\ttitle=\"Bremen, Leerk\u00e4mpe 7\"\n\t\t\t\t\taria-label=\"Bremen, Leerk\u00e4mpe 7\"\n\t\t\t><\/iframe>\n\t\t<\/div>\n\t\t\t\t\t\t<\/div>\n\t\t\t\t<\/div>\n\t\t\t\t<\/div>\n\t\t\t\t\t<\/div>\n\t\t\t\t<\/div>\n\t\t\t\t<\/div>","protected":false},"excerpt":{"rendered":"<p>About us As an innovative software company focussing on our core competencies, we have been convincing our customers with future-oriented concepts since 1992 &#8211; and we are constantly evolving! Our aim is to fulfil our customers&#8217; requirements with commitment and passion, both in our work for the customer and in our day-to-day cooperation. 400+ Projects &hellip;<\/p>\n<p class=\"read-more\"> <a class=\"\" href=\"https:\/\/www.genese.de\/de\/about-us\/\"> <span class=\"screen-reader-text\">\u00dcber uns<\/span> Weiterlesen &raquo;<\/a><\/p>","protected":false},"author":1,"featured_media":0,"parent":0,"menu_order":0,"comment_status":"closed","ping_status":"closed","template":"","meta":{"_acf_changed":false,"site-sidebar-layout":"no-sidebar","site-content-layout":"","ast-site-content-layout":"full-width-container","site-content-style":"default","site-sidebar-style":"default","ast-global-header-display":"","ast-banner-title-visibility":"","ast-main-header-display":"","ast-hfb-above-header-display":"","ast-hfb-below-header-display":"","ast-hfb-mobile-header-display":"","site-post-title":"disabled","ast-breadcrumbs-content":"","ast-featured-img":"disabled","footer-sml-layout":"","theme-transparent-header-meta":"","adv-header-id-meta":"","stick-header-meta":"","header-above-stick-meta":"","header-main-stick-meta":"","header-below-stick-meta":"","astra-migrate-meta-layouts":"","footnotes":""},"class_list":["post-633","page","type-page","status-publish","hentry"],"acf":[],"_links":{"self":[{"href":"https:\/\/www.genese.de\/de\/wp-json\/wp\/v2\/pages\/633","targetHints":{"allow":["GET"]}}],"collection":[{"href":"https:\/\/www.genese.de\/de\/wp-json\/wp\/v2\/pages"}],"about":[{"href":"https:\/\/www.genese.de\/de\/wp-json\/wp\/v2\/types\/page"}],"author":[{"embeddable":true,"href":"https:\/\/www.genese.de\/de\/wp-json\/wp\/v2\/users\/1"}],"replies":[{"embeddable":true,"href":"https:\/\/www.genese.de\/de\/wp-json\/wp\/v2\/comments?post=633"}],"version-history":[{"count":305,"href":"https:\/\/www.genese.de\/de\/wp-json\/wp\/v2\/pages\/633\/revisions"}],"predecessor-version":[{"id":5562,"href":"https:\/\/www.genese.de\/de\/wp-json\/wp\/v2\/pages\/633\/revisions\/5562"}],"wp:attachment":[{"href":"https:\/\/www.genese.de\/de\/wp-json\/wp\/v2\/media?parent=633"}],"curies":[{"name":"wp","href":"https:\/\/api.w.org\/{rel}","templated":true}]}}